{"id":118215,"date":"2022-03-09T09:06:52","date_gmt":"2022-03-09T09:06:52","guid":{"rendered":"https:\/\/all-car-news.com\/autofinder\/volkswagen\/kia-xceed\/"},"modified":"2022-03-09T09:07:12","modified_gmt":"2022-03-09T09:07:12","slug":"kia-xceed","status":"publish","type":"page","link":"https:\/\/all-car-news.com\/de\/autofinder\/volkswagen\/kia-xceed\/","title":{"rendered":"Kia Xceed"},"content":{"rendered":"\n<p>2019 hat Kia seine Modellpalette um einen weiteren Crossover erweitert: den Xceed. Wie der Typname schon sagt, ist das Auto Teil der Ceed-Modellreihe. Neben dem regul\u00e4ren Flie\u00dfheck, dem regul\u00e4ren Kombi und dem coup\u00e9artigen Kombi gibt es jetzt auch dieses hohe Flie\u00dfheck, das ebenfalls eine etwas coup\u00e9hafte Dachlinie hat. In Bezug auf Abmessungen und Technik ist der Xceed dem regul\u00e4ren Ceed-Flie\u00dfheck am n\u00e4chsten.<\/p>\n\n<p>2019 hat Kia seine Modellpalette um einen weiteren Crossover erweitert: den Xceed. Wie der Typname schon sagt, ist das Auto Teil der Ceed-Modellreihe. Neben dem regul\u00e4ren Flie\u00dfheck, dem regul\u00e4ren Kombi und dem coup\u00e9artigen Kombi gibt es jetzt auch dieses hohe Flie\u00dfheck, das ebenfalls eine etwas coup\u00e9hafte Dachlinie hat. In Bezug auf Abmessungen und Technik ist der Xceed dem regul\u00e4ren Ceed-Flie\u00dfheck am n\u00e4chsten.<\/p>\n\n<h2 class=\"wp-block-heading\"><strong>Plug-in-Hybrid<\/strong><br\/><\/h2>\n\n<p>Von der Positionierung her ist der Xceed aber vor allem die sportlichere und emotionalere Alternative zum Niro. Der Xceed ist auch mit einem optionalen Plug-in-Hybrid-Antriebsstrang erh\u00e4ltlich. Hinzu kommt ein Diesel mit Mild-Hybrid-Technologie und die \u00fcbrige Motorenpalette besteht aus regul\u00e4ren Benzinern.<\/p>\n\n<h2 class=\"wp-block-heading\"><strong>Ausr\u00fcstung<\/strong><br\/><\/h2>\n\n<p>Kia bezeichnet den Xceed als eines der am reichsten ausgestatteten Autos seiner Klasse. Das mag durchaus stimmen, denn auf der Ausstattungs- und Optionsliste steht genug davon. Besonders hervorzuheben ist das neue UVO Connect. Das ist ein neues Infotainmentsystem mit eingebauter SIM-Karte. Das System verf\u00fcgt \u00fcber alle Arten von n\u00fctzlichen Echtzeitinformationen, beispielsweise f\u00fcr Navigation und Parken.<\/p>\n\n<h2 class=\"wp-block-heading\">Technisch<\/h2>\n\n<figure class=\"wp-block-table is-style-stripes\"><table class=\"has-fixed-layout\"><tbody><tr><td>Motortyp<\/td><td>Benzin, 3-Zylinder-Reihe<\/td><\/tr><tr><td>Verschiebung<\/td><td>998cm<\/td><\/tr><tr><td>max. Verm\u00f6genswerte<\/td><td>88 kW (120 PS)<\/td><\/tr><tr><td>Biene<\/td><td>6.000 U\/min<\/td><\/tr><tr><td>max. Paar<\/td><td>172 Nm<\/td><\/tr><tr><td>Biene<\/td><td>1.500 U\/min<\/td><\/tr><tr><td>Fahrt<\/td><td>Vorderreifen<\/td><\/tr><tr><td>Bremsen von\/a<\/td><td>gegeben Datentr\u00e4ger\/Scheiben<\/td><\/tr><tr><td>Leistungsbereich<\/td><td>88 bis 150 kW<\/td><\/tr><\/tbody><\/table><\/figure>\n\n<h2 class=\"wp-block-heading\">Allgemein<\/h2>\n\n<figure class=\"wp-block-table is-style-stripes\"><table class=\"has-fixed-layout\"><tbody><tr><td>\u00dcbertragung<\/td><td>6MT<\/td><\/tr><tr><td>K\u00f6rpertyp<\/td><td>5-tlg. Schr\u00e4gheck<\/td><\/tr><tr><td>Euro NCAP<\/td><td>nicht getestet<\/td><\/tr><tr><td>Markteinf\u00fchrung<\/td><td>Oktober 2019<\/td><\/tr><tr><td>Neustes Facelift<\/td><td>N \/ A<\/td><\/tr><tr><td>Garantie<\/td><td>7 Jahre<\/td><\/tr><tr><td>Vom Preis<\/td><td>29.995 \u20ac<\/td><\/tr><tr><td>Besonderheiten<\/td><td>Der Xceed ist ein komplett neuer Crossover auf Basis des Ceed-F\u00fcnft\u00fcrers.<\/td><\/tr><\/tbody><\/table><\/figure>\n\n<h2 class=\"wp-block-heading\">Ma\u00dfe\/Gewichte<\/h2>\n\n<figure class=\"wp-block-table is-style-stripes\"><table class=\"has-fixed-layout\"><tbody><tr><td>Reifengr\u00f6\u00dfe<\/td><td>225\/40 R18<\/td><\/tr><tr><td>L x B x H<\/td><td>4.395 x 1.826 x 1.495 mm<\/td><\/tr><tr><td>Radstand<\/td><td>2.650 mm<\/td><\/tr><tr><td>Masse leer<\/td><td>1.232 kg<\/td><\/tr><tr><td>max. gem. Gew.<\/td><td>1.200 kg<\/td><\/tr><tr><td>Forts. Tasche. Zimmer.<\/td><td>426 l<\/td><\/tr><tr><td>Tankinhalt<\/td><td>50 l<\/td><\/tr><\/tbody><\/table><\/figure>\n\n<h2 class=\"wp-block-heading\">Verbrauch<\/h2>\n\n<figure class=\"wp-block-table is-style-stripes\"><table class=\"has-fixed-layout\"><tbody><tr><td>Anschluss kombiniert<\/td><td>5,6l\/100km<\/td><\/tr><tr><td>CO\u2082-Emissionen<\/td><td>129g\/km<\/td><\/tr><tr><td>Energielabel<\/td><td>C<\/td><\/tr><\/tbody><\/table><\/figure>\n\n<h2 class=\"wp-block-heading\">Leistung<\/h2>\n\n<figure class=\"wp-block-table is-style-stripes\"><table class=\"has-fixed-layout\"><tbody><tr><td>gem. 0-100 km\/h<\/td><td>11,3 Sek<\/td><\/tr><tr><td>H\u00f6chstgeschwindigkeit<\/td><td>186 km\/h<\/td><\/tr><\/tbody><\/table><\/figure>\n","protected":false},"excerpt":{"rendered":"<p>2019 hat Kia seine Modellpalette um einen weiteren Crossover erweitert: den Xceed. Wie der Typname schon sagt, ist das Auto [&hellip;]<\/p>\n","protected":false},"author":4,"featured_media":118158,"parent":117700,"menu_order":0,"comment_status":"closed","ping_status":"closed","template":"","meta":{"footnotes":""},"class_list":["post-118215","page","type-page","status-publish","has-post-thumbnail","hentry"],"acf":[],"yoast_head":"<!-- This site is optimized with the Yoast SEO plugin v21.2 - https:\/\/yoast.com\/wordpress\/plugins\/seo\/ -->\n<title>Kia Xceed - All cars news<\/title>\n<meta name=\"robots\" content=\"index, follow, max-snippet:-1, max-image-preview:large, max-video-preview:-1\" \/>\n<link rel=\"canonical\" href=\"https:\/\/all-car-news.com\/de\/autofinder\/volkswagen\/kia-xceed\/\" \/>\n<meta property=\"og:locale\" content=\"de_DE\" \/>\n<meta property=\"og:type\" content=\"article\" \/>\n<meta property=\"og:title\" content=\"Kia Xceed - All cars news\" \/>\n<meta property=\"og:description\" content=\"2019 hat Kia seine Modellpalette um einen weiteren Crossover erweitert: den Xceed. Wie der Typname schon sagt, ist das Auto [&hellip;]\" \/>\n<meta property=\"og:url\" content=\"https:\/\/all-car-news.com\/de\/autofinder\/volkswagen\/kia-xceed\/\" \/>\n<meta property=\"og:site_name\" content=\"All cars news\" \/>\n<meta property=\"article:modified_time\" content=\"2022-03-09T09:07:12+00:00\" \/>\n<meta property=\"og:image\" content=\"https:\/\/all-car-news.com\/wp-content\/uploads\/2022\/03\/2019-Kia-XCeed-1.jpg\" \/>\n\t<meta property=\"og:image:width\" content=\"1600\" \/>\n\t<meta property=\"og:image:height\" content=\"1048\" \/>\n\t<meta property=\"og:image:type\" content=\"image\/jpeg\" \/>\n<meta name=\"twitter:card\" content=\"summary_large_image\" \/>\n<meta name=\"twitter:label1\" content=\"Gesch\u00e4tzte Lesezeit\" \/>\n\t<meta name=\"twitter:data1\" content=\"2\u00a0Minuten\" \/>\n<script type=\"application\/ld+json\" class=\"yoast-schema-graph\">{\"@context\":\"https:\/\/schema.org\",\"@graph\":[{\"@type\":\"WebPage\",\"@id\":\"https:\/\/all-car-news.com\/de\/autofinder\/volkswagen\/kia-xceed\/\",\"url\":\"https:\/\/all-car-news.com\/de\/autofinder\/volkswagen\/kia-xceed\/\",\"name\":\"Kia Xceed - All cars news\",\"isPartOf\":{\"@id\":\"https:\/\/all-car-news.com\/de\/#website\"},\"datePublished\":\"2022-03-09T09:06:52+00:00\",\"dateModified\":\"2022-03-09T09:07:12+00:00\",\"breadcrumb\":{\"@id\":\"https:\/\/all-car-news.com\/de\/autofinder\/volkswagen\/kia-xceed\/#breadcrumb\"},\"inLanguage\":\"de\",\"potentialAction\":[{\"@type\":\"ReadAction\",\"target\":[\"https:\/\/all-car-news.com\/de\/autofinder\/volkswagen\/kia-xceed\/\"]}]},{\"@type\":\"BreadcrumbList\",\"@id\":\"https:\/\/all-car-news.com\/de\/autofinder\/volkswagen\/kia-xceed\/#breadcrumb\",\"itemListElement\":[{\"@type\":\"ListItem\",\"position\":1,\"name\":\"Home\",\"item\":\"https:\/\/all-car-news.com\/de\/\"},{\"@type\":\"ListItem\",\"position\":2,\"name\":\"Autofinder\",\"item\":\"https:\/\/all-car-news.com\/de\/autofinder\/\"},{\"@type\":\"ListItem\",\"position\":3,\"name\":\"Volkswagen\",\"item\":\"https:\/\/all-car-news.com\/de\/autofinder\/volkswagen\/\"},{\"@type\":\"ListItem\",\"position\":4,\"name\":\"Kia Xceed\"}]},{\"@type\":\"WebSite\",\"@id\":\"https:\/\/all-car-news.com\/de\/#website\",\"url\":\"https:\/\/all-car-news.com\/de\/\",\"name\":\"All cars news\",\"description\":\"\",\"publisher\":{\"@id\":\"https:\/\/all-car-news.com\/de\/#organization\"},\"potentialAction\":[{\"@type\":\"SearchAction\",\"target\":{\"@type\":\"EntryPoint\",\"urlTemplate\":\"https:\/\/all-car-news.com\/de\/?s={search_term_string}\"},\"query-input\":\"required name=search_term_string\"}],\"inLanguage\":\"de\"},{\"@type\":\"Organization\",\"@id\":\"https:\/\/all-car-news.com\/de\/#organization\",\"name\":\"All cars news\",\"url\":\"https:\/\/all-car-news.com\/de\/\",\"logo\":{\"@type\":\"ImageObject\",\"inLanguage\":\"de\",\"@id\":\"https:\/\/all-car-news.com\/de\/#\/schema\/logo\/image\/\",\"url\":\"https:\/\/all-car-news.com\/wp-content\/uploads\/2022\/02\/CMYK-AllCarNews_LANDSCAPE_300px-1.png\",\"contentUrl\":\"https:\/\/all-car-news.com\/wp-content\/uploads\/2022\/02\/CMYK-AllCarNews_LANDSCAPE_300px-1.png\",\"width\":300,\"height\":100,\"caption\":\"All cars news\"},\"image\":{\"@id\":\"https:\/\/all-car-news.com\/de\/#\/schema\/logo\/image\/\"}}]}<\/script>\n<!-- \/ Yoast SEO plugin. -->","yoast_head_json":{"title":"Kia Xceed - All cars news","robots":{"index":"index","follow":"follow","max-snippet":"max-snippet:-1","max-image-preview":"max-image-preview:large","max-video-preview":"max-video-preview:-1"},"canonical":"https:\/\/all-car-news.com\/de\/autofinder\/volkswagen\/kia-xceed\/","og_locale":"de_DE","og_type":"article","og_title":"Kia Xceed - All cars news","og_description":"2019 hat Kia seine Modellpalette um einen weiteren Crossover erweitert: den Xceed. Wie der Typname schon sagt, ist das Auto [&hellip;]","og_url":"https:\/\/all-car-news.com\/de\/autofinder\/volkswagen\/kia-xceed\/","og_site_name":"All cars news","article_modified_time":"2022-03-09T09:07:12+00:00","og_image":[{"width":1600,"height":1048,"url":"https:\/\/all-car-news.com\/wp-content\/uploads\/2022\/03\/2019-Kia-XCeed-1.jpg","type":"image\/jpeg"}],"twitter_card":"summary_large_image","twitter_misc":{"Gesch\u00e4tzte Lesezeit":"2\u00a0Minuten"},"schema":{"@context":"https:\/\/schema.org","@graph":[{"@type":"WebPage","@id":"https:\/\/all-car-news.com\/de\/autofinder\/volkswagen\/kia-xceed\/","url":"https:\/\/all-car-news.com\/de\/autofinder\/volkswagen\/kia-xceed\/","name":"Kia Xceed - All cars news","isPartOf":{"@id":"https:\/\/all-car-news.com\/de\/#website"},"datePublished":"2022-03-09T09:06:52+00:00","dateModified":"2022-03-09T09:07:12+00:00","breadcrumb":{"@id":"https:\/\/all-car-news.com\/de\/autofinder\/volkswagen\/kia-xceed\/#breadcrumb"},"inLanguage":"de","potentialAction":[{"@type":"ReadAction","target":["https:\/\/all-car-news.com\/de\/autofinder\/volkswagen\/kia-xceed\/"]}]},{"@type":"BreadcrumbList","@id":"https:\/\/all-car-news.com\/de\/autofinder\/volkswagen\/kia-xceed\/#breadcrumb","itemListElement":[{"@type":"ListItem","position":1,"name":"Home","item":"https:\/\/all-car-news.com\/de\/"},{"@type":"ListItem","position":2,"name":"Autofinder","item":"https:\/\/all-car-news.com\/de\/autofinder\/"},{"@type":"ListItem","position":3,"name":"Volkswagen","item":"https:\/\/all-car-news.com\/de\/autofinder\/volkswagen\/"},{"@type":"ListItem","position":4,"name":"Kia Xceed"}]},{"@type":"WebSite","@id":"https:\/\/all-car-news.com\/de\/#website","url":"https:\/\/all-car-news.com\/de\/","name":"All cars news","description":"","publisher":{"@id":"https:\/\/all-car-news.com\/de\/#organization"},"potentialAction":[{"@type":"SearchAction","target":{"@type":"EntryPoint","urlTemplate":"https:\/\/all-car-news.com\/de\/?s={search_term_string}"},"query-input":"required name=search_term_string"}],"inLanguage":"de"},{"@type":"Organization","@id":"https:\/\/all-car-news.com\/de\/#organization","name":"All cars news","url":"https:\/\/all-car-news.com\/de\/","logo":{"@type":"ImageObject","inLanguage":"de","@id":"https:\/\/all-car-news.com\/de\/#\/schema\/logo\/image\/","url":"https:\/\/all-car-news.com\/wp-content\/uploads\/2022\/02\/CMYK-AllCarNews_LANDSCAPE_300px-1.png","contentUrl":"https:\/\/all-car-news.com\/wp-content\/uploads\/2022\/02\/CMYK-AllCarNews_LANDSCAPE_300px-1.png","width":300,"height":100,"caption":"All cars news"},"image":{"@id":"https:\/\/all-car-news.com\/de\/#\/schema\/logo\/image\/"}}]}},"_links":{"self":[{"href":"https:\/\/all-car-news.com\/de\/wp-json\/wp\/v2\/pages\/118215","targetHints":{"allow":["GET"]}}],"collection":[{"href":"https:\/\/all-car-news.com\/de\/wp-json\/wp\/v2\/pages"}],"about":[{"href":"https:\/\/all-car-news.com\/de\/wp-json\/wp\/v2\/types\/page"}],"author":[{"embeddable":true,"href":"https:\/\/all-car-news.com\/de\/wp-json\/wp\/v2\/users\/4"}],"replies":[{"embeddable":true,"href":"https:\/\/all-car-news.com\/de\/wp-json\/wp\/v2\/comments?post=118215"}],"version-history":[{"count":0,"href":"https:\/\/all-car-news.com\/de\/wp-json\/wp\/v2\/pages\/118215\/revisions"}],"up":[{"embeddable":true,"href":"https:\/\/all-car-news.com\/de\/wp-json\/wp\/v2\/pages\/117700"}],"wp:featuredmedia":[{"embeddable":true,"href":"https:\/\/all-car-news.com\/de\/wp-json\/wp\/v2\/media\/118158"}],"wp:attachment":[{"href":"https:\/\/all-car-news.com\/de\/wp-json\/wp\/v2\/media?parent=118215"}],"curies":[{"name":"wp","href":"https:\/\/api.w.org\/{rel}","templated":true}]}}