{"id":118193,"date":"2022-03-09T09:06:47","date_gmt":"2022-03-09T09:06:47","guid":{"rendered":"https:\/\/all-car-news.com\/autofinder\/volkswagen\/volkswagen-multivan\/"},"modified":"2022-03-09T09:07:09","modified_gmt":"2022-03-09T09:07:09","slug":"volkswagen-multivan","status":"publish","type":"page","link":"https:\/\/all-car-news.com\/de\/autofinder\/volkswagen\/volkswagen-multivan\/","title":{"rendered":"Volkswagen Multivan"},"content":{"rendered":"\n<p>Der erste Volkswagen Multivan kam 1990 auf den Markt und basierte auf der vierten Generation des Volkswagen Transporters (T4). In den USA wurde der Name Multivan auch bereits f\u00fcr eine bestimmte Version des Transporter T3 verwendet. Im Vergleich zur regul\u00e4ren Passagierversion des Transporters bot der Multivan mehr Luxus und eine bessere Dekoration des Innenraums. Insofern positionierte sich der Multivan eher als Gro\u00dfraumlimousine denn als Personentransporter. Ab dem Facelift lassen sich einige Sitze sogar drehen, sodass der Innenraum ganz nach Wunsch anders gestaltet werden kann.<\/p>\n\n<p>Der erste Volkswagen Multivan kam 1990 auf den Markt und basierte auf der vierten Generation des Volkswagen Transporters (T4). In den USA wurde der Name Multivan auch bereits f\u00fcr eine bestimmte Version des Transporter T3 verwendet. Im Vergleich zur regul\u00e4ren Passagierversion des Transporters bot der Multivan mehr Luxus und eine bessere Dekoration des Innenraums. Insofern positionierte sich der Multivan eher als Gro\u00dfraumlimousine denn als Personentransporter. Ab dem Facelift lassen sich einige Sitze sogar drehen, sodass der Innenraum ganz nach Wunsch anders gestaltet werden kann.<\/p>\n\n<h2 class=\"wp-block-heading\"><strong>Dauerhaftes Topmodel<\/strong><br\/><\/h2>\n\n<p>Der Multivan der zweiten Generation auf Basis des Transporter T5 ist erneut das Topmodell der Transporter-Baureihe und wird (bis zu einem gewissen Grad) wieder als eigenst\u00e4ndiges Modell vermarktet. Es bietet Platz f\u00fcr sechs oder sieben Personen. Die R\u00fccksitze sind jetzt nicht nur drehbar, sondern auch auf Schienen gelagert, sodass sich der Innenraum noch weiter nach Belieben arrangieren l\u00e4sst. Auch Zubeh\u00f6r wie Tische und ein K\u00fchlschrank sind m\u00f6glich, so dass der Multivan oft als Basismodell f\u00fcr (einfache) Aftermarket-Camper-Versionen genommen wird.<\/p>\n\n<h2 class=\"wp-block-heading\"><strong>Multivan wird zum Modell f\u00fcr sich<\/strong><br\/><\/h2>\n\n<p>Volkswagen hat Ende 2021 eine komplett neue Generation des Multivan vorgestellt. Mehr denn je gleicht das Auto eher einem gro\u00dfen MPV als einem Personentransporter. Tats\u00e4chlich teilt das neue Modell nicht einmal mehr seine Basis mit dem Transporter, sondern ist wirklich ein Modell f\u00fcr sich. Der neue Multivan wird auf der Pkw-Plattform von Volkswagen aufgebaut. Volkswagen nennt ihn \u201eBusiness-Shuttle, Familienvan und Freizeitauto in einem\u201c. Ob es zu einem sp\u00e4teren Zeitpunkt einen neuen Transporter auf Basis des Multivan geben wird, jetzt umgekehrt, ist bei Redaktionsschluss noch nicht bekannt.<\/p>\n\n<h2 class=\"wp-block-heading\">Technisch<\/h2>\n\n<figure class=\"wp-block-table is-style-stripes\"><table class=\"has-fixed-layout\"><tbody><tr><td>Motortyp<\/td><td>benzinelektrischer 4-Zylinder-Reihenmotor<\/td><\/tr><tr><td>Verschiebung<\/td><td>1.395 cm\u00b3<\/td><\/tr><tr><td>Biene<\/td><td>5.000 U\/min<\/td><\/tr><tr><td>Biene<\/td><td>1.550 U\/min<\/td><\/tr><tr><td>Batterie<\/td><td>Lithium-Ionen<\/td><\/tr><tr><td>Fahrt<\/td><td>Vorderreifen<\/td><\/tr><tr><td>Bremsen von\/a<\/td><td>gegeben Datentr\u00e4ger\/Scheiben<\/td><\/tr><tr><td>Wendekreis<\/td><td>12,1 m<\/td><\/tr><tr><td>Leistungsbereich<\/td><td>nur 160 kW<\/td><\/tr><\/tbody><\/table><\/figure>\n\n<h2 class=\"wp-block-heading\">Leistung<\/h2>\n\n<figure class=\"wp-block-table is-style-stripes\"><table class=\"has-fixed-layout\"><tbody><tr><td>Systemleistung<\/td><td>160 kW (218 PS)<\/td><\/tr><tr><td>Systempaar<\/td><td>350Nm<\/td><\/tr><tr><td>gem. 0-100 km\/h<\/td><td>11,6 Sek<\/td><\/tr><tr><td>H\u00f6chstgeschwindigkeit<\/td><td>190 km\/h<\/td><\/tr><\/tbody><\/table><\/figure>\n\n<h2 class=\"wp-block-heading\">Allgemein<\/h2>\n\n<figure class=\"wp-block-table is-style-stripes\"><table class=\"has-fixed-layout\"><tbody><tr><td>\u00dcbertragung<\/td><td>6AT<\/td><\/tr><tr><td>K\u00f6rpertyp<\/td><td>5-tlg. MPV<\/td><\/tr><tr><td>Euro NCAP<\/td><td>nicht getestet<\/td><\/tr><tr><td>Markteinf\u00fchrung<\/td><td>November 2021<\/td><\/tr><tr><td>Neustes Facelift<\/td><td>N \/ A<\/td><\/tr><tr><td>Garantie<\/td><td>4 Jahre<\/td><\/tr><tr><td>Vom Preis<\/td><td>54.400 \u20ac<\/td><\/tr><\/tbody><\/table><\/figure>\n\n<h2 class=\"wp-block-heading\">Ma\u00dfe\/Gewichte<\/h2>\n\n<figure class=\"wp-block-table is-style-stripes\"><table class=\"has-fixed-layout\"><tbody><tr><td>Reifengr\u00f6\u00dfe<\/td><td>235\/55 R17<\/td><\/tr><tr><td>L x B x H<\/td><td>4.973 x 1.941 x 1.907 mm<\/td><\/tr><tr><td>Radstand<\/td><td>3.124 mm<\/td><\/tr><tr><td>Masse leer<\/td><td>2,122 kg<\/td><\/tr><tr><td>max. gem. Gew.<\/td><td>1.600 kg<\/td><\/tr><tr><td>Tankinhalt<\/td><td>70 l<\/td><\/tr><\/tbody><\/table><\/figure>\n\n<h2 class=\"wp-block-heading\">Verbrauch<\/h2>\n\n<figure class=\"wp-block-table is-style-stripes\"><table class=\"has-fixed-layout\"><tbody><tr><td>Anschluss kombiniert<\/td><td>1,7l\/100km<\/td><\/tr><tr><td>CO\u2082-Emissionen<\/td><td>39g\/km<\/td><\/tr><tr><td>Energielabel<\/td><td>ein<\/td><\/tr><\/tbody><\/table><\/figure>\n","protected":false},"excerpt":{"rendered":"<p>Der erste Volkswagen Multivan kam 1990 auf den Markt und basierte auf der vierten Generation des Volkswagen Transporters (T4). In [&hellip;]<\/p>\n","protected":false},"author":4,"featured_media":118093,"parent":117700,"menu_order":0,"comment_status":"closed","ping_status":"closed","template":"","meta":{"footnotes":""},"class_list":["post-118193","page","type-page","status-publish","has-post-thumbnail","hentry"],"acf":[],"yoast_head":"<!-- This site is optimized with the Yoast SEO plugin v21.2 - https:\/\/yoast.com\/wordpress\/plugins\/seo\/ -->\n<title>Volkswagen Multivan - All cars news<\/title>\n<meta name=\"robots\" content=\"index, follow, max-snippet:-1, max-image-preview:large, max-video-preview:-1\" \/>\n<link rel=\"canonical\" href=\"https:\/\/all-car-news.com\/de\/autofinder\/volkswagen\/volkswagen-multivan\/\" \/>\n<meta property=\"og:locale\" content=\"de_DE\" \/>\n<meta property=\"og:type\" content=\"article\" \/>\n<meta property=\"og:title\" content=\"Volkswagen Multivan - All cars news\" \/>\n<meta property=\"og:description\" content=\"Der erste Volkswagen Multivan kam 1990 auf den Markt und basierte auf der vierten Generation des Volkswagen Transporters (T4). In [&hellip;]\" \/>\n<meta property=\"og:url\" content=\"https:\/\/all-car-news.com\/de\/autofinder\/volkswagen\/volkswagen-multivan\/\" \/>\n<meta property=\"og:site_name\" content=\"All cars news\" \/>\n<meta property=\"article:modified_time\" content=\"2022-03-09T09:07:09+00:00\" \/>\n<meta property=\"og:image\" content=\"https:\/\/all-car-news.com\/wp-content\/uploads\/2022\/03\/Volkswagen-Multivan-1.jpg\" \/>\n\t<meta property=\"og:image:width\" content=\"1597\" \/>\n\t<meta property=\"og:image:height\" content=\"1162\" \/>\n\t<meta property=\"og:image:type\" content=\"image\/jpeg\" \/>\n<meta name=\"twitter:card\" content=\"summary_large_image\" \/>\n<meta name=\"twitter:label1\" content=\"Gesch\u00e4tzte Lesezeit\" \/>\n\t<meta name=\"twitter:data1\" content=\"2\u00a0Minuten\" \/>\n<script type=\"application\/ld+json\" class=\"yoast-schema-graph\">{\"@context\":\"https:\/\/schema.org\",\"@graph\":[{\"@type\":\"WebPage\",\"@id\":\"https:\/\/all-car-news.com\/de\/autofinder\/volkswagen\/volkswagen-multivan\/\",\"url\":\"https:\/\/all-car-news.com\/de\/autofinder\/volkswagen\/volkswagen-multivan\/\",\"name\":\"Volkswagen Multivan - All cars news\",\"isPartOf\":{\"@id\":\"https:\/\/all-car-news.com\/de\/#website\"},\"datePublished\":\"2022-03-09T09:06:47+00:00\",\"dateModified\":\"2022-03-09T09:07:09+00:00\",\"breadcrumb\":{\"@id\":\"https:\/\/all-car-news.com\/de\/autofinder\/volkswagen\/volkswagen-multivan\/#breadcrumb\"},\"inLanguage\":\"de\",\"potentialAction\":[{\"@type\":\"ReadAction\",\"target\":[\"https:\/\/all-car-news.com\/de\/autofinder\/volkswagen\/volkswagen-multivan\/\"]}]},{\"@type\":\"BreadcrumbList\",\"@id\":\"https:\/\/all-car-news.com\/de\/autofinder\/volkswagen\/volkswagen-multivan\/#breadcrumb\",\"itemListElement\":[{\"@type\":\"ListItem\",\"position\":1,\"name\":\"Home\",\"item\":\"https:\/\/all-car-news.com\/de\/\"},{\"@type\":\"ListItem\",\"position\":2,\"name\":\"Autofinder\",\"item\":\"https:\/\/all-car-news.com\/de\/autofinder\/\"},{\"@type\":\"ListItem\",\"position\":3,\"name\":\"Volkswagen\",\"item\":\"https:\/\/all-car-news.com\/de\/autofinder\/volkswagen\/\"},{\"@type\":\"ListItem\",\"position\":4,\"name\":\"Volkswagen Multivan\"}]},{\"@type\":\"WebSite\",\"@id\":\"https:\/\/all-car-news.com\/de\/#website\",\"url\":\"https:\/\/all-car-news.com\/de\/\",\"name\":\"All cars news\",\"description\":\"\",\"publisher\":{\"@id\":\"https:\/\/all-car-news.com\/de\/#organization\"},\"potentialAction\":[{\"@type\":\"SearchAction\",\"target\":{\"@type\":\"EntryPoint\",\"urlTemplate\":\"https:\/\/all-car-news.com\/de\/?s={search_term_string}\"},\"query-input\":\"required name=search_term_string\"}],\"inLanguage\":\"de\"},{\"@type\":\"Organization\",\"@id\":\"https:\/\/all-car-news.com\/de\/#organization\",\"name\":\"All cars news\",\"url\":\"https:\/\/all-car-news.com\/de\/\",\"logo\":{\"@type\":\"ImageObject\",\"inLanguage\":\"de\",\"@id\":\"https:\/\/all-car-news.com\/de\/#\/schema\/logo\/image\/\",\"url\":\"https:\/\/all-car-news.com\/wp-content\/uploads\/2022\/02\/CMYK-AllCarNews_LANDSCAPE_300px-1.png\",\"contentUrl\":\"https:\/\/all-car-news.com\/wp-content\/uploads\/2022\/02\/CMYK-AllCarNews_LANDSCAPE_300px-1.png\",\"width\":300,\"height\":100,\"caption\":\"All cars news\"},\"image\":{\"@id\":\"https:\/\/all-car-news.com\/de\/#\/schema\/logo\/image\/\"}}]}<\/script>\n<!-- \/ Yoast SEO plugin. -->","yoast_head_json":{"title":"Volkswagen Multivan - All cars news","robots":{"index":"index","follow":"follow","max-snippet":"max-snippet:-1","max-image-preview":"max-image-preview:large","max-video-preview":"max-video-preview:-1"},"canonical":"https:\/\/all-car-news.com\/de\/autofinder\/volkswagen\/volkswagen-multivan\/","og_locale":"de_DE","og_type":"article","og_title":"Volkswagen Multivan - All cars news","og_description":"Der erste Volkswagen Multivan kam 1990 auf den Markt und basierte auf der vierten Generation des Volkswagen Transporters (T4). In [&hellip;]","og_url":"https:\/\/all-car-news.com\/de\/autofinder\/volkswagen\/volkswagen-multivan\/","og_site_name":"All cars news","article_modified_time":"2022-03-09T09:07:09+00:00","og_image":[{"width":1597,"height":1162,"url":"https:\/\/all-car-news.com\/wp-content\/uploads\/2022\/03\/Volkswagen-Multivan-1.jpg","type":"image\/jpeg"}],"twitter_card":"summary_large_image","twitter_misc":{"Gesch\u00e4tzte Lesezeit":"2\u00a0Minuten"},"schema":{"@context":"https:\/\/schema.org","@graph":[{"@type":"WebPage","@id":"https:\/\/all-car-news.com\/de\/autofinder\/volkswagen\/volkswagen-multivan\/","url":"https:\/\/all-car-news.com\/de\/autofinder\/volkswagen\/volkswagen-multivan\/","name":"Volkswagen Multivan - All cars news","isPartOf":{"@id":"https:\/\/all-car-news.com\/de\/#website"},"datePublished":"2022-03-09T09:06:47+00:00","dateModified":"2022-03-09T09:07:09+00:00","breadcrumb":{"@id":"https:\/\/all-car-news.com\/de\/autofinder\/volkswagen\/volkswagen-multivan\/#breadcrumb"},"inLanguage":"de","potentialAction":[{"@type":"ReadAction","target":["https:\/\/all-car-news.com\/de\/autofinder\/volkswagen\/volkswagen-multivan\/"]}]},{"@type":"BreadcrumbList","@id":"https:\/\/all-car-news.com\/de\/autofinder\/volkswagen\/volkswagen-multivan\/#breadcrumb","itemListElement":[{"@type":"ListItem","position":1,"name":"Home","item":"https:\/\/all-car-news.com\/de\/"},{"@type":"ListItem","position":2,"name":"Autofinder","item":"https:\/\/all-car-news.com\/de\/autofinder\/"},{"@type":"ListItem","position":3,"name":"Volkswagen","item":"https:\/\/all-car-news.com\/de\/autofinder\/volkswagen\/"},{"@type":"ListItem","position":4,"name":"Volkswagen Multivan"}]},{"@type":"WebSite","@id":"https:\/\/all-car-news.com\/de\/#website","url":"https:\/\/all-car-news.com\/de\/","name":"All cars news","description":"","publisher":{"@id":"https:\/\/all-car-news.com\/de\/#organization"},"potentialAction":[{"@type":"SearchAction","target":{"@type":"EntryPoint","urlTemplate":"https:\/\/all-car-news.com\/de\/?s={search_term_string}"},"query-input":"required name=search_term_string"}],"inLanguage":"de"},{"@type":"Organization","@id":"https:\/\/all-car-news.com\/de\/#organization","name":"All cars news","url":"https:\/\/all-car-news.com\/de\/","logo":{"@type":"ImageObject","inLanguage":"de","@id":"https:\/\/all-car-news.com\/de\/#\/schema\/logo\/image\/","url":"https:\/\/all-car-news.com\/wp-content\/uploads\/2022\/02\/CMYK-AllCarNews_LANDSCAPE_300px-1.png","contentUrl":"https:\/\/all-car-news.com\/wp-content\/uploads\/2022\/02\/CMYK-AllCarNews_LANDSCAPE_300px-1.png","width":300,"height":100,"caption":"All cars news"},"image":{"@id":"https:\/\/all-car-news.com\/de\/#\/schema\/logo\/image\/"}}]}},"_links":{"self":[{"href":"https:\/\/all-car-news.com\/de\/wp-json\/wp\/v2\/pages\/118193","targetHints":{"allow":["GET"]}}],"collection":[{"href":"https:\/\/all-car-news.com\/de\/wp-json\/wp\/v2\/pages"}],"about":[{"href":"https:\/\/all-car-news.com\/de\/wp-json\/wp\/v2\/types\/page"}],"author":[{"embeddable":true,"href":"https:\/\/all-car-news.com\/de\/wp-json\/wp\/v2\/users\/4"}],"replies":[{"embeddable":true,"href":"https:\/\/all-car-news.com\/de\/wp-json\/wp\/v2\/comments?post=118193"}],"version-history":[{"count":0,"href":"https:\/\/all-car-news.com\/de\/wp-json\/wp\/v2\/pages\/118193\/revisions"}],"up":[{"embeddable":true,"href":"https:\/\/all-car-news.com\/de\/wp-json\/wp\/v2\/pages\/117700"}],"wp:featuredmedia":[{"embeddable":true,"href":"https:\/\/all-car-news.com\/de\/wp-json\/wp\/v2\/media\/118093"}],"wp:attachment":[{"href":"https:\/\/all-car-news.com\/de\/wp-json\/wp\/v2\/media?parent=118193"}],"curies":[{"name":"wp","href":"https:\/\/api.w.org\/{rel}","templated":true}]}}