{"id":118015,"date":"2022-03-08T12:47:00","date_gmt":"2022-03-08T12:47:00","guid":{"rendered":"https:\/\/all-car-news.com\/autofinder\/volkswagen\/volkswagen-t-roc\/"},"modified":"2022-03-08T12:47:04","modified_gmt":"2022-03-08T12:47:04","slug":"volkswagen-t-roc","status":"publish","type":"page","link":"https:\/\/all-car-news.com\/de\/autofinder\/volkswagen\/volkswagen-t-roc\/","title":{"rendered":"Volkswagen T-roc"},"content":{"rendered":"\n<p>2017 war es Zeit f\u00fcr eine Modellerweiterung. 2017 stellte Volkswagen mit der Serienversion des T-Roc ein Auto vor, das als Crossover-Alternative zum Golf angesehen werden kann. Leider war das Auto keine Eins-zu-Eins-Produktionsversion des 2014er T-Roc Concept, aber es bleibt ein gut gestaltetes Auto.<\/p>\n\n<p>2017 war es Zeit f\u00fcr eine Modellerweiterung. 2017 stellte Volkswagen mit der Serienversion des T-Roc ein Auto vor, das als Crossover-Alternative zum Golf angesehen werden kann. Leider war das Auto keine Eins-zu-Eins-Produktionsversion des 2014er T-Roc Concept, aber es bleibt ein gut gestaltetes Auto.<\/p>\n\n<h2 class=\"wp-block-heading\"><strong>Crossover-Offensive<\/strong><br\/><\/h2>\n\n<p>Der T-Roc ist Teil einer ganzen Modelloffensive im Bereich der \u00fcberwiegend kompakten Crossover. Innerhalb des aktuellen Line-Ups reiht sich das Modell sauber zwischen den gr\u00f6\u00dferen Tiguan und den sp\u00e4ter eingef\u00fchrten kleineren T-Cross ein. Wenn es eine Nummer gr\u00f6\u00dfer sein darf, dann sind Atlas und Atlas Cross Sport auch au\u00dferhalb Europas noch erh\u00e4ltlich.<\/p>\n\n<h2 class=\"wp-block-heading\"><strong>Cabrio<\/strong><br\/><\/h2>\n\n<p>Es ist Platz f\u00fcr noch mehr Modelle, denn Volkswagen hat ernsthafte Pl\u00e4ne f\u00fcr eine Cabrio-Version des T-Roc. Ob das Modell tats\u00e4chlich in Serie gehen w\u00fcrde, war fraglich, aber es wird wirklich passieren. Seit Anfang 2020 steht die offene Version des T-Roc im Showroom.<\/p>\n\n<h2 class=\"wp-block-heading\">Technisch<\/h2>\n\n<figure class=\"wp-block-table is-style-stripes\"><table class=\"has-fixed-layout\"><tbody><tr><td>Motortyp<\/td><td>Benzin, 3-Zylinder-Reihe<\/td><\/tr><tr><td>Verschiebung<\/td><td>999 cm\u00b3<\/td><\/tr><tr><td>max. Verm\u00f6genswerte<\/td><td>85 kW (115 PS)<\/td><\/tr><tr><td>max. Paar<\/td><td>200Nm<\/td><\/tr><tr><td>Biene<\/td><td>2.000 U\/min<\/td><\/tr><tr><td>Fahrt<\/td><td>Vorderreifen<\/td><\/tr><tr><td>Bremsen von\/a<\/td><td>gegeben Datentr\u00e4ger\/Scheiben<\/td><\/tr><tr><td>Wendekreis<\/td><td>11,1 m<\/td><\/tr><tr><td>Leistungsbereich<\/td><td>85 bis 140 kW<\/td><\/tr><\/tbody><\/table><\/figure>\n\n<h2 class=\"wp-block-heading\">Allgemein<\/h2>\n\n<figure class=\"wp-block-table is-style-stripes\"><table class=\"has-fixed-layout\"><tbody><tr><td>\u00dcbertragung<\/td><td>6MT<\/td><\/tr><tr><td>K\u00f6rpertyp<\/td><td>5-tlg. Gel\u00e4ndewagen<\/td><\/tr><tr><td>Euro NCAP<\/td><td>5 Sterne<\/td><\/tr><tr><td>Markteinf\u00fchrung<\/td><td>Dezember 2017<\/td><\/tr><tr><td>Neustes Facelift<\/td><td>N \/ A<\/td><\/tr><tr><td>Garantie<\/td><td>4 Jahre<\/td><\/tr><tr><td>Vom Preis<\/td><td>29.505 \u20ac<\/td><\/tr><tr><td>Besonderheiten<\/td><td>Im Fr\u00fchjahr 2020 wird es den T-Roc auch als Cabrio geben.<\/td><\/tr><\/tbody><\/table><\/figure>\n\n<h2 class=\"wp-block-heading\">Ma\u00dfe\/Gewichte<\/h2>\n\n<figure class=\"wp-block-table is-style-stripes\"><table class=\"has-fixed-layout\"><tbody><tr><td>L x B x H<\/td><td>4.234 x 1.819 x 1.573 mm<\/td><\/tr><tr><td>Radstand<\/td><td>2.590 mm<\/td><\/tr><tr><td>Masse leer<\/td><td>1.170 kg<\/td><\/tr><tr><td>max. gem. Gew.<\/td><td>1.300 kg<\/td><\/tr><tr><td>Forts. Tasche. Zimmer.<\/td><td>445 l<\/td><\/tr><tr><td>Tankinhalt<\/td><td>50 l<\/td><\/tr><\/tbody><\/table><\/figure>\n\n<h2 class=\"wp-block-heading\">Verbrauch<\/h2>\n\n<figure class=\"wp-block-table is-style-stripes\"><table class=\"has-fixed-layout\"><tbody><tr><td>Anschluss kombiniert<\/td><td>5,2l\/100km<\/td><\/tr><tr><td>CO\u2082-Emissionen<\/td><td>119g\/km<\/td><\/tr><tr><td>Energielabel<\/td><td>C<\/td><\/tr><\/tbody><\/table><\/figure>\n\n<h2 class=\"wp-block-heading\">Leistung<\/h2>\n\n<figure class=\"wp-block-table is-style-stripes\"><table class=\"has-fixed-layout\"><tbody><tr><td>gem. 0-100 km\/h<\/td><td>10,1 Sek<\/td><\/tr><tr><td>H\u00f6chstgeschwindigkeit<\/td><td>187 km\/h<\/td><\/tr><\/tbody><\/table><\/figure>\n","protected":false},"excerpt":{"rendered":"<p>2017 war es Zeit f\u00fcr eine Modellerweiterung. 2017 stellte Volkswagen mit der Serienversion des T-Roc ein Auto vor, das als [&hellip;]<\/p>\n","protected":false},"author":4,"featured_media":117889,"parent":117700,"menu_order":0,"comment_status":"closed","ping_status":"closed","template":"","meta":{"footnotes":""},"class_list":["post-118015","page","type-page","status-publish","has-post-thumbnail","hentry"],"acf":[],"yoast_head":"<!-- This site is optimized with the Yoast SEO plugin v21.2 - https:\/\/yoast.com\/wordpress\/plugins\/seo\/ -->\n<title>Volkswagen T-roc - All cars news<\/title>\n<meta name=\"robots\" content=\"index, follow, max-snippet:-1, max-image-preview:large, max-video-preview:-1\" \/>\n<link rel=\"canonical\" href=\"https:\/\/all-car-news.com\/de\/autofinder\/volkswagen\/volkswagen-t-roc\/\" \/>\n<meta property=\"og:locale\" content=\"de_DE\" \/>\n<meta property=\"og:type\" content=\"article\" \/>\n<meta property=\"og:title\" content=\"Volkswagen T-roc - All cars news\" \/>\n<meta property=\"og:description\" content=\"2017 war es Zeit f\u00fcr eine Modellerweiterung. 2017 stellte Volkswagen mit der Serienversion des T-Roc ein Auto vor, das als [&hellip;]\" \/>\n<meta property=\"og:url\" content=\"https:\/\/all-car-news.com\/de\/autofinder\/volkswagen\/volkswagen-t-roc\/\" \/>\n<meta property=\"og:site_name\" content=\"All cars news\" \/>\n<meta property=\"article:modified_time\" content=\"2022-03-08T12:47:04+00:00\" \/>\n<meta property=\"og:image\" content=\"https:\/\/all-car-news.com\/wp-content\/uploads\/2022\/03\/Volkswagen-T-Roc-1.jpg\" \/>\n\t<meta property=\"og:image:width\" content=\"1280\" \/>\n\t<meta property=\"og:image:height\" content=\"922\" \/>\n\t<meta property=\"og:image:type\" content=\"image\/jpeg\" \/>\n<meta name=\"twitter:card\" content=\"summary_large_image\" \/>\n<meta name=\"twitter:label1\" content=\"Gesch\u00e4tzte Lesezeit\" \/>\n\t<meta name=\"twitter:data1\" content=\"1\u00a0Minute\" \/>\n<script type=\"application\/ld+json\" class=\"yoast-schema-graph\">{\"@context\":\"https:\/\/schema.org\",\"@graph\":[{\"@type\":\"WebPage\",\"@id\":\"https:\/\/all-car-news.com\/de\/autofinder\/volkswagen\/volkswagen-t-roc\/\",\"url\":\"https:\/\/all-car-news.com\/de\/autofinder\/volkswagen\/volkswagen-t-roc\/\",\"name\":\"Volkswagen T-roc - All cars news\",\"isPartOf\":{\"@id\":\"https:\/\/all-car-news.com\/de\/#website\"},\"datePublished\":\"2022-03-08T12:47:00+00:00\",\"dateModified\":\"2022-03-08T12:47:04+00:00\",\"breadcrumb\":{\"@id\":\"https:\/\/all-car-news.com\/de\/autofinder\/volkswagen\/volkswagen-t-roc\/#breadcrumb\"},\"inLanguage\":\"de\",\"potentialAction\":[{\"@type\":\"ReadAction\",\"target\":[\"https:\/\/all-car-news.com\/de\/autofinder\/volkswagen\/volkswagen-t-roc\/\"]}]},{\"@type\":\"BreadcrumbList\",\"@id\":\"https:\/\/all-car-news.com\/de\/autofinder\/volkswagen\/volkswagen-t-roc\/#breadcrumb\",\"itemListElement\":[{\"@type\":\"ListItem\",\"position\":1,\"name\":\"Home\",\"item\":\"https:\/\/all-car-news.com\/de\/\"},{\"@type\":\"ListItem\",\"position\":2,\"name\":\"Autofinder\",\"item\":\"https:\/\/all-car-news.com\/de\/autofinder\/\"},{\"@type\":\"ListItem\",\"position\":3,\"name\":\"Volkswagen\",\"item\":\"https:\/\/all-car-news.com\/de\/autofinder\/volkswagen\/\"},{\"@type\":\"ListItem\",\"position\":4,\"name\":\"Volkswagen T-roc\"}]},{\"@type\":\"WebSite\",\"@id\":\"https:\/\/all-car-news.com\/de\/#website\",\"url\":\"https:\/\/all-car-news.com\/de\/\",\"name\":\"All cars news\",\"description\":\"\",\"publisher\":{\"@id\":\"https:\/\/all-car-news.com\/de\/#organization\"},\"potentialAction\":[{\"@type\":\"SearchAction\",\"target\":{\"@type\":\"EntryPoint\",\"urlTemplate\":\"https:\/\/all-car-news.com\/de\/?s={search_term_string}\"},\"query-input\":\"required name=search_term_string\"}],\"inLanguage\":\"de\"},{\"@type\":\"Organization\",\"@id\":\"https:\/\/all-car-news.com\/de\/#organization\",\"name\":\"All cars news\",\"url\":\"https:\/\/all-car-news.com\/de\/\",\"logo\":{\"@type\":\"ImageObject\",\"inLanguage\":\"de\",\"@id\":\"https:\/\/all-car-news.com\/de\/#\/schema\/logo\/image\/\",\"url\":\"https:\/\/all-car-news.com\/wp-content\/uploads\/2022\/02\/CMYK-AllCarNews_LANDSCAPE_300px-1.png\",\"contentUrl\":\"https:\/\/all-car-news.com\/wp-content\/uploads\/2022\/02\/CMYK-AllCarNews_LANDSCAPE_300px-1.png\",\"width\":300,\"height\":100,\"caption\":\"All cars news\"},\"image\":{\"@id\":\"https:\/\/all-car-news.com\/de\/#\/schema\/logo\/image\/\"}}]}<\/script>\n<!-- \/ Yoast SEO plugin. -->","yoast_head_json":{"title":"Volkswagen T-roc - All cars news","robots":{"index":"index","follow":"follow","max-snippet":"max-snippet:-1","max-image-preview":"max-image-preview:large","max-video-preview":"max-video-preview:-1"},"canonical":"https:\/\/all-car-news.com\/de\/autofinder\/volkswagen\/volkswagen-t-roc\/","og_locale":"de_DE","og_type":"article","og_title":"Volkswagen T-roc - All cars news","og_description":"2017 war es Zeit f\u00fcr eine Modellerweiterung. 2017 stellte Volkswagen mit der Serienversion des T-Roc ein Auto vor, das als [&hellip;]","og_url":"https:\/\/all-car-news.com\/de\/autofinder\/volkswagen\/volkswagen-t-roc\/","og_site_name":"All cars news","article_modified_time":"2022-03-08T12:47:04+00:00","og_image":[{"width":1280,"height":922,"url":"https:\/\/all-car-news.com\/wp-content\/uploads\/2022\/03\/Volkswagen-T-Roc-1.jpg","type":"image\/jpeg"}],"twitter_card":"summary_large_image","twitter_misc":{"Gesch\u00e4tzte Lesezeit":"1\u00a0Minute"},"schema":{"@context":"https:\/\/schema.org","@graph":[{"@type":"WebPage","@id":"https:\/\/all-car-news.com\/de\/autofinder\/volkswagen\/volkswagen-t-roc\/","url":"https:\/\/all-car-news.com\/de\/autofinder\/volkswagen\/volkswagen-t-roc\/","name":"Volkswagen T-roc - All cars news","isPartOf":{"@id":"https:\/\/all-car-news.com\/de\/#website"},"datePublished":"2022-03-08T12:47:00+00:00","dateModified":"2022-03-08T12:47:04+00:00","breadcrumb":{"@id":"https:\/\/all-car-news.com\/de\/autofinder\/volkswagen\/volkswagen-t-roc\/#breadcrumb"},"inLanguage":"de","potentialAction":[{"@type":"ReadAction","target":["https:\/\/all-car-news.com\/de\/autofinder\/volkswagen\/volkswagen-t-roc\/"]}]},{"@type":"BreadcrumbList","@id":"https:\/\/all-car-news.com\/de\/autofinder\/volkswagen\/volkswagen-t-roc\/#breadcrumb","itemListElement":[{"@type":"ListItem","position":1,"name":"Home","item":"https:\/\/all-car-news.com\/de\/"},{"@type":"ListItem","position":2,"name":"Autofinder","item":"https:\/\/all-car-news.com\/de\/autofinder\/"},{"@type":"ListItem","position":3,"name":"Volkswagen","item":"https:\/\/all-car-news.com\/de\/autofinder\/volkswagen\/"},{"@type":"ListItem","position":4,"name":"Volkswagen T-roc"}]},{"@type":"WebSite","@id":"https:\/\/all-car-news.com\/de\/#website","url":"https:\/\/all-car-news.com\/de\/","name":"All cars news","description":"","publisher":{"@id":"https:\/\/all-car-news.com\/de\/#organization"},"potentialAction":[{"@type":"SearchAction","target":{"@type":"EntryPoint","urlTemplate":"https:\/\/all-car-news.com\/de\/?s={search_term_string}"},"query-input":"required name=search_term_string"}],"inLanguage":"de"},{"@type":"Organization","@id":"https:\/\/all-car-news.com\/de\/#organization","name":"All cars news","url":"https:\/\/all-car-news.com\/de\/","logo":{"@type":"ImageObject","inLanguage":"de","@id":"https:\/\/all-car-news.com\/de\/#\/schema\/logo\/image\/","url":"https:\/\/all-car-news.com\/wp-content\/uploads\/2022\/02\/CMYK-AllCarNews_LANDSCAPE_300px-1.png","contentUrl":"https:\/\/all-car-news.com\/wp-content\/uploads\/2022\/02\/CMYK-AllCarNews_LANDSCAPE_300px-1.png","width":300,"height":100,"caption":"All cars news"},"image":{"@id":"https:\/\/all-car-news.com\/de\/#\/schema\/logo\/image\/"}}]}},"_links":{"self":[{"href":"https:\/\/all-car-news.com\/de\/wp-json\/wp\/v2\/pages\/118015","targetHints":{"allow":["GET"]}}],"collection":[{"href":"https:\/\/all-car-news.com\/de\/wp-json\/wp\/v2\/pages"}],"about":[{"href":"https:\/\/all-car-news.com\/de\/wp-json\/wp\/v2\/types\/page"}],"author":[{"embeddable":true,"href":"https:\/\/all-car-news.com\/de\/wp-json\/wp\/v2\/users\/4"}],"replies":[{"embeddable":true,"href":"https:\/\/all-car-news.com\/de\/wp-json\/wp\/v2\/comments?post=118015"}],"version-history":[{"count":0,"href":"https:\/\/all-car-news.com\/de\/wp-json\/wp\/v2\/pages\/118015\/revisions"}],"up":[{"embeddable":true,"href":"https:\/\/all-car-news.com\/de\/wp-json\/wp\/v2\/pages\/117700"}],"wp:featuredmedia":[{"embeddable":true,"href":"https:\/\/all-car-news.com\/de\/wp-json\/wp\/v2\/media\/117889"}],"wp:attachment":[{"href":"https:\/\/all-car-news.com\/de\/wp-json\/wp\/v2\/media?parent=118015"}],"curies":[{"name":"wp","href":"https:\/\/api.w.org\/{rel}","templated":true}]}}