{"id":117831,"date":"2022-03-08T10:51:53","date_gmt":"2022-03-08T10:51:53","guid":{"rendered":"https:\/\/all-car-news.com\/autofinder\/volkswagen\/volkswagen-t-kreuz\/"},"modified":"2022-03-08T10:51:58","modified_gmt":"2022-03-08T10:51:58","slug":"volkswagen-t-kreuz","status":"publish","type":"page","link":"https:\/\/all-car-news.com\/de\/autofinder\/volkswagen\/volkswagen-t-kreuz\/","title":{"rendered":"Volkswagen T-Kreuz"},"content":{"rendered":"\n<p>Kompakte SUVs erfreuen sich immer gr\u00f6\u00dferer Beliebtheit, daher reagieren verschiedene Hersteller auf diese Nachfrage. Wie bei Volkswagen wird f\u00fcr jedes \u201enormale\u201c Modell eine SUV-\u00e4hnliche Alternative angeboten. Einen SUV-\u00e4hnlichen auf Basis des Polo gab es bisher noch nicht. 2018 wurde uns der T-Cross vorgestellt, der kleinste SUV-\u00e4hnliche in der Modellpalette von Volkswagen. Das Modell wird im Laufe des Jahres 2019 im Handel erh\u00e4ltlich sein.<\/p>\n\n<p>Kompakte SUVs erfreuen sich immer gr\u00f6\u00dferer Beliebtheit, daher reagieren verschiedene Hersteller auf diese Nachfrage. Wie bei Volkswagen wird f\u00fcr jedes \u201enormale\u201c Modell eine SUV-\u00e4hnliche Alternative angeboten. Einen SUV-\u00e4hnlichen auf Basis des Polo gab es bisher noch nicht. 2018 wurde uns der T-Cross vorgestellt, der kleinste SUV-\u00e4hnliche in der Modellpalette von Volkswagen. Das Modell wird im Laufe des Jahres 2019 im Handel erh\u00e4ltlich sein.<\/p>\n\n<h2 class=\"wp-block-heading\"><strong>Entwurfsversion<\/strong><br\/><\/h2>\n\n<p>Nachdem das Auto 2016 erstmals als Cabrio-Crossover vorgestellt wurde, versiegte 2018 die Serienversion als geschlossener F\u00fcnft\u00fcrer. Markantes Designmerkmal sind die Heckleuchten, die durch einen gro\u00dfen Balken verbunden sind, der sich \u00fcber die gesamte Breite erstreckt. Wie erw\u00e4hnt, teilt der T-Cross seine technische Basis mit dem Polo, wodurch er auch eng mit dem vergleichbaren SEAT Arona verwandt ist.<\/p>\n\n<h2 class=\"wp-block-heading\"><strong>Praktisch und pers\u00f6nlich<\/strong><br\/><\/h2>\n\n<p>Volkswagen verspricht beim T-Cross viel Bedienkomfort. Dank des relativ langen Radstands soll das Auto den gr\u00f6\u00dften Gep\u00e4ckraum seiner Klasse bieten. Auch nach den neuesten Trends: Auch der T-Cross l\u00e4sst sich relativ umfangreich an den pers\u00f6nlichen Geschmack anpassen.<\/p>\n\n<h2 class=\"wp-block-heading\">Technisch<\/h2>\n\n<figure class=\"wp-block-table is-style-stripes\"><table class=\"has-fixed-layout\"><tbody><tr><td>Motortyp<\/td><td>Benzin, 3-Zylinder-Reihe<\/td><\/tr><tr><td>Verschiebung<\/td><td>999 cm\u00b3<\/td><\/tr><tr><td>max. Verm\u00f6genswerte<\/td><td>70 kW (95 PS)<\/td><\/tr><tr><td>Biene<\/td><td>5.000 U\/min<\/td><\/tr><tr><td>max. Paar<\/td><td>175Nm<\/td><\/tr><tr><td>Biene<\/td><td>2.000 U\/min<\/td><\/tr><tr><td>Fahrt<\/td><td>Vorderreifen<\/td><\/tr><tr><td>Bremsen von\/a<\/td><td>gegeben Datentr\u00e4ger\/Scheiben<\/td><\/tr><tr><td>Wendekreis<\/td><td>10,6 m<\/td><\/tr><tr><td>Leistungsbereich<\/td><td>70 bis 85 kW<\/td><\/tr><\/tbody><\/table><\/figure>\n\n<h2 class=\"wp-block-heading\">Allgemein<\/h2>\n\n<figure class=\"wp-block-table is-style-stripes\"><table class=\"has-fixed-layout\"><tbody><tr><td>\u00dcbertragung<\/td><td>5MT<\/td><\/tr><tr><td>K\u00f6rpertyp<\/td><td>5-tlg. Gel\u00e4ndewagen<\/td><\/tr><tr><td>Euro NCAP<\/td><td>5 Sterne<\/td><\/tr><tr><td>Markteinf\u00fchrung<\/td><td>April 2019<\/td><\/tr><tr><td>Neustes Facelift<\/td><td>N \/ A<\/td><\/tr><tr><td>Garantie<\/td><td>4 Jahre<\/td><\/tr><tr><td>Vom Preis<\/td><td>22.620 \u20ac<\/td><\/tr><tr><td>Besonderheiten<\/td><td>Der T-Cross auf Basis des Polo erg\u00e4nzt die SUV-\/Crossover-Palette von Volkswagen nach unten.<\/td><\/tr><\/tbody><\/table><\/figure>\n\n<h2 class=\"wp-block-heading\">Ma\u00dfe\/Gewichte<\/h2>\n\n<figure class=\"wp-block-table is-style-stripes\"><table class=\"has-fixed-layout\"><tbody><tr><td>Reifengr\u00f6\u00dfe<\/td><td>205\/60 R16<\/td><\/tr><tr><td>L x B x H<\/td><td>4.108 x 1.760 x 1.584 mm<\/td><\/tr><tr><td>Radstand<\/td><td>2.551 mm<\/td><\/tr><tr><td>Masse leer<\/td><td>1.245 kg<\/td><\/tr><tr><td>max. gem. Gew.<\/td><td>1.000 kg<\/td><\/tr><tr><td>Forts. Tasche. Zimmer.<\/td><td>455 l<\/td><\/tr><tr><td>Tankinhalt<\/td><td>40 l<\/td><\/tr><\/tbody><\/table><\/figure>\n\n<h2 class=\"wp-block-heading\">Verbrauch<\/h2>\n\n<figure class=\"wp-block-table is-style-stripes\"><table class=\"has-fixed-layout\"><tbody><tr><td>Anschluss kombiniert<\/td><td>4,9l\/100km<\/td><\/tr><tr><td>CO\u2082-Emissionen<\/td><td>112g\/km<\/td><\/tr><tr><td>Energielabel<\/td><td>C<\/td><\/tr><\/tbody><\/table><\/figure>\n\n<h2 class=\"wp-block-heading\">Leistung<\/h2>\n\n<figure class=\"wp-block-table is-style-stripes\"><table class=\"has-fixed-layout\"><tbody><tr><td>gem. 0-100 km\/h<\/td><td>11,5 Sek<\/td><\/tr><tr><td>H\u00f6chstgeschwindigkeit<\/td><td>180 km\/h<\/td><\/tr><\/tbody><\/table><\/figure>\n","protected":false},"excerpt":{"rendered":"<p>Kompakte SUVs erfreuen sich immer gr\u00f6\u00dferer Beliebtheit, daher reagieren verschiedene Hersteller auf diese Nachfrage. Wie bei Volkswagen wird f\u00fcr jedes [&hellip;]<\/p>\n","protected":false},"author":4,"featured_media":117801,"parent":117700,"menu_order":0,"comment_status":"closed","ping_status":"closed","template":"","meta":{"footnotes":""},"class_list":["post-117831","page","type-page","status-publish","has-post-thumbnail","hentry"],"acf":[],"yoast_head":"<!-- This site is optimized with the Yoast SEO plugin v21.2 - https:\/\/yoast.com\/wordpress\/plugins\/seo\/ -->\n<title>Volkswagen T-Kreuz - All cars news<\/title>\n<meta name=\"robots\" content=\"index, follow, max-snippet:-1, max-image-preview:large, max-video-preview:-1\" \/>\n<link rel=\"canonical\" href=\"https:\/\/all-car-news.com\/de\/autofinder\/volkswagen\/volkswagen-t-kreuz\/\" \/>\n<meta property=\"og:locale\" content=\"de_DE\" \/>\n<meta property=\"og:type\" content=\"article\" \/>\n<meta property=\"og:title\" content=\"Volkswagen T-Kreuz - All cars news\" \/>\n<meta property=\"og:description\" content=\"Kompakte SUVs erfreuen sich immer gr\u00f6\u00dferer Beliebtheit, daher reagieren verschiedene Hersteller auf diese Nachfrage. Wie bei Volkswagen wird f\u00fcr jedes [&hellip;]\" \/>\n<meta property=\"og:url\" content=\"https:\/\/all-car-news.com\/de\/autofinder\/volkswagen\/volkswagen-t-kreuz\/\" \/>\n<meta property=\"og:site_name\" content=\"All cars news\" \/>\n<meta property=\"article:modified_time\" content=\"2022-03-08T10:51:58+00:00\" \/>\n<meta property=\"og:image\" content=\"https:\/\/all-car-news.com\/wp-content\/uploads\/2022\/03\/Volkswagen-T-Cross-1.jpg\" \/>\n\t<meta property=\"og:image:width\" content=\"1279\" \/>\n\t<meta property=\"og:image:height\" content=\"924\" \/>\n\t<meta property=\"og:image:type\" content=\"image\/jpeg\" \/>\n<meta name=\"twitter:card\" content=\"summary_large_image\" \/>\n<meta name=\"twitter:label1\" content=\"Gesch\u00e4tzte Lesezeit\" \/>\n\t<meta name=\"twitter:data1\" content=\"2\u00a0Minuten\" \/>\n<script type=\"application\/ld+json\" class=\"yoast-schema-graph\">{\"@context\":\"https:\/\/schema.org\",\"@graph\":[{\"@type\":\"WebPage\",\"@id\":\"https:\/\/all-car-news.com\/de\/autofinder\/volkswagen\/volkswagen-t-kreuz\/\",\"url\":\"https:\/\/all-car-news.com\/de\/autofinder\/volkswagen\/volkswagen-t-kreuz\/\",\"name\":\"Volkswagen T-Kreuz - All cars news\",\"isPartOf\":{\"@id\":\"https:\/\/all-car-news.com\/de\/#website\"},\"datePublished\":\"2022-03-08T10:51:53+00:00\",\"dateModified\":\"2022-03-08T10:51:58+00:00\",\"breadcrumb\":{\"@id\":\"https:\/\/all-car-news.com\/de\/autofinder\/volkswagen\/volkswagen-t-kreuz\/#breadcrumb\"},\"inLanguage\":\"de\",\"potentialAction\":[{\"@type\":\"ReadAction\",\"target\":[\"https:\/\/all-car-news.com\/de\/autofinder\/volkswagen\/volkswagen-t-kreuz\/\"]}]},{\"@type\":\"BreadcrumbList\",\"@id\":\"https:\/\/all-car-news.com\/de\/autofinder\/volkswagen\/volkswagen-t-kreuz\/#breadcrumb\",\"itemListElement\":[{\"@type\":\"ListItem\",\"position\":1,\"name\":\"Home\",\"item\":\"https:\/\/all-car-news.com\/de\/\"},{\"@type\":\"ListItem\",\"position\":2,\"name\":\"Autofinder\",\"item\":\"https:\/\/all-car-news.com\/de\/autofinder\/\"},{\"@type\":\"ListItem\",\"position\":3,\"name\":\"Volkswagen\",\"item\":\"https:\/\/all-car-news.com\/de\/autofinder\/volkswagen\/\"},{\"@type\":\"ListItem\",\"position\":4,\"name\":\"Volkswagen T-Kreuz\"}]},{\"@type\":\"WebSite\",\"@id\":\"https:\/\/all-car-news.com\/de\/#website\",\"url\":\"https:\/\/all-car-news.com\/de\/\",\"name\":\"All cars news\",\"description\":\"\",\"publisher\":{\"@id\":\"https:\/\/all-car-news.com\/de\/#organization\"},\"potentialAction\":[{\"@type\":\"SearchAction\",\"target\":{\"@type\":\"EntryPoint\",\"urlTemplate\":\"https:\/\/all-car-news.com\/de\/?s={search_term_string}\"},\"query-input\":\"required name=search_term_string\"}],\"inLanguage\":\"de\"},{\"@type\":\"Organization\",\"@id\":\"https:\/\/all-car-news.com\/de\/#organization\",\"name\":\"All cars news\",\"url\":\"https:\/\/all-car-news.com\/de\/\",\"logo\":{\"@type\":\"ImageObject\",\"inLanguage\":\"de\",\"@id\":\"https:\/\/all-car-news.com\/de\/#\/schema\/logo\/image\/\",\"url\":\"https:\/\/all-car-news.com\/wp-content\/uploads\/2022\/02\/CMYK-AllCarNews_LANDSCAPE_300px-1.png\",\"contentUrl\":\"https:\/\/all-car-news.com\/wp-content\/uploads\/2022\/02\/CMYK-AllCarNews_LANDSCAPE_300px-1.png\",\"width\":300,\"height\":100,\"caption\":\"All cars news\"},\"image\":{\"@id\":\"https:\/\/all-car-news.com\/de\/#\/schema\/logo\/image\/\"}}]}<\/script>\n<!-- \/ Yoast SEO plugin. -->","yoast_head_json":{"title":"Volkswagen T-Kreuz - All cars news","robots":{"index":"index","follow":"follow","max-snippet":"max-snippet:-1","max-image-preview":"max-image-preview:large","max-video-preview":"max-video-preview:-1"},"canonical":"https:\/\/all-car-news.com\/de\/autofinder\/volkswagen\/volkswagen-t-kreuz\/","og_locale":"de_DE","og_type":"article","og_title":"Volkswagen T-Kreuz - All cars news","og_description":"Kompakte SUVs erfreuen sich immer gr\u00f6\u00dferer Beliebtheit, daher reagieren verschiedene Hersteller auf diese Nachfrage. Wie bei Volkswagen wird f\u00fcr jedes [&hellip;]","og_url":"https:\/\/all-car-news.com\/de\/autofinder\/volkswagen\/volkswagen-t-kreuz\/","og_site_name":"All cars news","article_modified_time":"2022-03-08T10:51:58+00:00","og_image":[{"width":1279,"height":924,"url":"https:\/\/all-car-news.com\/wp-content\/uploads\/2022\/03\/Volkswagen-T-Cross-1.jpg","type":"image\/jpeg"}],"twitter_card":"summary_large_image","twitter_misc":{"Gesch\u00e4tzte Lesezeit":"2\u00a0Minuten"},"schema":{"@context":"https:\/\/schema.org","@graph":[{"@type":"WebPage","@id":"https:\/\/all-car-news.com\/de\/autofinder\/volkswagen\/volkswagen-t-kreuz\/","url":"https:\/\/all-car-news.com\/de\/autofinder\/volkswagen\/volkswagen-t-kreuz\/","name":"Volkswagen T-Kreuz - All cars news","isPartOf":{"@id":"https:\/\/all-car-news.com\/de\/#website"},"datePublished":"2022-03-08T10:51:53+00:00","dateModified":"2022-03-08T10:51:58+00:00","breadcrumb":{"@id":"https:\/\/all-car-news.com\/de\/autofinder\/volkswagen\/volkswagen-t-kreuz\/#breadcrumb"},"inLanguage":"de","potentialAction":[{"@type":"ReadAction","target":["https:\/\/all-car-news.com\/de\/autofinder\/volkswagen\/volkswagen-t-kreuz\/"]}]},{"@type":"BreadcrumbList","@id":"https:\/\/all-car-news.com\/de\/autofinder\/volkswagen\/volkswagen-t-kreuz\/#breadcrumb","itemListElement":[{"@type":"ListItem","position":1,"name":"Home","item":"https:\/\/all-car-news.com\/de\/"},{"@type":"ListItem","position":2,"name":"Autofinder","item":"https:\/\/all-car-news.com\/de\/autofinder\/"},{"@type":"ListItem","position":3,"name":"Volkswagen","item":"https:\/\/all-car-news.com\/de\/autofinder\/volkswagen\/"},{"@type":"ListItem","position":4,"name":"Volkswagen T-Kreuz"}]},{"@type":"WebSite","@id":"https:\/\/all-car-news.com\/de\/#website","url":"https:\/\/all-car-news.com\/de\/","name":"All cars news","description":"","publisher":{"@id":"https:\/\/all-car-news.com\/de\/#organization"},"potentialAction":[{"@type":"SearchAction","target":{"@type":"EntryPoint","urlTemplate":"https:\/\/all-car-news.com\/de\/?s={search_term_string}"},"query-input":"required name=search_term_string"}],"inLanguage":"de"},{"@type":"Organization","@id":"https:\/\/all-car-news.com\/de\/#organization","name":"All cars news","url":"https:\/\/all-car-news.com\/de\/","logo":{"@type":"ImageObject","inLanguage":"de","@id":"https:\/\/all-car-news.com\/de\/#\/schema\/logo\/image\/","url":"https:\/\/all-car-news.com\/wp-content\/uploads\/2022\/02\/CMYK-AllCarNews_LANDSCAPE_300px-1.png","contentUrl":"https:\/\/all-car-news.com\/wp-content\/uploads\/2022\/02\/CMYK-AllCarNews_LANDSCAPE_300px-1.png","width":300,"height":100,"caption":"All cars news"},"image":{"@id":"https:\/\/all-car-news.com\/de\/#\/schema\/logo\/image\/"}}]}},"_links":{"self":[{"href":"https:\/\/all-car-news.com\/de\/wp-json\/wp\/v2\/pages\/117831","targetHints":{"allow":["GET"]}}],"collection":[{"href":"https:\/\/all-car-news.com\/de\/wp-json\/wp\/v2\/pages"}],"about":[{"href":"https:\/\/all-car-news.com\/de\/wp-json\/wp\/v2\/types\/page"}],"author":[{"embeddable":true,"href":"https:\/\/all-car-news.com\/de\/wp-json\/wp\/v2\/users\/4"}],"replies":[{"embeddable":true,"href":"https:\/\/all-car-news.com\/de\/wp-json\/wp\/v2\/comments?post=117831"}],"version-history":[{"count":0,"href":"https:\/\/all-car-news.com\/de\/wp-json\/wp\/v2\/pages\/117831\/revisions"}],"up":[{"embeddable":true,"href":"https:\/\/all-car-news.com\/de\/wp-json\/wp\/v2\/pages\/117700"}],"wp:featuredmedia":[{"embeddable":true,"href":"https:\/\/all-car-news.com\/de\/wp-json\/wp\/v2\/media\/117801"}],"wp:attachment":[{"href":"https:\/\/all-car-news.com\/de\/wp-json\/wp\/v2\/media?parent=117831"}],"curies":[{"name":"wp","href":"https:\/\/api.w.org\/{rel}","templated":true}]}}