{"id":117805,"date":"2022-03-08T10:51:32","date_gmt":"2022-03-08T10:51:32","guid":{"rendered":"https:\/\/all-car-news.com\/autofinder\/volkswagen\/volkswagen-arteon-schiessbremse\/"},"modified":"2022-03-08T10:51:57","modified_gmt":"2022-03-08T10:51:57","slug":"volkswagen-arteon-schiessbremse","status":"publish","type":"page","link":"https:\/\/all-car-news.com\/de\/autofinder\/volkswagen\/volkswagen-arteon-schiessbremse\/","title":{"rendered":"Volkswagen Arteon Schie\u00dfbremse"},"content":{"rendered":"\n<p>Die Geschichte des Volkswagen Arteon beginnt im Jahr 2008. Der erste Mercedes-Benz CLS von 2004 l\u00f6ste einen neuen Trend aus: die coup\u00e9hafte Limousine. Volkswagen kn\u00fcpfte 2008 mit der Einf\u00fchrung des Passat CC noch tiefer an dieses Niveau an. In der Tat: eine Limousine mit flie\u00dfenden, coup\u00e9haften Linien auf der technischen Basis des beliebten Passat.<\/p>\n\n<p>Die Geschichte des Volkswagen Arteon beginnt im Jahr 2008. Der erste Mercedes-Benz CLS von 2004 l\u00f6ste einen neuen Trend aus: die coup\u00e9hafte Limousine. Volkswagen kn\u00fcpfte 2008 mit der Einf\u00fchrung des Passat CC noch tiefer an dieses Niveau an. In der Tat: eine Limousine mit flie\u00dfenden, coup\u00e9haften Linien auf der technischen Basis des beliebten Passat.<\/p>\n\n<h2 class=\"wp-block-heading\"><strong>Facelifting<\/strong><br\/><\/h2>\n\n<p>Nachdem der Passat 2010 gr\u00fcndlich modernisiert wurde, war es 2012 Zeit f\u00fcr ein Facelift des CC. Das Auto erhielt eine neue Front und ein neues Heck, um dem Rest der Volkswagen-Palette zu entsprechen. Au\u00dferdem wurde die Typbezeichnung auf \u201eCC\u201c gek\u00fcrzt, um mehr Distanz zum Passat zu schaffen. Allerdings gelang es dem CC nie, die erwarteten Verkaufszahlen zu erreichen. Als der Absatz noch weiter eingebrochen war, war es an der Zeit, etwas anderes zu machen, mit einem neuen Modell: dem Arteon.<\/p>\n\n<h2 class=\"wp-block-heading\"><strong>hoch<\/strong><br\/><\/h2>\n\n<p>Der Arteon kam 2017 auf den Markt. Das Auto hatte immer noch eine \u00e4hnliche Karosserieform, wurde aber jetzt h\u00f6her im Markt positioniert, deutlich als Modell \u00fcber dem Passat. Der Arteon ist das neue Flaggschiff der Marke in der europ\u00e4ischen Modellpalette. Volkswagen scheint mit dem Arteon auf dem richtigen Weg zu sein: Das Auto verkauft sich deutlich besser als der CC. Im Jahr 2020 wurde der Arteon einem Facelift unterzogen und es erschien ein neuer Karosseriestil: der Shooting Brake.<\/p>\n\n<h2 class=\"wp-block-heading\">Technisch<\/h2>\n\n<figure class=\"wp-block-table is-style-stripes\"><table class=\"has-fixed-layout\"><tbody><tr><td>Motortyp<\/td><td>Benzin, 4-Zylinder-Reihe<\/td><\/tr><tr><td>Verschiebung<\/td><td>1.984 cm\u00b3<\/td><\/tr><tr><td>max. Verm\u00f6genswerte<\/td><td>140 kW (190 PS)<\/td><\/tr><tr><td>Biene<\/td><td>5.100 U\/min<\/td><\/tr><tr><td>max. Paar<\/td><td>320Nm<\/td><\/tr><tr><td>Biene<\/td><td>1.500 U\/min<\/td><\/tr><tr><td>Fahrt<\/td><td>Vorderreifen<\/td><\/tr><tr><td>Bremsen von\/a<\/td><td>gegeben Datentr\u00e4ger\/Scheiben<\/td><\/tr><tr><td>Wendekreis<\/td><td>11,9 m<\/td><\/tr><tr><td>Leistungsbereich<\/td><td>140 bis 160 kW<\/td><\/tr><\/tbody><\/table><\/figure>\n\n<h2 class=\"wp-block-heading\">Allgemein<\/h2>\n\n<figure class=\"wp-block-table is-style-stripes\"><table class=\"has-fixed-layout\"><tbody><tr><td>\u00dcbertragung<\/td><td>7AT<\/td><\/tr><tr><td>K\u00f6rpertyp<\/td><td>5-tlg. Kombi<\/td><\/tr><tr><td>Euro NCAP<\/td><td>5 Sterne<\/td><\/tr><tr><td>Markteinf\u00fchrung<\/td><td>September 2020<\/td><\/tr><tr><td>Neustes Facelift<\/td><td>N \/ A<\/td><\/tr><tr><td>Garantie<\/td><td>4 Jahre<\/td><\/tr><tr><td>Vom Preis<\/td><td>51.690 \u20ac<\/td><\/tr><\/tbody><\/table><\/figure>\n\n<h2 class=\"wp-block-heading\">Ma\u00dfe\/Gewichte<\/h2>\n\n<figure class=\"wp-block-table is-style-stripes\"><table class=\"has-fixed-layout\"><tbody><tr><td>Reifengr\u00f6\u00dfe<\/td><td>245\/45 R18<\/td><\/tr><tr><td>L x B x H<\/td><td>4.866 x 1.871 x 1.462 mm<\/td><\/tr><tr><td>Radstand<\/td><td>2.837 mm<\/td><\/tr><tr><td>Masse leer<\/td><td>1.625 kg<\/td><\/tr><tr><td>max. gem. Gew.<\/td><td>1.800 kg<\/td><\/tr><tr><td>Forts. Tasche. Zimmer.<\/td><td>565 l<\/td><\/tr><tr><td>Tankinhalt<\/td><td>66 l<\/td><\/tr><\/tbody><\/table><\/figure>\n\n<h2 class=\"wp-block-heading\">Verbrauch<\/h2>\n\n<figure class=\"wp-block-table is-style-stripes\"><table class=\"has-fixed-layout\"><tbody><tr><td>Anschluss kombiniert<\/td><td>7,0l\/100km<\/td><\/tr><tr><td>CO\u2082-Emissionen<\/td><td>160g\/km<\/td><\/tr><\/tbody><\/table><\/figure>\n\n<h2 class=\"wp-block-heading\">Leistung<\/h2>\n\n<figure class=\"wp-block-table is-style-stripes\"><table class=\"has-fixed-layout\"><tbody><tr><td>gem. 0-100 km\/h<\/td><td>7,9 Sek<\/td><\/tr><tr><td>H\u00f6chstgeschwindigkeit<\/td><td>233 km\/h<\/td><\/tr><\/tbody><\/table><\/figure>\n","protected":false},"excerpt":{"rendered":"<p>Die Geschichte des Volkswagen Arteon beginnt im Jahr 2008. Der erste Mercedes-Benz CLS von 2004 l\u00f6ste einen neuen Trend aus: [&hellip;]<\/p>\n","protected":false},"author":4,"featured_media":117794,"parent":117700,"menu_order":0,"comment_status":"closed","ping_status":"closed","template":"","meta":{"footnotes":""},"class_list":["post-117805","page","type-page","status-publish","has-post-thumbnail","hentry"],"acf":[],"yoast_head":"<!-- This site is optimized with the Yoast SEO plugin v21.2 - https:\/\/yoast.com\/wordpress\/plugins\/seo\/ -->\n<title>Volkswagen Arteon Schie\u00dfbremse - All cars news<\/title>\n<meta name=\"robots\" content=\"index, follow, max-snippet:-1, max-image-preview:large, max-video-preview:-1\" \/>\n<link rel=\"canonical\" href=\"https:\/\/all-car-news.com\/de\/autofinder\/volkswagen\/volkswagen-arteon-schiessbremse\/\" \/>\n<meta property=\"og:locale\" content=\"de_DE\" \/>\n<meta property=\"og:type\" content=\"article\" \/>\n<meta property=\"og:title\" content=\"Volkswagen Arteon Schie\u00dfbremse - All cars news\" \/>\n<meta property=\"og:description\" content=\"Die Geschichte des Volkswagen Arteon beginnt im Jahr 2008. Der erste Mercedes-Benz CLS von 2004 l\u00f6ste einen neuen Trend aus: [&hellip;]\" \/>\n<meta property=\"og:url\" content=\"https:\/\/all-car-news.com\/de\/autofinder\/volkswagen\/volkswagen-arteon-schiessbremse\/\" \/>\n<meta property=\"og:site_name\" content=\"All cars news\" \/>\n<meta property=\"article:modified_time\" content=\"2022-03-08T10:51:57+00:00\" \/>\n<meta property=\"og:image\" content=\"https:\/\/all-car-news.com\/wp-content\/uploads\/2022\/03\/Volkswagen-Arteon-Shooting-Brake-2.jpg\" \/>\n\t<meta property=\"og:image:width\" content=\"1021\" \/>\n\t<meta property=\"og:image:height\" content=\"736\" \/>\n\t<meta property=\"og:image:type\" content=\"image\/jpeg\" \/>\n<meta name=\"twitter:card\" content=\"summary_large_image\" \/>\n<meta name=\"twitter:label1\" content=\"Gesch\u00e4tzte Lesezeit\" \/>\n\t<meta name=\"twitter:data1\" content=\"2\u00a0Minuten\" \/>\n<script type=\"application\/ld+json\" class=\"yoast-schema-graph\">{\"@context\":\"https:\/\/schema.org\",\"@graph\":[{\"@type\":\"WebPage\",\"@id\":\"https:\/\/all-car-news.com\/de\/autofinder\/volkswagen\/volkswagen-arteon-schiessbremse\/\",\"url\":\"https:\/\/all-car-news.com\/de\/autofinder\/volkswagen\/volkswagen-arteon-schiessbremse\/\",\"name\":\"Volkswagen Arteon Schie\u00dfbremse - All cars news\",\"isPartOf\":{\"@id\":\"https:\/\/all-car-news.com\/de\/#website\"},\"datePublished\":\"2022-03-08T10:51:32+00:00\",\"dateModified\":\"2022-03-08T10:51:57+00:00\",\"breadcrumb\":{\"@id\":\"https:\/\/all-car-news.com\/de\/autofinder\/volkswagen\/volkswagen-arteon-schiessbremse\/#breadcrumb\"},\"inLanguage\":\"de\",\"potentialAction\":[{\"@type\":\"ReadAction\",\"target\":[\"https:\/\/all-car-news.com\/de\/autofinder\/volkswagen\/volkswagen-arteon-schiessbremse\/\"]}]},{\"@type\":\"BreadcrumbList\",\"@id\":\"https:\/\/all-car-news.com\/de\/autofinder\/volkswagen\/volkswagen-arteon-schiessbremse\/#breadcrumb\",\"itemListElement\":[{\"@type\":\"ListItem\",\"position\":1,\"name\":\"Home\",\"item\":\"https:\/\/all-car-news.com\/de\/\"},{\"@type\":\"ListItem\",\"position\":2,\"name\":\"Autofinder\",\"item\":\"https:\/\/all-car-news.com\/de\/autofinder\/\"},{\"@type\":\"ListItem\",\"position\":3,\"name\":\"Volkswagen\",\"item\":\"https:\/\/all-car-news.com\/de\/autofinder\/volkswagen\/\"},{\"@type\":\"ListItem\",\"position\":4,\"name\":\"Volkswagen Arteon Schie\u00dfbremse\"}]},{\"@type\":\"WebSite\",\"@id\":\"https:\/\/all-car-news.com\/de\/#website\",\"url\":\"https:\/\/all-car-news.com\/de\/\",\"name\":\"All cars news\",\"description\":\"\",\"publisher\":{\"@id\":\"https:\/\/all-car-news.com\/de\/#organization\"},\"potentialAction\":[{\"@type\":\"SearchAction\",\"target\":{\"@type\":\"EntryPoint\",\"urlTemplate\":\"https:\/\/all-car-news.com\/de\/?s={search_term_string}\"},\"query-input\":\"required name=search_term_string\"}],\"inLanguage\":\"de\"},{\"@type\":\"Organization\",\"@id\":\"https:\/\/all-car-news.com\/de\/#organization\",\"name\":\"All cars news\",\"url\":\"https:\/\/all-car-news.com\/de\/\",\"logo\":{\"@type\":\"ImageObject\",\"inLanguage\":\"de\",\"@id\":\"https:\/\/all-car-news.com\/de\/#\/schema\/logo\/image\/\",\"url\":\"https:\/\/all-car-news.com\/wp-content\/uploads\/2022\/02\/CMYK-AllCarNews_LANDSCAPE_300px-1.png\",\"contentUrl\":\"https:\/\/all-car-news.com\/wp-content\/uploads\/2022\/02\/CMYK-AllCarNews_LANDSCAPE_300px-1.png\",\"width\":300,\"height\":100,\"caption\":\"All cars news\"},\"image\":{\"@id\":\"https:\/\/all-car-news.com\/de\/#\/schema\/logo\/image\/\"}}]}<\/script>\n<!-- \/ Yoast SEO plugin. -->","yoast_head_json":{"title":"Volkswagen Arteon Schie\u00dfbremse - All cars news","robots":{"index":"index","follow":"follow","max-snippet":"max-snippet:-1","max-image-preview":"max-image-preview:large","max-video-preview":"max-video-preview:-1"},"canonical":"https:\/\/all-car-news.com\/de\/autofinder\/volkswagen\/volkswagen-arteon-schiessbremse\/","og_locale":"de_DE","og_type":"article","og_title":"Volkswagen Arteon Schie\u00dfbremse - All cars news","og_description":"Die Geschichte des Volkswagen Arteon beginnt im Jahr 2008. Der erste Mercedes-Benz CLS von 2004 l\u00f6ste einen neuen Trend aus: [&hellip;]","og_url":"https:\/\/all-car-news.com\/de\/autofinder\/volkswagen\/volkswagen-arteon-schiessbremse\/","og_site_name":"All cars news","article_modified_time":"2022-03-08T10:51:57+00:00","og_image":[{"width":1021,"height":736,"url":"https:\/\/all-car-news.com\/wp-content\/uploads\/2022\/03\/Volkswagen-Arteon-Shooting-Brake-2.jpg","type":"image\/jpeg"}],"twitter_card":"summary_large_image","twitter_misc":{"Gesch\u00e4tzte Lesezeit":"2\u00a0Minuten"},"schema":{"@context":"https:\/\/schema.org","@graph":[{"@type":"WebPage","@id":"https:\/\/all-car-news.com\/de\/autofinder\/volkswagen\/volkswagen-arteon-schiessbremse\/","url":"https:\/\/all-car-news.com\/de\/autofinder\/volkswagen\/volkswagen-arteon-schiessbremse\/","name":"Volkswagen Arteon Schie\u00dfbremse - All cars news","isPartOf":{"@id":"https:\/\/all-car-news.com\/de\/#website"},"datePublished":"2022-03-08T10:51:32+00:00","dateModified":"2022-03-08T10:51:57+00:00","breadcrumb":{"@id":"https:\/\/all-car-news.com\/de\/autofinder\/volkswagen\/volkswagen-arteon-schiessbremse\/#breadcrumb"},"inLanguage":"de","potentialAction":[{"@type":"ReadAction","target":["https:\/\/all-car-news.com\/de\/autofinder\/volkswagen\/volkswagen-arteon-schiessbremse\/"]}]},{"@type":"BreadcrumbList","@id":"https:\/\/all-car-news.com\/de\/autofinder\/volkswagen\/volkswagen-arteon-schiessbremse\/#breadcrumb","itemListElement":[{"@type":"ListItem","position":1,"name":"Home","item":"https:\/\/all-car-news.com\/de\/"},{"@type":"ListItem","position":2,"name":"Autofinder","item":"https:\/\/all-car-news.com\/de\/autofinder\/"},{"@type":"ListItem","position":3,"name":"Volkswagen","item":"https:\/\/all-car-news.com\/de\/autofinder\/volkswagen\/"},{"@type":"ListItem","position":4,"name":"Volkswagen Arteon Schie\u00dfbremse"}]},{"@type":"WebSite","@id":"https:\/\/all-car-news.com\/de\/#website","url":"https:\/\/all-car-news.com\/de\/","name":"All cars news","description":"","publisher":{"@id":"https:\/\/all-car-news.com\/de\/#organization"},"potentialAction":[{"@type":"SearchAction","target":{"@type":"EntryPoint","urlTemplate":"https:\/\/all-car-news.com\/de\/?s={search_term_string}"},"query-input":"required name=search_term_string"}],"inLanguage":"de"},{"@type":"Organization","@id":"https:\/\/all-car-news.com\/de\/#organization","name":"All cars news","url":"https:\/\/all-car-news.com\/de\/","logo":{"@type":"ImageObject","inLanguage":"de","@id":"https:\/\/all-car-news.com\/de\/#\/schema\/logo\/image\/","url":"https:\/\/all-car-news.com\/wp-content\/uploads\/2022\/02\/CMYK-AllCarNews_LANDSCAPE_300px-1.png","contentUrl":"https:\/\/all-car-news.com\/wp-content\/uploads\/2022\/02\/CMYK-AllCarNews_LANDSCAPE_300px-1.png","width":300,"height":100,"caption":"All cars news"},"image":{"@id":"https:\/\/all-car-news.com\/de\/#\/schema\/logo\/image\/"}}]}},"_links":{"self":[{"href":"https:\/\/all-car-news.com\/de\/wp-json\/wp\/v2\/pages\/117805","targetHints":{"allow":["GET"]}}],"collection":[{"href":"https:\/\/all-car-news.com\/de\/wp-json\/wp\/v2\/pages"}],"about":[{"href":"https:\/\/all-car-news.com\/de\/wp-json\/wp\/v2\/types\/page"}],"author":[{"embeddable":true,"href":"https:\/\/all-car-news.com\/de\/wp-json\/wp\/v2\/users\/4"}],"replies":[{"embeddable":true,"href":"https:\/\/all-car-news.com\/de\/wp-json\/wp\/v2\/comments?post=117805"}],"version-history":[{"count":0,"href":"https:\/\/all-car-news.com\/de\/wp-json\/wp\/v2\/pages\/117805\/revisions"}],"up":[{"embeddable":true,"href":"https:\/\/all-car-news.com\/de\/wp-json\/wp\/v2\/pages\/117700"}],"wp:featuredmedia":[{"embeddable":true,"href":"https:\/\/all-car-news.com\/de\/wp-json\/wp\/v2\/media\/117794"}],"wp:attachment":[{"href":"https:\/\/all-car-news.com\/de\/wp-json\/wp\/v2\/media?parent=117805"}],"curies":[{"name":"wp","href":"https:\/\/api.w.org\/{rel}","templated":true}]}}