{"id":117740,"date":"2022-03-08T09:40:51","date_gmt":"2022-03-08T09:40:51","guid":{"rendered":"https:\/\/all-car-news.com\/autofinder\/volkswagen\/volkswagen-kaefer\/"},"modified":"2022-03-08T09:40:52","modified_gmt":"2022-03-08T09:40:52","slug":"volkswagen-kaefer","status":"publish","type":"page","link":"https:\/\/all-car-news.com\/de\/autofinder\/volkswagen\/volkswagen-kaefer\/","title":{"rendered":"Volkswagen K\u00e4fer"},"content":{"rendered":"\n<p>In den sp\u00e4ten 1990er Jahren, wenn die Jahrhundertwende naht, ist Retro ein beliebtes Thema. Darauf reagieren verschiedene Autohersteller mit Retro-Modellen. Denken Sie an den Chrysler PT Cruiser, den Ford Thunderbird und die R\u00fcckkehr von Mini. Auch Volkswagen partizipierte an dem Trend und stellte den New Beetle vor. Die moderne Reinkarnation des klassischen Volkswagen K\u00e4fers wurde auf der Plattform des Golf gebaut und erschien auch als Cabrio.<\/p>\n\n<p>In den sp\u00e4ten 1990er Jahren, wenn die Jahrhundertwende naht, ist Retro ein beliebtes Thema. Darauf reagieren verschiedene Autohersteller mit Retro-Modellen. Denken Sie an den Chrysler PT Cruiser, den Ford Thunderbird und die R\u00fcckkehr von Mini. Auch Volkswagen partizipierte an dem Trend und stellte den New Beetle vor. Die moderne Reinkarnation des klassischen Volkswagen K\u00e4fers wurde auf der Plattform des Golf gebaut und erschien auch als Cabrio.<br\/><br\/><strong>h\u00e4rter<\/strong><br\/>Nach einem zwischenzeitlichen Facelift im Jahr 2005 und vielen Sondereditionen blieb der New Beetle bis 2011 in Produktion. In diesem Jahr erschien die zweite Generation, aber davor hat Volkswagen einiges anders gemacht. Zum Beispiel wurde der Name in \u201eK\u00e4fer\u201c ge\u00e4ndert und das Auto erhielt ein etwas h\u00e4rteres Design mit einer etwas niedrigeren Dachlinie. So erhoffte sich Volkswagen mit dem K\u00e4fer mehr Erfolg als mit dem eigentlich nur in den USA erfolgreichen New Beetle.<br\/><br\/><strong>Ende einer \u00c4ra<\/strong><br\/>Der K\u00e4fer wurde zwar besser bewertet als der New Beetle, aber der Erfolg blieb dennoch hinter den Erwartungen zur\u00fcck. Die Einf\u00fchrung von Sonderversionen und der robusten Dune-Version mit \u201eOffroad-Kleidung\u201c \u00e4nderte wenig. Bereits 2018 entschied der niederl\u00e4ndische Importeur, die Belieferung des Modells einzustellen und 2019 ging auch der Beetle weltweit aus der Produktion. Damit geht gewisserma\u00dfen eine \u00c4ra zu Ende, denn erstmals liefert Volkswagen kein \u201eK\u00e4fer-Modell\u201c mehr aus.<\/p>\n\n<h2 class=\"wp-block-heading\">Technisch<\/h2>\n\n<figure class=\"wp-block-table is-style-stripes\"><table class=\"has-fixed-layout\"><tbody><tr><td>Motortyp<\/td><td>Benzin, 4-Zylinder-Reihe<\/td><\/tr><tr><td>Verschiebung<\/td><td>1.197 cm\u00b3<\/td><\/tr><tr><td>max. Verm\u00f6genswerte<\/td><td>77 kW (105 PS)<\/td><\/tr><tr><td>Biene<\/td><td>4.500 U\/min<\/td><\/tr><tr><td>max. Paar<\/td><td>175Nm<\/td><\/tr><tr><td>Biene<\/td><td>1.400 U\/min<\/td><\/tr><tr><td>Fahrt<\/td><td>Vorderreifen<\/td><\/tr><tr><td>Bremsen von\/a<\/td><td>gegeben Datentr\u00e4ger\/Scheiben<\/td><\/tr><tr><td>Wendekreis<\/td><td>10,8 m<\/td><\/tr><tr><td>Leistungsbereich<\/td><td>77 bis 162 kW<\/td><\/tr><\/tbody><\/table><\/figure>\n\n<h2 class=\"wp-block-heading\">Allgemein<\/h2>\n\n<figure class=\"wp-block-table is-style-stripes\"><table class=\"has-fixed-layout\"><tbody><tr><td>\u00dcbertragung<\/td><td>6MT<\/td><\/tr><tr><td>K\u00f6rpertyp<\/td><td>3-tlg. Schr\u00e4gheck<\/td><\/tr><tr><td>Euro NCAP<\/td><td>5 Sterne<\/td><\/tr><tr><td>Markteinf\u00fchrung<\/td><td>November 2011<\/td><\/tr><tr><td>Neustes Facelift<\/td><td>Juli 2016<\/td><\/tr><tr><td>Garantie<\/td><td>zwei Jahre<\/td><\/tr><tr><td>Vom Preis<\/td><td>27.650 \u20ac<\/td><\/tr><tr><td>Besonderheiten<\/td><td>Beetle Coup\u00e9 und Cabrio sind nicht mehr mit Dieselmotor erh\u00e4ltlich.<\/td><\/tr><\/tbody><\/table><\/figure>\n\n<h2 class=\"wp-block-heading\">Ma\u00dfe\/Gewichte<\/h2>\n\n<figure class=\"wp-block-table is-style-stripes\"><table class=\"has-fixed-layout\"><tbody><tr><td>Reifengr\u00f6\u00dfe<\/td><td>215\/60 R16<\/td><\/tr><tr><td>L x B x H<\/td><td>4.288 x 1.825 x 1.488 mm<\/td><\/tr><tr><td>Radstand<\/td><td>2.524 mm<\/td><\/tr><tr><td>Masse leer<\/td><td>1.214 kg<\/td><\/tr><tr><td>max. gem. Gew.<\/td><td>n\/a kg<\/td><\/tr><tr><td>Forts. Tasche. Zimmer.<\/td><td>310 l<\/td><\/tr><tr><td>Tankinhalt<\/td><td>55 l<\/td><\/tr><\/tbody><\/table><\/figure>\n\n<h2 class=\"wp-block-heading\">Verbrauch<\/h2>\n\n<figure class=\"wp-block-table is-style-stripes\"><table class=\"has-fixed-layout\"><tbody><tr><td>Anschluss kombiniert<\/td><td>5,4l\/100km<\/td><\/tr><tr><td>CO\u2082-Emissionen<\/td><td>126g\/km<\/td><\/tr><tr><td>Energielabel<\/td><td>C<\/td><\/tr><\/tbody><\/table><\/figure>\n\n<h2 class=\"wp-block-heading\">Leistung<\/h2>\n\n<figure class=\"wp-block-table is-style-stripes\"><table class=\"has-fixed-layout\"><tbody><tr><td>gem. 0-100 km\/h<\/td><td>10,9 Sek<\/td><\/tr><tr><td>H\u00f6chstgeschwindigkeit<\/td><td>180 km\/h<\/td><\/tr><\/tbody><\/table><\/figure>\n","protected":false},"excerpt":{"rendered":"<p>In den sp\u00e4ten 1990er Jahren, wenn die Jahrhundertwende naht, ist Retro ein beliebtes Thema. Darauf reagieren verschiedene Autohersteller mit Retro-Modellen. [&hellip;]<\/p>\n","protected":false},"author":4,"featured_media":117734,"parent":117700,"menu_order":0,"comment_status":"closed","ping_status":"closed","template":"","meta":{"footnotes":""},"class_list":["post-117740","page","type-page","status-publish","has-post-thumbnail","hentry"],"acf":[],"yoast_head":"<!-- This site is optimized with the Yoast SEO plugin v21.2 - https:\/\/yoast.com\/wordpress\/plugins\/seo\/ -->\n<title>Volkswagen K\u00e4fer - All cars news<\/title>\n<meta name=\"robots\" content=\"index, follow, max-snippet:-1, max-image-preview:large, max-video-preview:-1\" \/>\n<link rel=\"canonical\" href=\"https:\/\/all-car-news.com\/de\/autofinder\/volkswagen\/volkswagen-kaefer\/\" \/>\n<meta property=\"og:locale\" content=\"de_DE\" \/>\n<meta property=\"og:type\" content=\"article\" \/>\n<meta property=\"og:title\" content=\"Volkswagen K\u00e4fer - All cars news\" \/>\n<meta property=\"og:description\" content=\"In den sp\u00e4ten 1990er Jahren, wenn die Jahrhundertwende naht, ist Retro ein beliebtes Thema. Darauf reagieren verschiedene Autohersteller mit Retro-Modellen. [&hellip;]\" \/>\n<meta property=\"og:url\" content=\"https:\/\/all-car-news.com\/de\/autofinder\/volkswagen\/volkswagen-kaefer\/\" \/>\n<meta property=\"og:site_name\" content=\"All cars news\" \/>\n<meta property=\"article:modified_time\" content=\"2022-03-08T09:40:52+00:00\" \/>\n<meta property=\"og:image\" content=\"https:\/\/all-car-news.com\/wp-content\/uploads\/2022\/03\/Volkswagen-Beetle-1.jpg\" \/>\n\t<meta property=\"og:image:width\" content=\"1280\" \/>\n\t<meta property=\"og:image:height\" content=\"927\" \/>\n\t<meta property=\"og:image:type\" content=\"image\/jpeg\" \/>\n<meta name=\"twitter:card\" content=\"summary_large_image\" \/>\n<meta name=\"twitter:label1\" content=\"Gesch\u00e4tzte Lesezeit\" \/>\n\t<meta name=\"twitter:data1\" content=\"2\u00a0Minuten\" \/>\n<script type=\"application\/ld+json\" class=\"yoast-schema-graph\">{\"@context\":\"https:\/\/schema.org\",\"@graph\":[{\"@type\":\"WebPage\",\"@id\":\"https:\/\/all-car-news.com\/de\/autofinder\/volkswagen\/volkswagen-kaefer\/\",\"url\":\"https:\/\/all-car-news.com\/de\/autofinder\/volkswagen\/volkswagen-kaefer\/\",\"name\":\"Volkswagen K\u00e4fer - All cars news\",\"isPartOf\":{\"@id\":\"https:\/\/all-car-news.com\/de\/#website\"},\"datePublished\":\"2022-03-08T09:40:51+00:00\",\"dateModified\":\"2022-03-08T09:40:52+00:00\",\"breadcrumb\":{\"@id\":\"https:\/\/all-car-news.com\/de\/autofinder\/volkswagen\/volkswagen-kaefer\/#breadcrumb\"},\"inLanguage\":\"de\",\"potentialAction\":[{\"@type\":\"ReadAction\",\"target\":[\"https:\/\/all-car-news.com\/de\/autofinder\/volkswagen\/volkswagen-kaefer\/\"]}]},{\"@type\":\"BreadcrumbList\",\"@id\":\"https:\/\/all-car-news.com\/de\/autofinder\/volkswagen\/volkswagen-kaefer\/#breadcrumb\",\"itemListElement\":[{\"@type\":\"ListItem\",\"position\":1,\"name\":\"Home\",\"item\":\"https:\/\/all-car-news.com\/de\/\"},{\"@type\":\"ListItem\",\"position\":2,\"name\":\"Autofinder\",\"item\":\"https:\/\/all-car-news.com\/de\/autofinder\/\"},{\"@type\":\"ListItem\",\"position\":3,\"name\":\"Volkswagen\",\"item\":\"https:\/\/all-car-news.com\/de\/autofinder\/volkswagen\/\"},{\"@type\":\"ListItem\",\"position\":4,\"name\":\"Volkswagen K\u00e4fer\"}]},{\"@type\":\"WebSite\",\"@id\":\"https:\/\/all-car-news.com\/de\/#website\",\"url\":\"https:\/\/all-car-news.com\/de\/\",\"name\":\"All cars news\",\"description\":\"\",\"publisher\":{\"@id\":\"https:\/\/all-car-news.com\/de\/#organization\"},\"potentialAction\":[{\"@type\":\"SearchAction\",\"target\":{\"@type\":\"EntryPoint\",\"urlTemplate\":\"https:\/\/all-car-news.com\/de\/?s={search_term_string}\"},\"query-input\":\"required name=search_term_string\"}],\"inLanguage\":\"de\"},{\"@type\":\"Organization\",\"@id\":\"https:\/\/all-car-news.com\/de\/#organization\",\"name\":\"All cars news\",\"url\":\"https:\/\/all-car-news.com\/de\/\",\"logo\":{\"@type\":\"ImageObject\",\"inLanguage\":\"de\",\"@id\":\"https:\/\/all-car-news.com\/de\/#\/schema\/logo\/image\/\",\"url\":\"https:\/\/all-car-news.com\/wp-content\/uploads\/2022\/02\/CMYK-AllCarNews_LANDSCAPE_300px-1.png\",\"contentUrl\":\"https:\/\/all-car-news.com\/wp-content\/uploads\/2022\/02\/CMYK-AllCarNews_LANDSCAPE_300px-1.png\",\"width\":300,\"height\":100,\"caption\":\"All cars news\"},\"image\":{\"@id\":\"https:\/\/all-car-news.com\/de\/#\/schema\/logo\/image\/\"}}]}<\/script>\n<!-- \/ Yoast SEO plugin. -->","yoast_head_json":{"title":"Volkswagen K\u00e4fer - All cars news","robots":{"index":"index","follow":"follow","max-snippet":"max-snippet:-1","max-image-preview":"max-image-preview:large","max-video-preview":"max-video-preview:-1"},"canonical":"https:\/\/all-car-news.com\/de\/autofinder\/volkswagen\/volkswagen-kaefer\/","og_locale":"de_DE","og_type":"article","og_title":"Volkswagen K\u00e4fer - All cars news","og_description":"In den sp\u00e4ten 1990er Jahren, wenn die Jahrhundertwende naht, ist Retro ein beliebtes Thema. Darauf reagieren verschiedene Autohersteller mit Retro-Modellen. [&hellip;]","og_url":"https:\/\/all-car-news.com\/de\/autofinder\/volkswagen\/volkswagen-kaefer\/","og_site_name":"All cars news","article_modified_time":"2022-03-08T09:40:52+00:00","og_image":[{"width":1280,"height":927,"url":"https:\/\/all-car-news.com\/wp-content\/uploads\/2022\/03\/Volkswagen-Beetle-1.jpg","type":"image\/jpeg"}],"twitter_card":"summary_large_image","twitter_misc":{"Gesch\u00e4tzte Lesezeit":"2\u00a0Minuten"},"schema":{"@context":"https:\/\/schema.org","@graph":[{"@type":"WebPage","@id":"https:\/\/all-car-news.com\/de\/autofinder\/volkswagen\/volkswagen-kaefer\/","url":"https:\/\/all-car-news.com\/de\/autofinder\/volkswagen\/volkswagen-kaefer\/","name":"Volkswagen K\u00e4fer - All cars news","isPartOf":{"@id":"https:\/\/all-car-news.com\/de\/#website"},"datePublished":"2022-03-08T09:40:51+00:00","dateModified":"2022-03-08T09:40:52+00:00","breadcrumb":{"@id":"https:\/\/all-car-news.com\/de\/autofinder\/volkswagen\/volkswagen-kaefer\/#breadcrumb"},"inLanguage":"de","potentialAction":[{"@type":"ReadAction","target":["https:\/\/all-car-news.com\/de\/autofinder\/volkswagen\/volkswagen-kaefer\/"]}]},{"@type":"BreadcrumbList","@id":"https:\/\/all-car-news.com\/de\/autofinder\/volkswagen\/volkswagen-kaefer\/#breadcrumb","itemListElement":[{"@type":"ListItem","position":1,"name":"Home","item":"https:\/\/all-car-news.com\/de\/"},{"@type":"ListItem","position":2,"name":"Autofinder","item":"https:\/\/all-car-news.com\/de\/autofinder\/"},{"@type":"ListItem","position":3,"name":"Volkswagen","item":"https:\/\/all-car-news.com\/de\/autofinder\/volkswagen\/"},{"@type":"ListItem","position":4,"name":"Volkswagen K\u00e4fer"}]},{"@type":"WebSite","@id":"https:\/\/all-car-news.com\/de\/#website","url":"https:\/\/all-car-news.com\/de\/","name":"All cars news","description":"","publisher":{"@id":"https:\/\/all-car-news.com\/de\/#organization"},"potentialAction":[{"@type":"SearchAction","target":{"@type":"EntryPoint","urlTemplate":"https:\/\/all-car-news.com\/de\/?s={search_term_string}"},"query-input":"required name=search_term_string"}],"inLanguage":"de"},{"@type":"Organization","@id":"https:\/\/all-car-news.com\/de\/#organization","name":"All cars news","url":"https:\/\/all-car-news.com\/de\/","logo":{"@type":"ImageObject","inLanguage":"de","@id":"https:\/\/all-car-news.com\/de\/#\/schema\/logo\/image\/","url":"https:\/\/all-car-news.com\/wp-content\/uploads\/2022\/02\/CMYK-AllCarNews_LANDSCAPE_300px-1.png","contentUrl":"https:\/\/all-car-news.com\/wp-content\/uploads\/2022\/02\/CMYK-AllCarNews_LANDSCAPE_300px-1.png","width":300,"height":100,"caption":"All cars news"},"image":{"@id":"https:\/\/all-car-news.com\/de\/#\/schema\/logo\/image\/"}}]}},"_links":{"self":[{"href":"https:\/\/all-car-news.com\/de\/wp-json\/wp\/v2\/pages\/117740","targetHints":{"allow":["GET"]}}],"collection":[{"href":"https:\/\/all-car-news.com\/de\/wp-json\/wp\/v2\/pages"}],"about":[{"href":"https:\/\/all-car-news.com\/de\/wp-json\/wp\/v2\/types\/page"}],"author":[{"embeddable":true,"href":"https:\/\/all-car-news.com\/de\/wp-json\/wp\/v2\/users\/4"}],"replies":[{"embeddable":true,"href":"https:\/\/all-car-news.com\/de\/wp-json\/wp\/v2\/comments?post=117740"}],"version-history":[{"count":0,"href":"https:\/\/all-car-news.com\/de\/wp-json\/wp\/v2\/pages\/117740\/revisions"}],"up":[{"embeddable":true,"href":"https:\/\/all-car-news.com\/de\/wp-json\/wp\/v2\/pages\/117700"}],"wp:featuredmedia":[{"embeddable":true,"href":"https:\/\/all-car-news.com\/de\/wp-json\/wp\/v2\/media\/117734"}],"wp:attachment":[{"href":"https:\/\/all-car-news.com\/de\/wp-json\/wp\/v2\/media?parent=117740"}],"curies":[{"name":"wp","href":"https:\/\/api.w.org\/{rel}","templated":true}]}}