{"id":117700,"date":"2022-03-08T09:23:52","date_gmt":"2022-03-08T09:23:52","guid":{"rendered":"https:\/\/all-car-news.com\/volkswagen\/"},"modified":"2022-03-08T09:24:03","modified_gmt":"2022-03-08T09:24:03","slug":"volkswagen","status":"publish","type":"page","link":"https:\/\/all-car-news.com\/de\/autofinder\/volkswagen\/","title":{"rendered":"Volkswagen"},"content":{"rendered":"\n<h2 class=\"wp-block-heading\">Volkswagen Geschichte<\/h2>\n\n<p>Der Volkswagen K\u00e4fer ist ein Projekt f\u00fcr ein Auto f\u00fcr das Volk, eine Geschichte mit vielen dunklen Seiten, die wir hier nicht hervorheben. 1947 erhielt das Werk vom Niederl\u00e4nder Ben Pon einen Auftrag \u00fcber 56 K\u00e4fer. Seitdem ist Pon der niederl\u00e4ndische Volkswagen-Importeur. 1950 entwarf Pon ein kleines Nutzfahrzeug. Daraus wurde der Transporter, der sprichw\u00f6rtliche Volkswagen Bus. Also zwei Kultautos.<\/p>\n\n<p>Bis 1970 hatte Volkswagen ein sehr unvollst\u00e4ndiges Programm und die bis dahin erschienenen Modelle waren alle Varianten des K\u00e4fers, mit einem altmodischen Chassis und mit dem Motor im Heck. Erst mit dem K70, einem verstorbenen Waisenkind des NSU, produzierte Volkswagen einen modernen Personenwagen. 1972 rollte der 15.07.034. K\u00e4fer vom Band und brach damit den Volkswagen Modell T-Rekord. Der Volkswagen Golf erschien 1974, der K\u00e4fer blieb bis 1978 in Europa in Produktion.<\/p>\n\n<p>1964 \u00fcbernahm Volkswagen die Auto Union. Dieser bestand seit der Krise der 1930er-Jahre aus DKW, Wanderer, Horch und Audi, Volkswagen f\u00fchrte aber nur den Namen Audi. 1969 \u00fcbernahm Volkswagen auch NSU und Audi und NSU wurden in eine eigene Sparte eingegliedert. Dar\u00fcber hinaus geh\u00f6ren Porsche, SEAT, Skoda, Bentley, Lamborghini und Bugatti zum Volkswagen Konzern.<\/p>\n","protected":false},"excerpt":{"rendered":"<p>Volkswagen Geschichte Der Volkswagen K\u00e4fer ist ein Projekt f\u00fcr ein Auto f\u00fcr das Volk, eine Geschichte mit vielen dunklen Seiten, [&hellip;]<\/p>\n","protected":false},"author":4,"featured_media":0,"parent":116568,"menu_order":0,"comment_status":"closed","ping_status":"closed","template":"","meta":{"footnotes":""},"class_list":["post-117700","page","type-page","status-publish","hentry"],"acf":[],"yoast_head":"<!-- This site is optimized with the Yoast SEO plugin v21.2 - https:\/\/yoast.com\/wordpress\/plugins\/seo\/ -->\n<title>Volkswagen - All cars news<\/title>\n<meta name=\"robots\" content=\"index, follow, max-snippet:-1, max-image-preview:large, max-video-preview:-1\" \/>\n<link rel=\"canonical\" href=\"https:\/\/all-car-news.com\/de\/autofinder\/volkswagen\/\" \/>\n<meta property=\"og:locale\" content=\"de_DE\" \/>\n<meta property=\"og:type\" content=\"article\" \/>\n<meta property=\"og:title\" content=\"Volkswagen - All cars news\" \/>\n<meta property=\"og:description\" content=\"Volkswagen Geschichte Der Volkswagen K\u00e4fer ist ein Projekt f\u00fcr ein Auto f\u00fcr das Volk, eine Geschichte mit vielen dunklen Seiten, [&hellip;]\" \/>\n<meta property=\"og:url\" content=\"https:\/\/all-car-news.com\/de\/autofinder\/volkswagen\/\" \/>\n<meta property=\"og:site_name\" content=\"All cars news\" \/>\n<meta property=\"article:modified_time\" content=\"2022-03-08T09:24:03+00:00\" \/>\n<meta name=\"twitter:card\" content=\"summary_large_image\" \/>\n<meta name=\"twitter:label1\" content=\"Gesch\u00e4tzte Lesezeit\" \/>\n\t<meta name=\"twitter:data1\" content=\"1\u00a0Minute\" \/>\n<script type=\"application\/ld+json\" class=\"yoast-schema-graph\">{\"@context\":\"https:\/\/schema.org\",\"@graph\":[{\"@type\":\"WebPage\",\"@id\":\"https:\/\/all-car-news.com\/de\/autofinder\/volkswagen\/\",\"url\":\"https:\/\/all-car-news.com\/de\/autofinder\/volkswagen\/\",\"name\":\"Volkswagen - All cars news\",\"isPartOf\":{\"@id\":\"https:\/\/all-car-news.com\/de\/#website\"},\"datePublished\":\"2022-03-08T09:23:52+00:00\",\"dateModified\":\"2022-03-08T09:24:03+00:00\",\"breadcrumb\":{\"@id\":\"https:\/\/all-car-news.com\/de\/autofinder\/volkswagen\/#breadcrumb\"},\"inLanguage\":\"de\",\"potentialAction\":[{\"@type\":\"ReadAction\",\"target\":[\"https:\/\/all-car-news.com\/de\/autofinder\/volkswagen\/\"]}]},{\"@type\":\"BreadcrumbList\",\"@id\":\"https:\/\/all-car-news.com\/de\/autofinder\/volkswagen\/#breadcrumb\",\"itemListElement\":[{\"@type\":\"ListItem\",\"position\":1,\"name\":\"Home\",\"item\":\"https:\/\/all-car-news.com\/de\/\"},{\"@type\":\"ListItem\",\"position\":2,\"name\":\"Autofinder\",\"item\":\"https:\/\/all-car-news.com\/de\/autofinder\/\"},{\"@type\":\"ListItem\",\"position\":3,\"name\":\"Volkswagen\"}]},{\"@type\":\"WebSite\",\"@id\":\"https:\/\/all-car-news.com\/de\/#website\",\"url\":\"https:\/\/all-car-news.com\/de\/\",\"name\":\"All cars news\",\"description\":\"\",\"publisher\":{\"@id\":\"https:\/\/all-car-news.com\/de\/#organization\"},\"potentialAction\":[{\"@type\":\"SearchAction\",\"target\":{\"@type\":\"EntryPoint\",\"urlTemplate\":\"https:\/\/all-car-news.com\/de\/?s={search_term_string}\"},\"query-input\":\"required name=search_term_string\"}],\"inLanguage\":\"de\"},{\"@type\":\"Organization\",\"@id\":\"https:\/\/all-car-news.com\/de\/#organization\",\"name\":\"All cars news\",\"url\":\"https:\/\/all-car-news.com\/de\/\",\"logo\":{\"@type\":\"ImageObject\",\"inLanguage\":\"de\",\"@id\":\"https:\/\/all-car-news.com\/de\/#\/schema\/logo\/image\/\",\"url\":\"https:\/\/all-car-news.com\/wp-content\/uploads\/2022\/02\/CMYK-AllCarNews_LANDSCAPE_300px-1.png\",\"contentUrl\":\"https:\/\/all-car-news.com\/wp-content\/uploads\/2022\/02\/CMYK-AllCarNews_LANDSCAPE_300px-1.png\",\"width\":300,\"height\":100,\"caption\":\"All cars news\"},\"image\":{\"@id\":\"https:\/\/all-car-news.com\/de\/#\/schema\/logo\/image\/\"}}]}<\/script>\n<!-- \/ Yoast SEO plugin. -->","yoast_head_json":{"title":"Volkswagen - All cars news","robots":{"index":"index","follow":"follow","max-snippet":"max-snippet:-1","max-image-preview":"max-image-preview:large","max-video-preview":"max-video-preview:-1"},"canonical":"https:\/\/all-car-news.com\/de\/autofinder\/volkswagen\/","og_locale":"de_DE","og_type":"article","og_title":"Volkswagen - All cars news","og_description":"Volkswagen Geschichte Der Volkswagen K\u00e4fer ist ein Projekt f\u00fcr ein Auto f\u00fcr das Volk, eine Geschichte mit vielen dunklen Seiten, [&hellip;]","og_url":"https:\/\/all-car-news.com\/de\/autofinder\/volkswagen\/","og_site_name":"All cars news","article_modified_time":"2022-03-08T09:24:03+00:00","twitter_card":"summary_large_image","twitter_misc":{"Gesch\u00e4tzte Lesezeit":"1\u00a0Minute"},"schema":{"@context":"https:\/\/schema.org","@graph":[{"@type":"WebPage","@id":"https:\/\/all-car-news.com\/de\/autofinder\/volkswagen\/","url":"https:\/\/all-car-news.com\/de\/autofinder\/volkswagen\/","name":"Volkswagen - All cars news","isPartOf":{"@id":"https:\/\/all-car-news.com\/de\/#website"},"datePublished":"2022-03-08T09:23:52+00:00","dateModified":"2022-03-08T09:24:03+00:00","breadcrumb":{"@id":"https:\/\/all-car-news.com\/de\/autofinder\/volkswagen\/#breadcrumb"},"inLanguage":"de","potentialAction":[{"@type":"ReadAction","target":["https:\/\/all-car-news.com\/de\/autofinder\/volkswagen\/"]}]},{"@type":"BreadcrumbList","@id":"https:\/\/all-car-news.com\/de\/autofinder\/volkswagen\/#breadcrumb","itemListElement":[{"@type":"ListItem","position":1,"name":"Home","item":"https:\/\/all-car-news.com\/de\/"},{"@type":"ListItem","position":2,"name":"Autofinder","item":"https:\/\/all-car-news.com\/de\/autofinder\/"},{"@type":"ListItem","position":3,"name":"Volkswagen"}]},{"@type":"WebSite","@id":"https:\/\/all-car-news.com\/de\/#website","url":"https:\/\/all-car-news.com\/de\/","name":"All cars news","description":"","publisher":{"@id":"https:\/\/all-car-news.com\/de\/#organization"},"potentialAction":[{"@type":"SearchAction","target":{"@type":"EntryPoint","urlTemplate":"https:\/\/all-car-news.com\/de\/?s={search_term_string}"},"query-input":"required name=search_term_string"}],"inLanguage":"de"},{"@type":"Organization","@id":"https:\/\/all-car-news.com\/de\/#organization","name":"All cars news","url":"https:\/\/all-car-news.com\/de\/","logo":{"@type":"ImageObject","inLanguage":"de","@id":"https:\/\/all-car-news.com\/de\/#\/schema\/logo\/image\/","url":"https:\/\/all-car-news.com\/wp-content\/uploads\/2022\/02\/CMYK-AllCarNews_LANDSCAPE_300px-1.png","contentUrl":"https:\/\/all-car-news.com\/wp-content\/uploads\/2022\/02\/CMYK-AllCarNews_LANDSCAPE_300px-1.png","width":300,"height":100,"caption":"All cars news"},"image":{"@id":"https:\/\/all-car-news.com\/de\/#\/schema\/logo\/image\/"}}]}},"_links":{"self":[{"href":"https:\/\/all-car-news.com\/de\/wp-json\/wp\/v2\/pages\/117700","targetHints":{"allow":["GET"]}}],"collection":[{"href":"https:\/\/all-car-news.com\/de\/wp-json\/wp\/v2\/pages"}],"about":[{"href":"https:\/\/all-car-news.com\/de\/wp-json\/wp\/v2\/types\/page"}],"author":[{"embeddable":true,"href":"https:\/\/all-car-news.com\/de\/wp-json\/wp\/v2\/users\/4"}],"replies":[{"embeddable":true,"href":"https:\/\/all-car-news.com\/de\/wp-json\/wp\/v2\/comments?post=117700"}],"version-history":[{"count":0,"href":"https:\/\/all-car-news.com\/de\/wp-json\/wp\/v2\/pages\/117700\/revisions"}],"up":[{"embeddable":true,"href":"https:\/\/all-car-news.com\/de\/wp-json\/wp\/v2\/pages\/116568"}],"wp:attachment":[{"href":"https:\/\/all-car-news.com\/de\/wp-json\/wp\/v2\/media?parent=117700"}],"curies":[{"name":"wp","href":"https:\/\/api.w.org\/{rel}","templated":true}]}}