{"id":117550,"date":"2022-03-08T08:32:41","date_gmt":"2022-03-08T08:32:41","guid":{"rendered":"https:\/\/all-car-news.com\/bmw-6er-gran-turismo\/"},"modified":"2022-03-08T08:32:43","modified_gmt":"2022-03-08T08:32:43","slug":"bmw-6er-gran-turismo","status":"publish","type":"page","link":"https:\/\/all-car-news.com\/de\/bmw-6er-gran-turismo\/","title":{"rendered":"BMW 6er Gran Turismo"},"content":{"rendered":"\n<p>2009 pr\u00e4sentierte BMW den 5 GT, eine Art leicht h\u00f6her gelegtes f\u00fcnft\u00fcriges Coup\u00e9 der 5er-Reihe. 2017 war es Zeit f\u00fcr die zweite und aktuelle Generation, die BMW nun unter der 6er Reihe positionieren wird. Da die bestehenden 6er-Modelle inzwischen in die 8er-Serie umgezogen sind, ist der 6 GT zu einem eigenst\u00e4ndigen Modell geworden.<\/p>\n\n<p>2009 pr\u00e4sentierte BMW den 5 GT, eine Art leicht h\u00f6her gelegtes f\u00fcnft\u00fcriges Coup\u00e9 der 5er-Reihe. 2017 war es Zeit f\u00fcr die zweite und aktuelle Generation, die BMW nun unter der 6er Reihe positionieren wird. Da die bestehenden 6er-Modelle inzwischen in die 8er-Serie umgezogen sind, ist der 6 GT zu einem eigenst\u00e4ndigen Modell geworden.<\/p>\n\n<p><\/p>\n\n<h2 class=\"wp-block-heading\"><strong>subkutan<\/strong><br\/><\/h2>\n\n<p>Im Vergleich zu seinem Vorg\u00e4nger ist der 6 GT leicht gewachsen, gleichzeitig aber auch etwas leichter geworden. Unter der Haut ist der 6 GT immer noch stark mit den auslaufenden 6er-Modellen verwandt. Ein Achtgang-Automatikgetriebe ist bei allen Versionen serienm\u00e4\u00dfig, die Motorenpalette umfasst Vier- und Sechszylindermotoren f\u00fcr Benziner und Diesel.<\/p>\n\n<p><\/p>\n\n<h2 class=\"wp-block-heading\"><strong>ohne H\u00e4nde<\/strong><br\/><\/h2>\n\n<p>Nat\u00fcrlich ist der 6 GT mit allerlei Sicherheitssystemen und Luxus reichlich ausgestattet. Hervorzuheben ist die Gestensteuerung f\u00fcr einige Infotainment-Funktionen. \u00c4ndern Sie beispielsweise den Radiosender oder die Musiklautst\u00e4rke, ohne eine Taste zu ber\u00fchren. Dar\u00fcber hinaus ist der Wagen serienm\u00e4\u00dfig mit einem selbsteinstellenden Fahrwerk ausgestattet, das den Wagen oberhalb von 120 km\/h etwa einen Zentimeter tiefer auf die R\u00e4der stellt.<\/p>\n\n<h2 class=\"wp-block-heading\">Technisch<\/h2>\n\n<figure class=\"wp-block-table is-style-stripes\"><table class=\"has-fixed-layout\"><tbody><tr><td>Motortyp<\/td><td>Benzin, 4-Zylinder-Reihe<\/td><\/tr><tr><td>Verschiebung<\/td><td>1.998 cm\u00b3<\/td><\/tr><tr><td>max. Verm\u00f6genswerte<\/td><td>190 kW (258 PS)<\/td><\/tr><tr><td>Biene<\/td><td>5.000 U\/min<\/td><\/tr><tr><td>max. Paar<\/td><td>400Nm<\/td><\/tr><tr><td>Biene<\/td><td>1.550 U\/min<\/td><\/tr><tr><td>Fahrt<\/td><td>Hinterr\u00e4der<\/td><\/tr><tr><td>Bremsen von\/a<\/td><td>gegeben Dame<\/td><\/tr><tr><td>Wendekreis<\/td><td>12,3 m<\/td><\/tr><tr><td>Leistungsbereich<\/td><td>140 bis 250 kW<\/td><\/tr><\/tbody><\/table><figcaption><br\/><\/figcaption><\/figure>\n\n<h2 class=\"wp-block-heading\">Allgemein<\/h2>\n\n<figure class=\"wp-block-table is-style-stripes\"><table class=\"has-fixed-layout\"><tbody><tr><td>\u00dcbertragung<\/td><td>8AT<\/td><\/tr><tr><td>K\u00f6rpertyp<\/td><td>5-tlg. R\u00fcckzug<\/td><\/tr><tr><td>Euro NCAP<\/td><td>5 Sterne<\/td><\/tr><tr><td>Markteinf\u00fchrung<\/td><td>September 2017<\/td><\/tr><tr><td>Neustes Facelift<\/td><td>Juli 2020<\/td><\/tr><tr><td>Garantie<\/td><td>3 Jahre<\/td><\/tr><tr><td>Vom Preis<\/td><td>75.366 \u20ac<\/td><\/tr><tr><td>Besonderheiten<\/td><td>Der 6er GT ist der Nachfolger des 5er GT.<\/td><\/tr><\/tbody><\/table><\/figure>\n\n<h2 class=\"wp-block-heading\">Ma\u00dfe\/Gewichte<\/h2>\n\n<figure class=\"wp-block-table is-style-stripes\"><table class=\"has-fixed-layout\"><tbody><tr><td>Reifengr\u00f6\u00dfe<\/td><td>225\/60 R17<\/td><\/tr><tr><td>L x B x H<\/td><td>5.091 x 1.902 x 1.538 mm<\/td><\/tr><tr><td>Radstand<\/td><td>3.070 mm<\/td><\/tr><tr><td>Masse leer<\/td><td>1.760 Kilogramm<\/td><\/tr><tr><td>max. gem. Gew.<\/td><td>2.100 kg<\/td><\/tr><tr><td>Forts. Tasche. Zimmer.<\/td><td>600 l<\/td><\/tr><tr><td>Tankinhalt<\/td><td>68 l<\/td><\/tr><\/tbody><\/table><\/figure>\n\n<h2 class=\"wp-block-heading\">Verbrauch<\/h2>\n\n<figure class=\"wp-block-table is-style-stripes\"><table class=\"has-fixed-layout\"><tbody><tr><td>Anschluss kombiniert<\/td><td>5,9l\/100km<\/td><\/tr><tr><td>CO\u2082-Emissionen<\/td><td>156g\/km<\/td><\/tr><tr><td>Energielabel<\/td><td>ein<\/td><\/tr><\/tbody><\/table><\/figure>\n\n<h2 class=\"wp-block-heading\">Leistung<\/h2>\n\n<figure class=\"wp-block-table is-style-stripes\"><table class=\"has-fixed-layout\"><tbody><tr><td>gem. 0-100 km\/h<\/td><td>6,5 Sek<\/td><\/tr><tr><td>H\u00f6chstgeschwindigkeit<\/td><td>250 km\/h<\/td><\/tr><\/tbody><\/table><\/figure>\n","protected":false},"excerpt":{"rendered":"<p>2009 pr\u00e4sentierte BMW den 5 GT, eine Art leicht h\u00f6her gelegtes f\u00fcnft\u00fcriges Coup\u00e9 der 5er-Reihe. 2017 war es Zeit f\u00fcr [&hellip;]<\/p>\n","protected":false},"author":4,"featured_media":0,"parent":0,"menu_order":0,"comment_status":"closed","ping_status":"closed","template":"","meta":{"footnotes":""},"class_list":["post-117550","page","type-page","status-publish","hentry"],"acf":[],"yoast_head":"<!-- This site is optimized with the Yoast SEO plugin v21.2 - https:\/\/yoast.com\/wordpress\/plugins\/seo\/ -->\n<title>BMW 6er Gran Turismo - All cars news<\/title>\n<meta name=\"robots\" content=\"index, follow, max-snippet:-1, max-image-preview:large, max-video-preview:-1\" \/>\n<link rel=\"canonical\" href=\"https:\/\/all-car-news.com\/de\/bmw-6er-gran-turismo\/\" \/>\n<meta property=\"og:locale\" content=\"de_DE\" \/>\n<meta property=\"og:type\" content=\"article\" \/>\n<meta property=\"og:title\" content=\"BMW 6er Gran Turismo - All cars news\" \/>\n<meta property=\"og:description\" content=\"2009 pr\u00e4sentierte BMW den 5 GT, eine Art leicht h\u00f6her gelegtes f\u00fcnft\u00fcriges Coup\u00e9 der 5er-Reihe. 2017 war es Zeit f\u00fcr [&hellip;]\" \/>\n<meta property=\"og:url\" content=\"https:\/\/all-car-news.com\/de\/bmw-6er-gran-turismo\/\" \/>\n<meta property=\"og:site_name\" content=\"All cars news\" \/>\n<meta property=\"article:modified_time\" content=\"2022-03-08T08:32:43+00:00\" \/>\n<meta name=\"twitter:card\" content=\"summary_large_image\" \/>\n<meta name=\"twitter:label1\" content=\"Gesch\u00e4tzte Lesezeit\" \/>\n\t<meta name=\"twitter:data1\" content=\"2\u00a0Minuten\" \/>\n<script type=\"application\/ld+json\" class=\"yoast-schema-graph\">{\"@context\":\"https:\/\/schema.org\",\"@graph\":[{\"@type\":\"WebPage\",\"@id\":\"https:\/\/all-car-news.com\/de\/bmw-6er-gran-turismo\/\",\"url\":\"https:\/\/all-car-news.com\/de\/bmw-6er-gran-turismo\/\",\"name\":\"BMW 6er Gran Turismo - All cars news\",\"isPartOf\":{\"@id\":\"https:\/\/all-car-news.com\/de\/#website\"},\"datePublished\":\"2022-03-08T08:32:41+00:00\",\"dateModified\":\"2022-03-08T08:32:43+00:00\",\"breadcrumb\":{\"@id\":\"https:\/\/all-car-news.com\/de\/bmw-6er-gran-turismo\/#breadcrumb\"},\"inLanguage\":\"de\",\"potentialAction\":[{\"@type\":\"ReadAction\",\"target\":[\"https:\/\/all-car-news.com\/de\/bmw-6er-gran-turismo\/\"]}]},{\"@type\":\"BreadcrumbList\",\"@id\":\"https:\/\/all-car-news.com\/de\/bmw-6er-gran-turismo\/#breadcrumb\",\"itemListElement\":[{\"@type\":\"ListItem\",\"position\":1,\"name\":\"Home\",\"item\":\"https:\/\/all-car-news.com\/de\/\"},{\"@type\":\"ListItem\",\"position\":2,\"name\":\"BMW 6er Gran Turismo\"}]},{\"@type\":\"WebSite\",\"@id\":\"https:\/\/all-car-news.com\/de\/#website\",\"url\":\"https:\/\/all-car-news.com\/de\/\",\"name\":\"All cars news\",\"description\":\"\",\"publisher\":{\"@id\":\"https:\/\/all-car-news.com\/de\/#organization\"},\"potentialAction\":[{\"@type\":\"SearchAction\",\"target\":{\"@type\":\"EntryPoint\",\"urlTemplate\":\"https:\/\/all-car-news.com\/de\/?s={search_term_string}\"},\"query-input\":\"required name=search_term_string\"}],\"inLanguage\":\"de\"},{\"@type\":\"Organization\",\"@id\":\"https:\/\/all-car-news.com\/de\/#organization\",\"name\":\"All cars news\",\"url\":\"https:\/\/all-car-news.com\/de\/\",\"logo\":{\"@type\":\"ImageObject\",\"inLanguage\":\"de\",\"@id\":\"https:\/\/all-car-news.com\/de\/#\/schema\/logo\/image\/\",\"url\":\"https:\/\/all-car-news.com\/wp-content\/uploads\/2022\/02\/CMYK-AllCarNews_LANDSCAPE_300px-1.png\",\"contentUrl\":\"https:\/\/all-car-news.com\/wp-content\/uploads\/2022\/02\/CMYK-AllCarNews_LANDSCAPE_300px-1.png\",\"width\":300,\"height\":100,\"caption\":\"All cars news\"},\"image\":{\"@id\":\"https:\/\/all-car-news.com\/de\/#\/schema\/logo\/image\/\"}}]}<\/script>\n<!-- \/ Yoast SEO plugin. -->","yoast_head_json":{"title":"BMW 6er Gran Turismo - All cars news","robots":{"index":"index","follow":"follow","max-snippet":"max-snippet:-1","max-image-preview":"max-image-preview:large","max-video-preview":"max-video-preview:-1"},"canonical":"https:\/\/all-car-news.com\/de\/bmw-6er-gran-turismo\/","og_locale":"de_DE","og_type":"article","og_title":"BMW 6er Gran Turismo - All cars news","og_description":"2009 pr\u00e4sentierte BMW den 5 GT, eine Art leicht h\u00f6her gelegtes f\u00fcnft\u00fcriges Coup\u00e9 der 5er-Reihe. 2017 war es Zeit f\u00fcr [&hellip;]","og_url":"https:\/\/all-car-news.com\/de\/bmw-6er-gran-turismo\/","og_site_name":"All cars news","article_modified_time":"2022-03-08T08:32:43+00:00","twitter_card":"summary_large_image","twitter_misc":{"Gesch\u00e4tzte Lesezeit":"2\u00a0Minuten"},"schema":{"@context":"https:\/\/schema.org","@graph":[{"@type":"WebPage","@id":"https:\/\/all-car-news.com\/de\/bmw-6er-gran-turismo\/","url":"https:\/\/all-car-news.com\/de\/bmw-6er-gran-turismo\/","name":"BMW 6er Gran Turismo - All cars news","isPartOf":{"@id":"https:\/\/all-car-news.com\/de\/#website"},"datePublished":"2022-03-08T08:32:41+00:00","dateModified":"2022-03-08T08:32:43+00:00","breadcrumb":{"@id":"https:\/\/all-car-news.com\/de\/bmw-6er-gran-turismo\/#breadcrumb"},"inLanguage":"de","potentialAction":[{"@type":"ReadAction","target":["https:\/\/all-car-news.com\/de\/bmw-6er-gran-turismo\/"]}]},{"@type":"BreadcrumbList","@id":"https:\/\/all-car-news.com\/de\/bmw-6er-gran-turismo\/#breadcrumb","itemListElement":[{"@type":"ListItem","position":1,"name":"Home","item":"https:\/\/all-car-news.com\/de\/"},{"@type":"ListItem","position":2,"name":"BMW 6er Gran Turismo"}]},{"@type":"WebSite","@id":"https:\/\/all-car-news.com\/de\/#website","url":"https:\/\/all-car-news.com\/de\/","name":"All cars news","description":"","publisher":{"@id":"https:\/\/all-car-news.com\/de\/#organization"},"potentialAction":[{"@type":"SearchAction","target":{"@type":"EntryPoint","urlTemplate":"https:\/\/all-car-news.com\/de\/?s={search_term_string}"},"query-input":"required name=search_term_string"}],"inLanguage":"de"},{"@type":"Organization","@id":"https:\/\/all-car-news.com\/de\/#organization","name":"All cars news","url":"https:\/\/all-car-news.com\/de\/","logo":{"@type":"ImageObject","inLanguage":"de","@id":"https:\/\/all-car-news.com\/de\/#\/schema\/logo\/image\/","url":"https:\/\/all-car-news.com\/wp-content\/uploads\/2022\/02\/CMYK-AllCarNews_LANDSCAPE_300px-1.png","contentUrl":"https:\/\/all-car-news.com\/wp-content\/uploads\/2022\/02\/CMYK-AllCarNews_LANDSCAPE_300px-1.png","width":300,"height":100,"caption":"All cars news"},"image":{"@id":"https:\/\/all-car-news.com\/de\/#\/schema\/logo\/image\/"}}]}},"_links":{"self":[{"href":"https:\/\/all-car-news.com\/de\/wp-json\/wp\/v2\/pages\/117550","targetHints":{"allow":["GET"]}}],"collection":[{"href":"https:\/\/all-car-news.com\/de\/wp-json\/wp\/v2\/pages"}],"about":[{"href":"https:\/\/all-car-news.com\/de\/wp-json\/wp\/v2\/types\/page"}],"author":[{"embeddable":true,"href":"https:\/\/all-car-news.com\/de\/wp-json\/wp\/v2\/users\/4"}],"replies":[{"embeddable":true,"href":"https:\/\/all-car-news.com\/de\/wp-json\/wp\/v2\/comments?post=117550"}],"version-history":[{"count":0,"href":"https:\/\/all-car-news.com\/de\/wp-json\/wp\/v2\/pages\/117550\/revisions"}],"wp:attachment":[{"href":"https:\/\/all-car-news.com\/de\/wp-json\/wp\/v2\/media?parent=117550"}],"curies":[{"name":"wp","href":"https:\/\/api.w.org\/{rel}","templated":true}]}}