{"id":117288,"date":"2022-03-03T10:49:41","date_gmt":"2022-03-03T10:49:41","guid":{"rendered":"https:\/\/all-car-news.com\/autofinder\/bmw\/bmw-z4\/"},"modified":"2022-03-08T08:34:00","modified_gmt":"2022-03-08T08:34:00","slug":"bmw-z4","status":"publish","type":"page","link":"https:\/\/all-car-news.com\/de\/autofinder\/bmw\/bmw-z4\/","title":{"rendered":"BMW Z4"},"content":{"rendered":"\n<p>Die Geschichte der Z-Modelle von BMW beginnt 1989 mit der Einf\u00fchrung des skurrilen Z1. Der Roadster fiel nicht nur durch sein Styling auf, sondern auch durch die T\u00fcren, die in den Schwellern versenkten, anstatt sich konventionell zu \u00f6ffnen. Auch das Blech k\u00f6nnte mit relativ wenig Aufwand ausgetauscht werden, wenn man das Auto lieber in einer anderen Farbe h\u00e4tte.<\/p>\n\n<p>Die Geschichte der Z-Modelle von BMW beginnt 1989 mit der Einf\u00fchrung des skurrilen Z1. Der Roadster fiel nicht nur durch sein Styling auf, sondern auch durch die T\u00fcren, die in den Schwellern versenkten, anstatt sich konventionell zu \u00f6ffnen. Auch das Blech k\u00f6nnte mit relativ wenig Aufwand ausgetauscht werden, wenn man das Auto lieber in einer anderen Farbe h\u00e4tte.<\/p>\n\n<p><\/p>\n\n<h2 class=\"wp-block-heading\"><strong>Von Z bis Z<\/strong><br\/><\/h2>\n\n<p>Der Z1 bleibt bis 1991 in Produktion, danach wird es einige Jahre ruhig bleiben, bis 1995 der Z3 auf der Bildfl\u00e4che erscheint. Der erste Serien-Roadster dieser Marke wurde von der breiten \u00d6ffentlichkeit sehr geliebt und dauerte bis 2002, als das Auto vom ersten Z4 abgel\u00f6st wurde. Dazwischen war von 2000 bis 2003 auch der exklusive BMW Z8 im Lieferprogramm.<\/p>\n\n<p><\/p>\n\n<h2 class=\"wp-block-heading\"><strong>Fahrgemeinschaft<\/strong><br\/><\/h2>\n\n<p>Der Z4 ist 2018 nun in der dritten Generation angekommen. Das ist ein komplett neues Modell, entwickelt in Zusammenarbeit mit Toyota, das mit einem neuen Supra kommt. Als Besonderheit l\u00e4sst sich der neue Z4 nicht nur mit dem \u201ealtmodischen\u201c Schl\u00fcssel, sondern auch mit dem Smartphone \u00f6ffnen. Praktisch, wenn Sie das Auto mit Freunden teilen m\u00f6chten.<\/p>\n\n<h2 class=\"wp-block-heading\">Technisch<\/h2>\n\n<figure class=\"wp-block-table is-style-stripes\"><table class=\"has-fixed-layout\"><tbody><tr><td>Motortyp<\/td><td>Benzin, 4-Zylinder-Reihe<\/td><\/tr><tr><td>Verschiebung<\/td><td>1.998 cm\u00b3<\/td><\/tr><tr><td>max. Verm\u00f6genswerte<\/td><td>145 kW (197 PS)<\/td><\/tr><tr><td>Biene<\/td><td>4.500 U\/min<\/td><\/tr><tr><td>max. Paar<\/td><td>320Nm<\/td><\/tr><tr><td>Biene<\/td><td>1.450 U\/min<\/td><\/tr><tr><td>Fahrt<\/td><td>Hinterr\u00e4der<\/td><\/tr><tr><td>Bremsen von\/a<\/td><td>gegeben Dame<\/td><\/tr><tr><td>Wendekreis<\/td><td>10,2 m<\/td><\/tr><tr><td>Leistungsbereich<\/td><td>145 bis 250 kW<\/td><\/tr><\/tbody><\/table><\/figure>\n\n<h2 class=\"wp-block-heading\">Allgemein<\/h2>\n\n<figure class=\"wp-block-table is-style-stripes\"><table class=\"has-fixed-layout\"><tbody><tr><td>\u00dcbertragung<\/td><td>8AT<\/td><\/tr><tr><td>K\u00f6rpertyp<\/td><td>2-tlg. Cabrio<\/td><\/tr><tr><td>Euro NCAP<\/td><td>5 Sterne<\/td><\/tr><tr><td>Markteinf\u00fchrung<\/td><td>M\u00e4rz 2019<\/td><\/tr><tr><td>Neustes Facelift<\/td><td>N \/ A<\/td><\/tr><tr><td>Garantie<\/td><td>3 Jahre<\/td><\/tr><tr><td>Vom Preis<\/td><td>52.345 \u20ac<\/td><\/tr><tr><td>Besonderheiten<\/td><td>Der neue BMW Z4 ist ausschlie\u00dflich mit Automatikgetriebe erh\u00e4ltlich.<\/td><\/tr><\/tbody><\/table><\/figure>\n\n<h2 class=\"wp-block-heading\">Ma\u00dfe\/Gewichte<\/h2>\n\n<figure class=\"wp-block-table is-style-stripes\"><table class=\"has-fixed-layout\"><tbody><tr><td>Reifengr\u00f6\u00dfe<\/td><td>225\/50 R17 \/ 255\/45 R17<\/td><\/tr><tr><td>L x B x H<\/td><td>4.324 x 1.864 x 1.304 mm<\/td><\/tr><tr><td>Radstand<\/td><td>2.470 mm<\/td><\/tr><tr><td>Masse leer<\/td><td>1.405 kg<\/td><\/tr><tr><td>Forts. Tasche. Zimmer.<\/td><td>281 l<\/td><\/tr><tr><td>Tankinhalt<\/td><td>52 l<\/td><\/tr><\/tbody><\/table><\/figure>\n\n<h2 class=\"wp-block-heading\">Verbrauch<\/h2>\n\n<figure class=\"wp-block-table is-style-stripes\"><table class=\"has-fixed-layout\"><tbody><tr><td>Anschluss kombiniert<\/td><td>6,1l\/100km<\/td><\/tr><tr><td>CO\u2082-Emissionen<\/td><td>139g\/km<\/td><\/tr><tr><td>Energielabel<\/td><td>D<\/td><\/tr><\/tbody><\/table><\/figure>\n\n<h2 class=\"wp-block-heading\">Leistung<\/h2>\n\n<figure class=\"wp-block-table is-style-stripes\"><table class=\"has-fixed-layout\"><tbody><tr><td>gem. 0-100 km\/h<\/td><td>6,6 Sek<\/td><\/tr><tr><td>H\u00f6chstgeschwindigkeit<\/td><td>240 km\/h<\/td><\/tr><\/tbody><\/table><\/figure>\n","protected":false},"excerpt":{"rendered":"<p>Die Geschichte der Z-Modelle von BMW beginnt 1989 mit der Einf\u00fchrung des skurrilen Z1. Der Roadster fiel nicht nur durch [&hellip;]<\/p>\n","protected":false},"author":4,"featured_media":117283,"parent":116520,"menu_order":0,"comment_status":"closed","ping_status":"closed","template":"","meta":{"footnotes":""},"class_list":["post-117288","page","type-page","status-publish","has-post-thumbnail","hentry"],"acf":[],"yoast_head":"<!-- This site is optimized with the Yoast SEO plugin v21.2 - https:\/\/yoast.com\/wordpress\/plugins\/seo\/ -->\n<title>BMW Z4 - All cars news<\/title>\n<meta name=\"robots\" content=\"index, follow, max-snippet:-1, max-image-preview:large, max-video-preview:-1\" \/>\n<link rel=\"canonical\" href=\"https:\/\/all-car-news.com\/de\/autofinder\/bmw\/bmw-z4\/\" \/>\n<meta property=\"og:locale\" content=\"de_DE\" \/>\n<meta property=\"og:type\" content=\"article\" \/>\n<meta property=\"og:title\" content=\"BMW Z4 - All cars news\" \/>\n<meta property=\"og:description\" content=\"Die Geschichte der Z-Modelle von BMW beginnt 1989 mit der Einf\u00fchrung des skurrilen Z1. Der Roadster fiel nicht nur durch [&hellip;]\" \/>\n<meta property=\"og:url\" content=\"https:\/\/all-car-news.com\/de\/autofinder\/bmw\/bmw-z4\/\" \/>\n<meta property=\"og:site_name\" content=\"All cars news\" \/>\n<meta property=\"article:modified_time\" content=\"2022-03-08T08:34:00+00:00\" \/>\n<meta property=\"og:image\" content=\"https:\/\/all-car-news.com\/wp-content\/uploads\/2022\/03\/ED005417-2D81-4A64-A115-F9E15C0468EF.jpeg\" \/>\n\t<meta property=\"og:image:width\" content=\"480\" \/>\n\t<meta property=\"og:image:height\" content=\"360\" \/>\n\t<meta property=\"og:image:type\" content=\"image\/jpeg\" \/>\n<meta name=\"twitter:card\" content=\"summary_large_image\" \/>\n<meta name=\"twitter:label1\" content=\"Gesch\u00e4tzte Lesezeit\" \/>\n\t<meta name=\"twitter:data1\" content=\"2\u00a0Minuten\" \/>\n<script type=\"application\/ld+json\" class=\"yoast-schema-graph\">{\"@context\":\"https:\/\/schema.org\",\"@graph\":[{\"@type\":\"WebPage\",\"@id\":\"https:\/\/all-car-news.com\/de\/autofinder\/bmw\/bmw-z4\/\",\"url\":\"https:\/\/all-car-news.com\/de\/autofinder\/bmw\/bmw-z4\/\",\"name\":\"BMW Z4 - All cars news\",\"isPartOf\":{\"@id\":\"https:\/\/all-car-news.com\/de\/#website\"},\"datePublished\":\"2022-03-03T10:49:41+00:00\",\"dateModified\":\"2022-03-08T08:34:00+00:00\",\"breadcrumb\":{\"@id\":\"https:\/\/all-car-news.com\/de\/autofinder\/bmw\/bmw-z4\/#breadcrumb\"},\"inLanguage\":\"de\",\"potentialAction\":[{\"@type\":\"ReadAction\",\"target\":[\"https:\/\/all-car-news.com\/de\/autofinder\/bmw\/bmw-z4\/\"]}]},{\"@type\":\"BreadcrumbList\",\"@id\":\"https:\/\/all-car-news.com\/de\/autofinder\/bmw\/bmw-z4\/#breadcrumb\",\"itemListElement\":[{\"@type\":\"ListItem\",\"position\":1,\"name\":\"Home\",\"item\":\"https:\/\/all-car-news.com\/de\/\"},{\"@type\":\"ListItem\",\"position\":2,\"name\":\"Autofinder\",\"item\":\"https:\/\/all-car-news.com\/de\/autofinder\/\"},{\"@type\":\"ListItem\",\"position\":3,\"name\":\"BMW\",\"item\":\"https:\/\/all-car-news.com\/de\/autofinder\/bmw\/\"},{\"@type\":\"ListItem\",\"position\":4,\"name\":\"BMW Z4\"}]},{\"@type\":\"WebSite\",\"@id\":\"https:\/\/all-car-news.com\/de\/#website\",\"url\":\"https:\/\/all-car-news.com\/de\/\",\"name\":\"All cars news\",\"description\":\"\",\"publisher\":{\"@id\":\"https:\/\/all-car-news.com\/de\/#organization\"},\"potentialAction\":[{\"@type\":\"SearchAction\",\"target\":{\"@type\":\"EntryPoint\",\"urlTemplate\":\"https:\/\/all-car-news.com\/de\/?s={search_term_string}\"},\"query-input\":\"required name=search_term_string\"}],\"inLanguage\":\"de\"},{\"@type\":\"Organization\",\"@id\":\"https:\/\/all-car-news.com\/de\/#organization\",\"name\":\"All cars news\",\"url\":\"https:\/\/all-car-news.com\/de\/\",\"logo\":{\"@type\":\"ImageObject\",\"inLanguage\":\"de\",\"@id\":\"https:\/\/all-car-news.com\/de\/#\/schema\/logo\/image\/\",\"url\":\"https:\/\/all-car-news.com\/wp-content\/uploads\/2022\/02\/CMYK-AllCarNews_LANDSCAPE_300px-1.png\",\"contentUrl\":\"https:\/\/all-car-news.com\/wp-content\/uploads\/2022\/02\/CMYK-AllCarNews_LANDSCAPE_300px-1.png\",\"width\":300,\"height\":100,\"caption\":\"All cars news\"},\"image\":{\"@id\":\"https:\/\/all-car-news.com\/de\/#\/schema\/logo\/image\/\"}}]}<\/script>\n<!-- \/ Yoast SEO plugin. -->","yoast_head_json":{"title":"BMW Z4 - All cars news","robots":{"index":"index","follow":"follow","max-snippet":"max-snippet:-1","max-image-preview":"max-image-preview:large","max-video-preview":"max-video-preview:-1"},"canonical":"https:\/\/all-car-news.com\/de\/autofinder\/bmw\/bmw-z4\/","og_locale":"de_DE","og_type":"article","og_title":"BMW Z4 - All cars news","og_description":"Die Geschichte der Z-Modelle von BMW beginnt 1989 mit der Einf\u00fchrung des skurrilen Z1. Der Roadster fiel nicht nur durch [&hellip;]","og_url":"https:\/\/all-car-news.com\/de\/autofinder\/bmw\/bmw-z4\/","og_site_name":"All cars news","article_modified_time":"2022-03-08T08:34:00+00:00","og_image":[{"width":480,"height":360,"url":"https:\/\/all-car-news.com\/wp-content\/uploads\/2022\/03\/ED005417-2D81-4A64-A115-F9E15C0468EF.jpeg","type":"image\/jpeg"}],"twitter_card":"summary_large_image","twitter_misc":{"Gesch\u00e4tzte Lesezeit":"2\u00a0Minuten"},"schema":{"@context":"https:\/\/schema.org","@graph":[{"@type":"WebPage","@id":"https:\/\/all-car-news.com\/de\/autofinder\/bmw\/bmw-z4\/","url":"https:\/\/all-car-news.com\/de\/autofinder\/bmw\/bmw-z4\/","name":"BMW Z4 - All cars news","isPartOf":{"@id":"https:\/\/all-car-news.com\/de\/#website"},"datePublished":"2022-03-03T10:49:41+00:00","dateModified":"2022-03-08T08:34:00+00:00","breadcrumb":{"@id":"https:\/\/all-car-news.com\/de\/autofinder\/bmw\/bmw-z4\/#breadcrumb"},"inLanguage":"de","potentialAction":[{"@type":"ReadAction","target":["https:\/\/all-car-news.com\/de\/autofinder\/bmw\/bmw-z4\/"]}]},{"@type":"BreadcrumbList","@id":"https:\/\/all-car-news.com\/de\/autofinder\/bmw\/bmw-z4\/#breadcrumb","itemListElement":[{"@type":"ListItem","position":1,"name":"Home","item":"https:\/\/all-car-news.com\/de\/"},{"@type":"ListItem","position":2,"name":"Autofinder","item":"https:\/\/all-car-news.com\/de\/autofinder\/"},{"@type":"ListItem","position":3,"name":"BMW","item":"https:\/\/all-car-news.com\/de\/autofinder\/bmw\/"},{"@type":"ListItem","position":4,"name":"BMW Z4"}]},{"@type":"WebSite","@id":"https:\/\/all-car-news.com\/de\/#website","url":"https:\/\/all-car-news.com\/de\/","name":"All cars news","description":"","publisher":{"@id":"https:\/\/all-car-news.com\/de\/#organization"},"potentialAction":[{"@type":"SearchAction","target":{"@type":"EntryPoint","urlTemplate":"https:\/\/all-car-news.com\/de\/?s={search_term_string}"},"query-input":"required name=search_term_string"}],"inLanguage":"de"},{"@type":"Organization","@id":"https:\/\/all-car-news.com\/de\/#organization","name":"All cars news","url":"https:\/\/all-car-news.com\/de\/","logo":{"@type":"ImageObject","inLanguage":"de","@id":"https:\/\/all-car-news.com\/de\/#\/schema\/logo\/image\/","url":"https:\/\/all-car-news.com\/wp-content\/uploads\/2022\/02\/CMYK-AllCarNews_LANDSCAPE_300px-1.png","contentUrl":"https:\/\/all-car-news.com\/wp-content\/uploads\/2022\/02\/CMYK-AllCarNews_LANDSCAPE_300px-1.png","width":300,"height":100,"caption":"All cars news"},"image":{"@id":"https:\/\/all-car-news.com\/de\/#\/schema\/logo\/image\/"}}]}},"_links":{"self":[{"href":"https:\/\/all-car-news.com\/de\/wp-json\/wp\/v2\/pages\/117288","targetHints":{"allow":["GET"]}}],"collection":[{"href":"https:\/\/all-car-news.com\/de\/wp-json\/wp\/v2\/pages"}],"about":[{"href":"https:\/\/all-car-news.com\/de\/wp-json\/wp\/v2\/types\/page"}],"author":[{"embeddable":true,"href":"https:\/\/all-car-news.com\/de\/wp-json\/wp\/v2\/users\/4"}],"replies":[{"embeddable":true,"href":"https:\/\/all-car-news.com\/de\/wp-json\/wp\/v2\/comments?post=117288"}],"version-history":[{"count":0,"href":"https:\/\/all-car-news.com\/de\/wp-json\/wp\/v2\/pages\/117288\/revisions"}],"up":[{"embeddable":true,"href":"https:\/\/all-car-news.com\/de\/wp-json\/wp\/v2\/pages\/116520"}],"wp:featuredmedia":[{"embeddable":true,"href":"https:\/\/all-car-news.com\/de\/wp-json\/wp\/v2\/media\/117283"}],"wp:attachment":[{"href":"https:\/\/all-car-news.com\/de\/wp-json\/wp\/v2\/media?parent=117288"}],"curies":[{"name":"wp","href":"https:\/\/api.w.org\/{rel}","templated":true}]}}