{"id":117245,"date":"2022-03-02T18:12:51","date_gmt":"2022-03-02T18:12:51","guid":{"rendered":"https:\/\/all-car-news.com\/autofinder\/bmw\/bmw-ix\/"},"modified":"2022-03-08T08:43:49","modified_gmt":"2022-03-08T08:43:49","slug":"bmw-ix","status":"publish","type":"page","link":"https:\/\/all-car-news.com\/de\/autofinder\/bmw\/bmw-ix\/","title":{"rendered":"BMW Ix"},"content":{"rendered":"\n<p>2021 wird die vollelektrische Modellpalette von BMW mit dem iX weiter ausgebaut. Dem Auto ging 2018 das Konzeptauto Vision iNext voraus. Wie der Name schon sagt, ist der BMW iX das Flaggschiff von BMW, wenn es um Technologien f\u00fcr zuk\u00fcnftige Modelle geht. Dazu geh\u00f6rt auch der vollelektrische Antriebsstrang. Von den Abmessungen her ist der BMW iX mit dem BMW X5 vergleichbar.<\/p>\n\n<p>2021 wird die vollelektrische Modellpalette von BMW mit dem iX weiter ausgebaut. Dem Auto ging 2018 das Konzeptauto Vision iNext voraus. Wie der Name schon sagt, ist der BMW iX das Flaggschiff von BMW, wenn es um Technologien f\u00fcr zuk\u00fcnftige Modelle geht. Dazu geh\u00f6rt auch der vollelektrische Antriebsstrang. Von den Abmessungen her ist der BMW iX mit dem BMW X5 vergleichbar.<\/p>\n\n<p><\/p>\n\n<h2 class=\"wp-block-heading\"><strong>Reichweite 630 km<\/strong><br\/><\/h2>\n\n<p>Obwohl das Auto beachtliche Abmessungen hat, wurde viel Wert auf Aerodynamik, Gewichtseinsparung und Effizienz des Antriebsstrangs gelegt. Das Ergebnis ist eine beeindruckende Reichweite von 630 Kilometern nach WLTP-Zyklus. Dank Schnellladen mit bis zu 200 kW ist es m\u00f6glich, in zehn Minuten mehr als 100 km Reichweite aufzuladen.<\/p>\n\n<p><\/p>\n\n<h2 class=\"wp-block-heading\"><strong>Gebogene Anzeige<\/strong><br\/><\/h2>\n\n<p>Als technologisches Flaggschiff verf\u00fcgt der BMW iX als eines der ersten BMW Modelle \u00fcber das BMW Curved Display, einen gekr\u00fcmmten Bildschirm, der einen gro\u00dfen Teil der Instrumententafel einnimmt. Der BMW iX bietet modernste Konnektivit\u00e4t und Infotainment. Daf\u00fcr verf\u00fcgt der Bordcomputer \u00fcber nicht weniger als zwanzigmal so viel Rechenleistung wie bisherige BMW Modelle.<\/p>\n\n<h2 class=\"wp-block-heading\">Technisch<\/h2>\n\n<figure class=\"wp-block-table is-style-stripes\"><table class=\"has-fixed-layout\"><tbody><tr><td>Motortyp<\/td><td>elektrisch<\/td><\/tr><tr><td>Batterie<\/td><td>Lithium-Ionen<\/td><\/tr><tr><td>Kapazit\u00e4t<\/td><td>76,6 kWh<\/td><\/tr><tr><td>Fahrt<\/td><td>4WD<\/td><\/tr><tr><td>Bremsen von\/a<\/td><td>gegeben Dame<\/td><\/tr><tr><td>Wendekreis<\/td><td>12,8 m<\/td><\/tr><tr><td>Bereich<\/td><td>425<\/td><\/tr><tr><td>Ladezeit bei 220V<\/td><td>7:40 Uhr<\/td><\/tr><tr><td>Leistungsbereich<\/td><td>240 bis 385 kW<\/td><\/tr><\/tbody><\/table><\/figure>\n\n<h2 class=\"wp-block-heading\">Leistung<\/h2>\n\n<figure class=\"wp-block-table is-style-stripes\"><table class=\"has-fixed-layout\"><tbody><tr><td>Systemleistung<\/td><td>240 kW (326 PS)<\/td><\/tr><tr><td>Systempaar<\/td><td>630Nm<\/td><\/tr><tr><td>gem. 0-100 km\/h<\/td><td>6,1 Sek<\/td><\/tr><tr><td>H\u00f6chstgeschwindigkeit<\/td><td>200 km\/h<\/td><\/tr><\/tbody><\/table><\/figure>\n\n<h2 class=\"wp-block-heading\">Allgemein<\/h2>\n\n<figure class=\"wp-block-table is-style-stripes\"><table class=\"has-fixed-layout\"><tbody><tr><td>\u00dcbertragung<\/td><td>fester Gang<\/td><\/tr><tr><td>K\u00f6rpertyp<\/td><td>5-tlg. Gel\u00e4ndewagen<\/td><\/tr><tr><td>Euro NCAP<\/td><td>5 Sterne<\/td><\/tr><tr><td>Markteinf\u00fchrung<\/td><td>Juli 2021<\/td><\/tr><tr><td>Neustes Facelift<\/td><td>N \/ A<\/td><\/tr><tr><td>Garantie<\/td><td>3 Jahre<\/td><\/tr><tr><td>Vom Preis<\/td><td>86.996 \u20ac<\/td><\/tr><\/tbody><\/table><\/figure>\n\n<h2 class=\"wp-block-heading\">Ma\u00dfe\/Gewichte<\/h2>\n\n<figure class=\"wp-block-table is-style-stripes\"><table class=\"has-fixed-layout\"><tbody><tr><td>Reifengr\u00f6\u00dfe<\/td><td>235\/60 R20<\/td><\/tr><tr><td>L x B x H<\/td><td>4.953 x 1.967 x 1.695 mm<\/td><\/tr><tr><td>Radstand<\/td><td>3.000 mm<\/td><\/tr><tr><td>Masse leer<\/td><td>2.365 kg<\/td><\/tr><tr><td>max. gem. Gew.<\/td><td>2.500 kg<\/td><\/tr><tr><td>Forts. Tasche. Zimmer.<\/td><td>500 l<\/td><\/tr><\/tbody><\/table><\/figure>\n\n<h2 class=\"wp-block-heading\">Verbrauch<\/h2>\n\n<figure class=\"wp-block-table is-style-stripes\"><table class=\"has-fixed-layout\"><tbody><tr><td>Energielabel<\/td><td>ein<\/td><\/tr><\/tbody><\/table><\/figure>\n","protected":false},"excerpt":{"rendered":"<p>2021 wird die vollelektrische Modellpalette von BMW mit dem iX weiter ausgebaut. Dem Auto ging 2018 das Konzeptauto Vision iNext [&hellip;]<\/p>\n","protected":false},"author":4,"featured_media":117238,"parent":116520,"menu_order":0,"comment_status":"closed","ping_status":"closed","template":"","meta":{"footnotes":""},"class_list":["post-117245","page","type-page","status-publish","has-post-thumbnail","hentry"],"acf":[],"yoast_head":"<!-- This site is optimized with the Yoast SEO plugin v21.2 - https:\/\/yoast.com\/wordpress\/plugins\/seo\/ -->\n<title>BMW Ix - All cars news<\/title>\n<meta name=\"robots\" content=\"index, follow, max-snippet:-1, max-image-preview:large, max-video-preview:-1\" \/>\n<link rel=\"canonical\" href=\"https:\/\/all-car-news.com\/de\/autofinder\/bmw\/bmw-ix\/\" \/>\n<meta property=\"og:locale\" content=\"de_DE\" \/>\n<meta property=\"og:type\" content=\"article\" \/>\n<meta property=\"og:title\" content=\"BMW Ix - All cars news\" \/>\n<meta property=\"og:description\" content=\"2021 wird die vollelektrische Modellpalette von BMW mit dem iX weiter ausgebaut. Dem Auto ging 2018 das Konzeptauto Vision iNext [&hellip;]\" \/>\n<meta property=\"og:url\" content=\"https:\/\/all-car-news.com\/de\/autofinder\/bmw\/bmw-ix\/\" \/>\n<meta property=\"og:site_name\" content=\"All cars news\" \/>\n<meta property=\"article:modified_time\" content=\"2022-03-08T08:43:49+00:00\" \/>\n<meta property=\"og:image\" content=\"https:\/\/all-car-news.com\/wp-content\/uploads\/2022\/03\/45CA1787-194D-45B1-87F9-595A4E56A80E.jpeg\" \/>\n\t<meta property=\"og:image:width\" content=\"480\" \/>\n\t<meta property=\"og:image:height\" content=\"360\" \/>\n\t<meta property=\"og:image:type\" content=\"image\/jpeg\" \/>\n<meta name=\"twitter:card\" content=\"summary_large_image\" \/>\n<meta name=\"twitter:label1\" content=\"Gesch\u00e4tzte Lesezeit\" \/>\n\t<meta name=\"twitter:data1\" content=\"1\u00a0Minute\" \/>\n<script type=\"application\/ld+json\" class=\"yoast-schema-graph\">{\"@context\":\"https:\/\/schema.org\",\"@graph\":[{\"@type\":\"WebPage\",\"@id\":\"https:\/\/all-car-news.com\/de\/autofinder\/bmw\/bmw-ix\/\",\"url\":\"https:\/\/all-car-news.com\/de\/autofinder\/bmw\/bmw-ix\/\",\"name\":\"BMW Ix - All cars news\",\"isPartOf\":{\"@id\":\"https:\/\/all-car-news.com\/de\/#website\"},\"datePublished\":\"2022-03-02T18:12:51+00:00\",\"dateModified\":\"2022-03-08T08:43:49+00:00\",\"breadcrumb\":{\"@id\":\"https:\/\/all-car-news.com\/de\/autofinder\/bmw\/bmw-ix\/#breadcrumb\"},\"inLanguage\":\"de\",\"potentialAction\":[{\"@type\":\"ReadAction\",\"target\":[\"https:\/\/all-car-news.com\/de\/autofinder\/bmw\/bmw-ix\/\"]}]},{\"@type\":\"BreadcrumbList\",\"@id\":\"https:\/\/all-car-news.com\/de\/autofinder\/bmw\/bmw-ix\/#breadcrumb\",\"itemListElement\":[{\"@type\":\"ListItem\",\"position\":1,\"name\":\"Home\",\"item\":\"https:\/\/all-car-news.com\/de\/\"},{\"@type\":\"ListItem\",\"position\":2,\"name\":\"Autofinder\",\"item\":\"https:\/\/all-car-news.com\/de\/autofinder\/\"},{\"@type\":\"ListItem\",\"position\":3,\"name\":\"BMW\",\"item\":\"https:\/\/all-car-news.com\/de\/autofinder\/bmw\/\"},{\"@type\":\"ListItem\",\"position\":4,\"name\":\"BMW Ix\"}]},{\"@type\":\"WebSite\",\"@id\":\"https:\/\/all-car-news.com\/de\/#website\",\"url\":\"https:\/\/all-car-news.com\/de\/\",\"name\":\"All cars news\",\"description\":\"\",\"publisher\":{\"@id\":\"https:\/\/all-car-news.com\/de\/#organization\"},\"potentialAction\":[{\"@type\":\"SearchAction\",\"target\":{\"@type\":\"EntryPoint\",\"urlTemplate\":\"https:\/\/all-car-news.com\/de\/?s={search_term_string}\"},\"query-input\":\"required name=search_term_string\"}],\"inLanguage\":\"de\"},{\"@type\":\"Organization\",\"@id\":\"https:\/\/all-car-news.com\/de\/#organization\",\"name\":\"All cars news\",\"url\":\"https:\/\/all-car-news.com\/de\/\",\"logo\":{\"@type\":\"ImageObject\",\"inLanguage\":\"de\",\"@id\":\"https:\/\/all-car-news.com\/de\/#\/schema\/logo\/image\/\",\"url\":\"https:\/\/all-car-news.com\/wp-content\/uploads\/2022\/02\/CMYK-AllCarNews_LANDSCAPE_300px-1.png\",\"contentUrl\":\"https:\/\/all-car-news.com\/wp-content\/uploads\/2022\/02\/CMYK-AllCarNews_LANDSCAPE_300px-1.png\",\"width\":300,\"height\":100,\"caption\":\"All cars news\"},\"image\":{\"@id\":\"https:\/\/all-car-news.com\/de\/#\/schema\/logo\/image\/\"}}]}<\/script>\n<!-- \/ Yoast SEO plugin. -->","yoast_head_json":{"title":"BMW Ix - All cars news","robots":{"index":"index","follow":"follow","max-snippet":"max-snippet:-1","max-image-preview":"max-image-preview:large","max-video-preview":"max-video-preview:-1"},"canonical":"https:\/\/all-car-news.com\/de\/autofinder\/bmw\/bmw-ix\/","og_locale":"de_DE","og_type":"article","og_title":"BMW Ix - All cars news","og_description":"2021 wird die vollelektrische Modellpalette von BMW mit dem iX weiter ausgebaut. Dem Auto ging 2018 das Konzeptauto Vision iNext [&hellip;]","og_url":"https:\/\/all-car-news.com\/de\/autofinder\/bmw\/bmw-ix\/","og_site_name":"All cars news","article_modified_time":"2022-03-08T08:43:49+00:00","og_image":[{"width":480,"height":360,"url":"https:\/\/all-car-news.com\/wp-content\/uploads\/2022\/03\/45CA1787-194D-45B1-87F9-595A4E56A80E.jpeg","type":"image\/jpeg"}],"twitter_card":"summary_large_image","twitter_misc":{"Gesch\u00e4tzte Lesezeit":"1\u00a0Minute"},"schema":{"@context":"https:\/\/schema.org","@graph":[{"@type":"WebPage","@id":"https:\/\/all-car-news.com\/de\/autofinder\/bmw\/bmw-ix\/","url":"https:\/\/all-car-news.com\/de\/autofinder\/bmw\/bmw-ix\/","name":"BMW Ix - All cars news","isPartOf":{"@id":"https:\/\/all-car-news.com\/de\/#website"},"datePublished":"2022-03-02T18:12:51+00:00","dateModified":"2022-03-08T08:43:49+00:00","breadcrumb":{"@id":"https:\/\/all-car-news.com\/de\/autofinder\/bmw\/bmw-ix\/#breadcrumb"},"inLanguage":"de","potentialAction":[{"@type":"ReadAction","target":["https:\/\/all-car-news.com\/de\/autofinder\/bmw\/bmw-ix\/"]}]},{"@type":"BreadcrumbList","@id":"https:\/\/all-car-news.com\/de\/autofinder\/bmw\/bmw-ix\/#breadcrumb","itemListElement":[{"@type":"ListItem","position":1,"name":"Home","item":"https:\/\/all-car-news.com\/de\/"},{"@type":"ListItem","position":2,"name":"Autofinder","item":"https:\/\/all-car-news.com\/de\/autofinder\/"},{"@type":"ListItem","position":3,"name":"BMW","item":"https:\/\/all-car-news.com\/de\/autofinder\/bmw\/"},{"@type":"ListItem","position":4,"name":"BMW Ix"}]},{"@type":"WebSite","@id":"https:\/\/all-car-news.com\/de\/#website","url":"https:\/\/all-car-news.com\/de\/","name":"All cars news","description":"","publisher":{"@id":"https:\/\/all-car-news.com\/de\/#organization"},"potentialAction":[{"@type":"SearchAction","target":{"@type":"EntryPoint","urlTemplate":"https:\/\/all-car-news.com\/de\/?s={search_term_string}"},"query-input":"required name=search_term_string"}],"inLanguage":"de"},{"@type":"Organization","@id":"https:\/\/all-car-news.com\/de\/#organization","name":"All cars news","url":"https:\/\/all-car-news.com\/de\/","logo":{"@type":"ImageObject","inLanguage":"de","@id":"https:\/\/all-car-news.com\/de\/#\/schema\/logo\/image\/","url":"https:\/\/all-car-news.com\/wp-content\/uploads\/2022\/02\/CMYK-AllCarNews_LANDSCAPE_300px-1.png","contentUrl":"https:\/\/all-car-news.com\/wp-content\/uploads\/2022\/02\/CMYK-AllCarNews_LANDSCAPE_300px-1.png","width":300,"height":100,"caption":"All cars news"},"image":{"@id":"https:\/\/all-car-news.com\/de\/#\/schema\/logo\/image\/"}}]}},"_links":{"self":[{"href":"https:\/\/all-car-news.com\/de\/wp-json\/wp\/v2\/pages\/117245","targetHints":{"allow":["GET"]}}],"collection":[{"href":"https:\/\/all-car-news.com\/de\/wp-json\/wp\/v2\/pages"}],"about":[{"href":"https:\/\/all-car-news.com\/de\/wp-json\/wp\/v2\/types\/page"}],"author":[{"embeddable":true,"href":"https:\/\/all-car-news.com\/de\/wp-json\/wp\/v2\/users\/4"}],"replies":[{"embeddable":true,"href":"https:\/\/all-car-news.com\/de\/wp-json\/wp\/v2\/comments?post=117245"}],"version-history":[{"count":0,"href":"https:\/\/all-car-news.com\/de\/wp-json\/wp\/v2\/pages\/117245\/revisions"}],"up":[{"embeddable":true,"href":"https:\/\/all-car-news.com\/de\/wp-json\/wp\/v2\/pages\/116520"}],"wp:featuredmedia":[{"embeddable":true,"href":"https:\/\/all-car-news.com\/de\/wp-json\/wp\/v2\/media\/117238"}],"wp:attachment":[{"href":"https:\/\/all-car-news.com\/de\/wp-json\/wp\/v2\/media?parent=117245"}],"curies":[{"name":"wp","href":"https:\/\/api.w.org\/{rel}","templated":true}]}}