{"id":117200,"date":"2022-03-02T14:07:51","date_gmt":"2022-03-02T14:07:51","guid":{"rendered":"https:\/\/all-car-news.com\/autofinder\/bmw\/bmw-ix3\/"},"modified":"2022-03-02T14:07:52","modified_gmt":"2022-03-02T14:07:52","slug":"bmw-ix3","status":"publish","type":"page","link":"https:\/\/all-car-news.com\/de\/autofinder\/bmw\/bmw-ix3\/","title":{"rendered":"BMW Ix3"},"content":{"rendered":"\n<p>BMW bietet seit einiger Zeit eine vollelektrische Version des BMW i3 an. Wie der BMW i8 wurde auch der i3 von Anfang an als (teil-)elektrisch angetriebenes Auto entwickelt. 2020 stellte BMW ein neues vollelektrisches i-Modell vor: den iX3. Ein Unterschied zu den fr\u00fcheren Modellen besteht darin, dass der iX3 eine vollelektrisch angetriebene Version eines regul\u00e4ren Serienmodells ist: des X3. <br\/><\/p>\n\n<p>BMW bietet seit einiger Zeit eine vollelektrische Version des BMW i3 an. Wie der BMW i8 wurde auch der i3 von Anfang an als (teil-)elektrisch angetriebenes Auto entwickelt. 2020 stellte BMW ein neues vollelektrisches i-Modell vor: den iX3. Ein Unterschied zu den fr\u00fcheren Modellen besteht darin, dass der iX3 eine vollelektrisch angetriebene Version eines regul\u00e4ren Serienmodells ist: des X3.<br\/><br\/><strong>Gro\u00dfe Auswahl<\/strong><br\/>Der BMW iX3 entspricht weitgehend dem regul\u00e4ren X3. Der gr\u00f6\u00dfte Unterschied ist der vollelektrische Antriebsstrang. Er hat eine Leistung von 286 PS und l\u00e4sst das Auto in 6,8 Sekunden auf 100 km\/h sprinten. In der Praxis wichtiger: Die Reichweite betr\u00e4gt laut neuem WLTP-Zyklus nicht weniger als 460 Kilometer.<br\/><br\/><strong>Reich ausgestattet<\/strong><br\/>Ein weiterer Unterschied zum regul\u00e4ren BMW X3 besteht darin, dass der iX3 serienm\u00e4\u00dfig extra reichhaltig ausgestattet ist. Nahezu alle verf\u00fcgbaren Ausstattungen sind beim iX3 serienm\u00e4\u00dfig, man muss sich eigentlich nur f\u00fcr die Felgen und die Karosseriefarbe entscheiden. Au\u00dferdem ist der Gep\u00e4ckraum mit einem Fassungsverm\u00f6gen von 510 Litern kaum kleiner als beim regul\u00e4ren X3, w\u00e4hrend das Batteriepaket f\u00fcr einen niedrigeren Fahrzeugschwerpunkt sorgt.<\/p>\n\n<h2 class=\"wp-block-heading\">Technisch<\/h2>\n\n<figure class=\"wp-block-table is-style-stripes\"><table class=\"has-fixed-layout\"><tbody><tr><td>Motortyp<\/td><td>elektrisch<\/td><\/tr><tr><td>Batterie<\/td><td>Lithium-Ionen<\/td><\/tr><tr><td>Kapazit\u00e4t<\/td><td>73,8 kWh<\/td><\/tr><tr><td>Fahrt<\/td><td>Hinterr\u00e4der<\/td><\/tr><tr><td>Bereich<\/td><td>459<\/td><\/tr><tr><td>Leistungsbereich<\/td><td>nur 210 kW<\/td><\/tr><\/tbody><\/table><figcaption>Aber <\/figcaption><\/figure>\n\n<h2 class=\"wp-block-heading\">Leistung<\/h2>\n\n<figure class=\"wp-block-table is-style-stripes\"><table class=\"has-fixed-layout\"><tbody><tr><td>Systemleistung<\/td><td>210 kW (286 PS)<\/td><\/tr><tr><td>Systempaar<\/td><td>400Nm<\/td><\/tr><tr><td>gem. 0-100 km\/h<\/td><td>6,8 Sek<\/td><\/tr><tr><td>H\u00f6chstgeschwindigkeit<\/td><td>180 km\/h<\/td><\/tr><\/tbody><\/table><\/figure>\n\n<h2 class=\"wp-block-heading\">Allgemein<\/h2>\n\n<figure class=\"wp-block-table is-style-stripes\"><table class=\"has-fixed-layout\"><tbody><tr><td>\u00dcbertragung<\/td><td>fester Gang<\/td><\/tr><tr><td>K\u00f6rpertyp<\/td><td>5-tlg. Gel\u00e4ndewagen<\/td><\/tr><tr><td>Euro NCAP<\/td><td>nicht getestet<\/td><\/tr><tr><td>Markteinf\u00fchrung<\/td><td>Ende 2020<\/td><\/tr><tr><td>Neustes Facelift<\/td><td>N \/ A<\/td><\/tr><tr><td>Garantie<\/td><td>3 Jahre<\/td><\/tr><tr><td>Vom Preis<\/td><td>71.000 \u20ac<\/td><\/tr><\/tbody><\/table><\/figure>\n\n<h2 class=\"wp-block-heading\">Ma\u00dfe\/Gewichte<\/h2>\n\n<figure class=\"wp-block-table is-style-stripes\"><table class=\"has-fixed-layout\"><tbody><tr><td>Reifengr\u00f6\u00dfe<\/td><td>245\/50 R19<\/td><\/tr><tr><td>L x B x H<\/td><td>4.734 x 1.891 x 1.668 mm<\/td><\/tr><tr><td>Radstand<\/td><td>2.864 mm<\/td><\/tr><tr><td>Masse leer<\/td><td>2.260 kg<\/td><\/tr><tr><td>max. gem. Gew.<\/td><td>750 Kilo<\/td><\/tr><tr><td>Forts. Tasche. Zimmer.<\/td><td>510 l<\/td><\/tr><\/tbody><\/table><\/figure>\n\n<h2 class=\"wp-block-heading\">Verbrauch<\/h2>\n\n<figure class=\"wp-block-table is-style-stripes\"><table class=\"has-fixed-layout\"><tbody><tr><td>Energielabel<\/td><td>ein<\/td><\/tr><\/tbody><\/table><\/figure>\n","protected":false},"excerpt":{"rendered":"<p>BMW bietet seit einiger Zeit eine vollelektrische Version des BMW i3 an. Wie der BMW i8 wurde auch der i3 [&hellip;]<\/p>\n","protected":false},"author":4,"featured_media":117193,"parent":116520,"menu_order":0,"comment_status":"closed","ping_status":"closed","template":"","meta":{"footnotes":""},"class_list":["post-117200","page","type-page","status-publish","has-post-thumbnail","hentry"],"acf":[],"yoast_head":"<!-- This site is optimized with the Yoast SEO plugin v21.2 - https:\/\/yoast.com\/wordpress\/plugins\/seo\/ -->\n<title>BMW Ix3 - All cars news<\/title>\n<meta name=\"robots\" content=\"index, follow, max-snippet:-1, max-image-preview:large, max-video-preview:-1\" \/>\n<link rel=\"canonical\" href=\"https:\/\/all-car-news.com\/de\/autofinder\/bmw\/bmw-ix3\/\" \/>\n<meta property=\"og:locale\" content=\"de_DE\" \/>\n<meta property=\"og:type\" content=\"article\" \/>\n<meta property=\"og:title\" content=\"BMW Ix3 - All cars news\" \/>\n<meta property=\"og:description\" content=\"BMW bietet seit einiger Zeit eine vollelektrische Version des BMW i3 an. Wie der BMW i8 wurde auch der i3 [&hellip;]\" \/>\n<meta property=\"og:url\" content=\"https:\/\/all-car-news.com\/de\/autofinder\/bmw\/bmw-ix3\/\" \/>\n<meta property=\"og:site_name\" content=\"All cars news\" \/>\n<meta property=\"article:modified_time\" content=\"2022-03-02T14:07:52+00:00\" \/>\n<meta property=\"og:image\" content=\"https:\/\/all-car-news.com\/wp-content\/uploads\/2022\/03\/560D5F21-F58B-41FC-9230-A61A9251061E.jpeg\" \/>\n\t<meta property=\"og:image:width\" content=\"480\" \/>\n\t<meta property=\"og:image:height\" content=\"360\" \/>\n\t<meta property=\"og:image:type\" content=\"image\/jpeg\" \/>\n<meta name=\"twitter:card\" content=\"summary_large_image\" \/>\n<meta name=\"twitter:label1\" content=\"Gesch\u00e4tzte Lesezeit\" \/>\n\t<meta name=\"twitter:data1\" content=\"2\u00a0Minuten\" \/>\n<script type=\"application\/ld+json\" class=\"yoast-schema-graph\">{\"@context\":\"https:\/\/schema.org\",\"@graph\":[{\"@type\":\"WebPage\",\"@id\":\"https:\/\/all-car-news.com\/de\/autofinder\/bmw\/bmw-ix3\/\",\"url\":\"https:\/\/all-car-news.com\/de\/autofinder\/bmw\/bmw-ix3\/\",\"name\":\"BMW Ix3 - All cars news\",\"isPartOf\":{\"@id\":\"https:\/\/all-car-news.com\/de\/#website\"},\"datePublished\":\"2022-03-02T14:07:51+00:00\",\"dateModified\":\"2022-03-02T14:07:52+00:00\",\"breadcrumb\":{\"@id\":\"https:\/\/all-car-news.com\/de\/autofinder\/bmw\/bmw-ix3\/#breadcrumb\"},\"inLanguage\":\"de\",\"potentialAction\":[{\"@type\":\"ReadAction\",\"target\":[\"https:\/\/all-car-news.com\/de\/autofinder\/bmw\/bmw-ix3\/\"]}]},{\"@type\":\"BreadcrumbList\",\"@id\":\"https:\/\/all-car-news.com\/de\/autofinder\/bmw\/bmw-ix3\/#breadcrumb\",\"itemListElement\":[{\"@type\":\"ListItem\",\"position\":1,\"name\":\"Home\",\"item\":\"https:\/\/all-car-news.com\/de\/\"},{\"@type\":\"ListItem\",\"position\":2,\"name\":\"Autofinder\",\"item\":\"https:\/\/all-car-news.com\/de\/autofinder\/\"},{\"@type\":\"ListItem\",\"position\":3,\"name\":\"BMW\",\"item\":\"https:\/\/all-car-news.com\/de\/autofinder\/bmw\/\"},{\"@type\":\"ListItem\",\"position\":4,\"name\":\"BMW Ix3\"}]},{\"@type\":\"WebSite\",\"@id\":\"https:\/\/all-car-news.com\/de\/#website\",\"url\":\"https:\/\/all-car-news.com\/de\/\",\"name\":\"All cars news\",\"description\":\"\",\"publisher\":{\"@id\":\"https:\/\/all-car-news.com\/de\/#organization\"},\"potentialAction\":[{\"@type\":\"SearchAction\",\"target\":{\"@type\":\"EntryPoint\",\"urlTemplate\":\"https:\/\/all-car-news.com\/de\/?s={search_term_string}\"},\"query-input\":\"required name=search_term_string\"}],\"inLanguage\":\"de\"},{\"@type\":\"Organization\",\"@id\":\"https:\/\/all-car-news.com\/de\/#organization\",\"name\":\"All cars news\",\"url\":\"https:\/\/all-car-news.com\/de\/\",\"logo\":{\"@type\":\"ImageObject\",\"inLanguage\":\"de\",\"@id\":\"https:\/\/all-car-news.com\/de\/#\/schema\/logo\/image\/\",\"url\":\"https:\/\/all-car-news.com\/wp-content\/uploads\/2022\/02\/CMYK-AllCarNews_LANDSCAPE_300px-1.png\",\"contentUrl\":\"https:\/\/all-car-news.com\/wp-content\/uploads\/2022\/02\/CMYK-AllCarNews_LANDSCAPE_300px-1.png\",\"width\":300,\"height\":100,\"caption\":\"All cars news\"},\"image\":{\"@id\":\"https:\/\/all-car-news.com\/de\/#\/schema\/logo\/image\/\"}}]}<\/script>\n<!-- \/ Yoast SEO plugin. -->","yoast_head_json":{"title":"BMW Ix3 - All cars news","robots":{"index":"index","follow":"follow","max-snippet":"max-snippet:-1","max-image-preview":"max-image-preview:large","max-video-preview":"max-video-preview:-1"},"canonical":"https:\/\/all-car-news.com\/de\/autofinder\/bmw\/bmw-ix3\/","og_locale":"de_DE","og_type":"article","og_title":"BMW Ix3 - All cars news","og_description":"BMW bietet seit einiger Zeit eine vollelektrische Version des BMW i3 an. Wie der BMW i8 wurde auch der i3 [&hellip;]","og_url":"https:\/\/all-car-news.com\/de\/autofinder\/bmw\/bmw-ix3\/","og_site_name":"All cars news","article_modified_time":"2022-03-02T14:07:52+00:00","og_image":[{"width":480,"height":360,"url":"https:\/\/all-car-news.com\/wp-content\/uploads\/2022\/03\/560D5F21-F58B-41FC-9230-A61A9251061E.jpeg","type":"image\/jpeg"}],"twitter_card":"summary_large_image","twitter_misc":{"Gesch\u00e4tzte Lesezeit":"2\u00a0Minuten"},"schema":{"@context":"https:\/\/schema.org","@graph":[{"@type":"WebPage","@id":"https:\/\/all-car-news.com\/de\/autofinder\/bmw\/bmw-ix3\/","url":"https:\/\/all-car-news.com\/de\/autofinder\/bmw\/bmw-ix3\/","name":"BMW Ix3 - All cars news","isPartOf":{"@id":"https:\/\/all-car-news.com\/de\/#website"},"datePublished":"2022-03-02T14:07:51+00:00","dateModified":"2022-03-02T14:07:52+00:00","breadcrumb":{"@id":"https:\/\/all-car-news.com\/de\/autofinder\/bmw\/bmw-ix3\/#breadcrumb"},"inLanguage":"de","potentialAction":[{"@type":"ReadAction","target":["https:\/\/all-car-news.com\/de\/autofinder\/bmw\/bmw-ix3\/"]}]},{"@type":"BreadcrumbList","@id":"https:\/\/all-car-news.com\/de\/autofinder\/bmw\/bmw-ix3\/#breadcrumb","itemListElement":[{"@type":"ListItem","position":1,"name":"Home","item":"https:\/\/all-car-news.com\/de\/"},{"@type":"ListItem","position":2,"name":"Autofinder","item":"https:\/\/all-car-news.com\/de\/autofinder\/"},{"@type":"ListItem","position":3,"name":"BMW","item":"https:\/\/all-car-news.com\/de\/autofinder\/bmw\/"},{"@type":"ListItem","position":4,"name":"BMW Ix3"}]},{"@type":"WebSite","@id":"https:\/\/all-car-news.com\/de\/#website","url":"https:\/\/all-car-news.com\/de\/","name":"All cars news","description":"","publisher":{"@id":"https:\/\/all-car-news.com\/de\/#organization"},"potentialAction":[{"@type":"SearchAction","target":{"@type":"EntryPoint","urlTemplate":"https:\/\/all-car-news.com\/de\/?s={search_term_string}"},"query-input":"required name=search_term_string"}],"inLanguage":"de"},{"@type":"Organization","@id":"https:\/\/all-car-news.com\/de\/#organization","name":"All cars news","url":"https:\/\/all-car-news.com\/de\/","logo":{"@type":"ImageObject","inLanguage":"de","@id":"https:\/\/all-car-news.com\/de\/#\/schema\/logo\/image\/","url":"https:\/\/all-car-news.com\/wp-content\/uploads\/2022\/02\/CMYK-AllCarNews_LANDSCAPE_300px-1.png","contentUrl":"https:\/\/all-car-news.com\/wp-content\/uploads\/2022\/02\/CMYK-AllCarNews_LANDSCAPE_300px-1.png","width":300,"height":100,"caption":"All cars news"},"image":{"@id":"https:\/\/all-car-news.com\/de\/#\/schema\/logo\/image\/"}}]}},"_links":{"self":[{"href":"https:\/\/all-car-news.com\/de\/wp-json\/wp\/v2\/pages\/117200","targetHints":{"allow":["GET"]}}],"collection":[{"href":"https:\/\/all-car-news.com\/de\/wp-json\/wp\/v2\/pages"}],"about":[{"href":"https:\/\/all-car-news.com\/de\/wp-json\/wp\/v2\/types\/page"}],"author":[{"embeddable":true,"href":"https:\/\/all-car-news.com\/de\/wp-json\/wp\/v2\/users\/4"}],"replies":[{"embeddable":true,"href":"https:\/\/all-car-news.com\/de\/wp-json\/wp\/v2\/comments?post=117200"}],"version-history":[{"count":0,"href":"https:\/\/all-car-news.com\/de\/wp-json\/wp\/v2\/pages\/117200\/revisions"}],"up":[{"embeddable":true,"href":"https:\/\/all-car-news.com\/de\/wp-json\/wp\/v2\/pages\/116520"}],"wp:featuredmedia":[{"embeddable":true,"href":"https:\/\/all-car-news.com\/de\/wp-json\/wp\/v2\/media\/117193"}],"wp:attachment":[{"href":"https:\/\/all-car-news.com\/de\/wp-json\/wp\/v2\/media?parent=117200"}],"curies":[{"name":"wp","href":"https:\/\/api.w.org\/{rel}","templated":true}]}}