{"id":117154,"date":"2022-03-02T13:57:19","date_gmt":"2022-03-02T13:57:19","guid":{"rendered":"https:\/\/all-car-news.com\/autofinder\/bmw\/bmw-x2\/"},"modified":"2022-03-08T08:41:45","modified_gmt":"2022-03-08T08:41:45","slug":"bmw-x2","status":"publish","type":"page","link":"https:\/\/all-car-news.com\/de\/autofinder\/bmw\/bmw-x2\/","title":{"rendered":"BMW X2"},"content":{"rendered":"\n<p>L\u00fccken in der Modellpalette zu f\u00fcllen, k\u00f6nnen Sie den deutschen Marken \u00fcberlassen. 2016 wurde uns das BMW Concept X2 vorgestellt, ein Vorbote eines v\u00f6llig neuen SUV-\u00e4hnlichen Modells zwischen X1 und X3. 2017 ging das Concept Car nahezu unver\u00e4ndert in Produktion.<\/p>\n\n<p>L\u00fccken in der Modellpalette zu f\u00fcllen, k\u00f6nnen Sie den deutschen Marken \u00fcberlassen. 2016 wurde uns das BMW Concept X2 vorgestellt, ein Vorbote eines v\u00f6llig neuen SUV-\u00e4hnlichen Modells zwischen X1 und X3. 2017 ging das Concept Car nahezu unver\u00e4ndert in Produktion.<\/p>\n\n<p><\/p>\n\n<h2 class=\"wp-block-heading\"><strong>Zwei, drei und vier<\/strong><br\/><\/h2>\n\n<p>Der BMW X2 teilt sich seine Plattform mit dem BMW X1 und dem Mini Countryman, was bedeutet, dass das Auto grunds\u00e4tzlich \u00fcber Frontantrieb und einen Dreizylindermotor verf\u00fcgt. Vierzylindermotoren und Allradantrieb stehen nat\u00fcrlich auf der Optionsliste.<\/p>\n\n<p><\/p>\n\n<h2 class=\"wp-block-heading\"><strong>Motoren<\/strong><br\/><\/h2>\n\n<p>Der Dreizylinder hat einen Hubraum von 1,5 Litern und leistet 138 PS. Der st\u00e4rkste &#8222;normale&#8220; Motor ist ein 2,0-Liter-Vierzylinder mit 228 PS f\u00fcr Benziner und Diesel. Eine reinrassige M-Version des X2 gibt es nicht, daf\u00fcr steht ein M35i in der Preisliste. Dann leistet der gleiche Vierzylinder-Motor pl\u00f6tzlich 302 PS.<\/p>\n\n<h2 class=\"wp-block-heading\">Technisch<\/h2>\n\n<figure class=\"wp-block-table is-style-stripes\"><table class=\"has-fixed-layout\"><tbody><tr><td>Motortyp<\/td><td>Benzin, 3-Zylinder-Reihe<\/td><\/tr><tr><td>Verschiebung<\/td><td>1.499cm<\/td><\/tr><tr><td>max. Verm\u00f6genswerte<\/td><td>103 kW (140 PS)<\/td><\/tr><tr><td>Biene<\/td><td>4.600 U\/min<\/td><\/tr><tr><td>max. Paar<\/td><td>220Nm<\/td><\/tr><tr><td>Biene<\/td><td>1.480 U\/min<\/td><\/tr><tr><td>Fahrt<\/td><td>Vorderreifen<\/td><\/tr><tr><td>Bremsen von\/a<\/td><td>gegeben Dame<\/td><\/tr><tr><td>Wendekreis<\/td><td>11,3 m<\/td><\/tr><tr><td>Leistungsbereich<\/td><td>85 bis 225 kW<\/td><\/tr><\/tbody><\/table><\/figure>\n\n<h2 class=\"wp-block-heading\">Allgemein<\/h2>\n\n<figure class=\"wp-block-table is-style-stripes\"><table class=\"has-fixed-layout\"><tbody><tr><td>\u00dcbertragung<\/td><td>6MT (Option: 7AT)<\/td><\/tr><tr><td>K\u00f6rpertyp<\/td><td>5-tlg. Gel\u00e4ndewagen<\/td><\/tr><tr><td>Euro NCAP<\/td><td>5 Sterne<\/td><\/tr><tr><td>Markteinf\u00fchrung<\/td><td>M\u00e4rz 2018<\/td><\/tr><tr><td>Neustes Facelift<\/td><td>N \/ A<\/td><\/tr><tr><td>Garantie<\/td><td>3 Jahre<\/td><\/tr><tr><td>Vom Preis<\/td><td>46.098 \u20ac<\/td><\/tr><tr><td>Besonderheiten<\/td><td>Die sDrive-Versionen haben Frontantrieb.<\/td><\/tr><\/tbody><\/table><\/figure>\n\n<h2 class=\"wp-block-heading\">Ma\u00dfe\/Gewichte<\/h2>\n\n<figure class=\"wp-block-table is-style-stripes\"><table class=\"has-fixed-layout\"><tbody><tr><td>Reifengr\u00f6\u00dfe<\/td><td>225\/55 R17<\/td><\/tr><tr><td>L x B x H<\/td><td>4.360 x 1.824 x 1.526 mm<\/td><\/tr><tr><td>Radstand<\/td><td>2.670 mm<\/td><\/tr><tr><td>Masse leer<\/td><td>1.375 kg<\/td><\/tr><tr><td>max. gem. Gew.<\/td><td>1.700 kg<\/td><\/tr><tr><td>Forts. Tasche. Zimmer.<\/td><td>470 l<\/td><\/tr><tr><td>Tankinhalt<\/td><td>51l<\/td><\/tr><\/tbody><\/table><\/figure>\n\n<h2 class=\"wp-block-heading\">Verbrauch<\/h2>\n\n<figure class=\"wp-block-table is-style-stripes\"><table class=\"has-fixed-layout\"><tbody><tr><td>Anschluss kombiniert<\/td><td>6,1l\/100km<\/td><\/tr><tr><td>CO\u2082-Emissionen<\/td><td>139g\/km<\/td><\/tr><tr><td>Energielabel<\/td><td>C<\/td><\/tr><\/tbody><\/table><\/figure>\n\n<h2 class=\"wp-block-heading\">Leistung<\/h2>\n\n<figure class=\"wp-block-table is-style-stripes\"><table class=\"has-fixed-layout\"><tbody><tr><td>gem. 0-100 km\/h<\/td><td>9,6 Sek<\/td><\/tr><tr><td>H\u00f6chstgeschwindigkeit<\/td><td>205 km\/h<\/td><\/tr><\/tbody><\/table><\/figure>\n","protected":false},"excerpt":{"rendered":"<p>L\u00fccken in der Modellpalette zu f\u00fcllen, k\u00f6nnen Sie den deutschen Marken \u00fcberlassen. 2016 wurde uns das BMW Concept X2 vorgestellt, [&hellip;]<\/p>\n","protected":false},"author":4,"featured_media":117147,"parent":116520,"menu_order":0,"comment_status":"closed","ping_status":"closed","template":"","meta":{"footnotes":""},"class_list":["post-117154","page","type-page","status-publish","has-post-thumbnail","hentry"],"acf":[],"yoast_head":"<!-- This site is optimized with the Yoast SEO plugin v21.2 - https:\/\/yoast.com\/wordpress\/plugins\/seo\/ -->\n<title>BMW X2 - All cars news<\/title>\n<meta name=\"robots\" content=\"index, follow, max-snippet:-1, max-image-preview:large, max-video-preview:-1\" \/>\n<link rel=\"canonical\" href=\"https:\/\/all-car-news.com\/de\/autofinder\/bmw\/bmw-x2\/\" \/>\n<meta property=\"og:locale\" content=\"de_DE\" \/>\n<meta property=\"og:type\" content=\"article\" \/>\n<meta property=\"og:title\" content=\"BMW X2 - All cars news\" \/>\n<meta property=\"og:description\" content=\"L\u00fccken in der Modellpalette zu f\u00fcllen, k\u00f6nnen Sie den deutschen Marken \u00fcberlassen. 2016 wurde uns das BMW Concept X2 vorgestellt, [&hellip;]\" \/>\n<meta property=\"og:url\" content=\"https:\/\/all-car-news.com\/de\/autofinder\/bmw\/bmw-x2\/\" \/>\n<meta property=\"og:site_name\" content=\"All cars news\" \/>\n<meta property=\"article:modified_time\" content=\"2022-03-08T08:41:45+00:00\" \/>\n<meta property=\"og:image\" content=\"https:\/\/all-car-news.com\/wp-content\/uploads\/2022\/03\/93CF37A3-3723-4F73-9D4C-755FB5BD46FD.jpeg\" \/>\n\t<meta property=\"og:image:width\" content=\"480\" \/>\n\t<meta property=\"og:image:height\" content=\"360\" \/>\n\t<meta property=\"og:image:type\" content=\"image\/jpeg\" \/>\n<meta name=\"twitter:card\" content=\"summary_large_image\" \/>\n<meta name=\"twitter:label1\" content=\"Gesch\u00e4tzte Lesezeit\" \/>\n\t<meta name=\"twitter:data1\" content=\"1\u00a0Minute\" \/>\n<script type=\"application\/ld+json\" class=\"yoast-schema-graph\">{\"@context\":\"https:\/\/schema.org\",\"@graph\":[{\"@type\":\"WebPage\",\"@id\":\"https:\/\/all-car-news.com\/de\/autofinder\/bmw\/bmw-x2\/\",\"url\":\"https:\/\/all-car-news.com\/de\/autofinder\/bmw\/bmw-x2\/\",\"name\":\"BMW X2 - All cars news\",\"isPartOf\":{\"@id\":\"https:\/\/all-car-news.com\/de\/#website\"},\"datePublished\":\"2022-03-02T13:57:19+00:00\",\"dateModified\":\"2022-03-08T08:41:45+00:00\",\"breadcrumb\":{\"@id\":\"https:\/\/all-car-news.com\/de\/autofinder\/bmw\/bmw-x2\/#breadcrumb\"},\"inLanguage\":\"de\",\"potentialAction\":[{\"@type\":\"ReadAction\",\"target\":[\"https:\/\/all-car-news.com\/de\/autofinder\/bmw\/bmw-x2\/\"]}]},{\"@type\":\"BreadcrumbList\",\"@id\":\"https:\/\/all-car-news.com\/de\/autofinder\/bmw\/bmw-x2\/#breadcrumb\",\"itemListElement\":[{\"@type\":\"ListItem\",\"position\":1,\"name\":\"Home\",\"item\":\"https:\/\/all-car-news.com\/de\/\"},{\"@type\":\"ListItem\",\"position\":2,\"name\":\"Autofinder\",\"item\":\"https:\/\/all-car-news.com\/de\/autofinder\/\"},{\"@type\":\"ListItem\",\"position\":3,\"name\":\"BMW\",\"item\":\"https:\/\/all-car-news.com\/de\/autofinder\/bmw\/\"},{\"@type\":\"ListItem\",\"position\":4,\"name\":\"BMW X2\"}]},{\"@type\":\"WebSite\",\"@id\":\"https:\/\/all-car-news.com\/de\/#website\",\"url\":\"https:\/\/all-car-news.com\/de\/\",\"name\":\"All cars news\",\"description\":\"\",\"publisher\":{\"@id\":\"https:\/\/all-car-news.com\/de\/#organization\"},\"potentialAction\":[{\"@type\":\"SearchAction\",\"target\":{\"@type\":\"EntryPoint\",\"urlTemplate\":\"https:\/\/all-car-news.com\/de\/?s={search_term_string}\"},\"query-input\":\"required name=search_term_string\"}],\"inLanguage\":\"de\"},{\"@type\":\"Organization\",\"@id\":\"https:\/\/all-car-news.com\/de\/#organization\",\"name\":\"All cars news\",\"url\":\"https:\/\/all-car-news.com\/de\/\",\"logo\":{\"@type\":\"ImageObject\",\"inLanguage\":\"de\",\"@id\":\"https:\/\/all-car-news.com\/de\/#\/schema\/logo\/image\/\",\"url\":\"https:\/\/all-car-news.com\/wp-content\/uploads\/2022\/02\/CMYK-AllCarNews_LANDSCAPE_300px-1.png\",\"contentUrl\":\"https:\/\/all-car-news.com\/wp-content\/uploads\/2022\/02\/CMYK-AllCarNews_LANDSCAPE_300px-1.png\",\"width\":300,\"height\":100,\"caption\":\"All cars news\"},\"image\":{\"@id\":\"https:\/\/all-car-news.com\/de\/#\/schema\/logo\/image\/\"}}]}<\/script>\n<!-- \/ Yoast SEO plugin. -->","yoast_head_json":{"title":"BMW X2 - All cars news","robots":{"index":"index","follow":"follow","max-snippet":"max-snippet:-1","max-image-preview":"max-image-preview:large","max-video-preview":"max-video-preview:-1"},"canonical":"https:\/\/all-car-news.com\/de\/autofinder\/bmw\/bmw-x2\/","og_locale":"de_DE","og_type":"article","og_title":"BMW X2 - All cars news","og_description":"L\u00fccken in der Modellpalette zu f\u00fcllen, k\u00f6nnen Sie den deutschen Marken \u00fcberlassen. 2016 wurde uns das BMW Concept X2 vorgestellt, [&hellip;]","og_url":"https:\/\/all-car-news.com\/de\/autofinder\/bmw\/bmw-x2\/","og_site_name":"All cars news","article_modified_time":"2022-03-08T08:41:45+00:00","og_image":[{"width":480,"height":360,"url":"https:\/\/all-car-news.com\/wp-content\/uploads\/2022\/03\/93CF37A3-3723-4F73-9D4C-755FB5BD46FD.jpeg","type":"image\/jpeg"}],"twitter_card":"summary_large_image","twitter_misc":{"Gesch\u00e4tzte Lesezeit":"1\u00a0Minute"},"schema":{"@context":"https:\/\/schema.org","@graph":[{"@type":"WebPage","@id":"https:\/\/all-car-news.com\/de\/autofinder\/bmw\/bmw-x2\/","url":"https:\/\/all-car-news.com\/de\/autofinder\/bmw\/bmw-x2\/","name":"BMW X2 - All cars news","isPartOf":{"@id":"https:\/\/all-car-news.com\/de\/#website"},"datePublished":"2022-03-02T13:57:19+00:00","dateModified":"2022-03-08T08:41:45+00:00","breadcrumb":{"@id":"https:\/\/all-car-news.com\/de\/autofinder\/bmw\/bmw-x2\/#breadcrumb"},"inLanguage":"de","potentialAction":[{"@type":"ReadAction","target":["https:\/\/all-car-news.com\/de\/autofinder\/bmw\/bmw-x2\/"]}]},{"@type":"BreadcrumbList","@id":"https:\/\/all-car-news.com\/de\/autofinder\/bmw\/bmw-x2\/#breadcrumb","itemListElement":[{"@type":"ListItem","position":1,"name":"Home","item":"https:\/\/all-car-news.com\/de\/"},{"@type":"ListItem","position":2,"name":"Autofinder","item":"https:\/\/all-car-news.com\/de\/autofinder\/"},{"@type":"ListItem","position":3,"name":"BMW","item":"https:\/\/all-car-news.com\/de\/autofinder\/bmw\/"},{"@type":"ListItem","position":4,"name":"BMW X2"}]},{"@type":"WebSite","@id":"https:\/\/all-car-news.com\/de\/#website","url":"https:\/\/all-car-news.com\/de\/","name":"All cars news","description":"","publisher":{"@id":"https:\/\/all-car-news.com\/de\/#organization"},"potentialAction":[{"@type":"SearchAction","target":{"@type":"EntryPoint","urlTemplate":"https:\/\/all-car-news.com\/de\/?s={search_term_string}"},"query-input":"required name=search_term_string"}],"inLanguage":"de"},{"@type":"Organization","@id":"https:\/\/all-car-news.com\/de\/#organization","name":"All cars news","url":"https:\/\/all-car-news.com\/de\/","logo":{"@type":"ImageObject","inLanguage":"de","@id":"https:\/\/all-car-news.com\/de\/#\/schema\/logo\/image\/","url":"https:\/\/all-car-news.com\/wp-content\/uploads\/2022\/02\/CMYK-AllCarNews_LANDSCAPE_300px-1.png","contentUrl":"https:\/\/all-car-news.com\/wp-content\/uploads\/2022\/02\/CMYK-AllCarNews_LANDSCAPE_300px-1.png","width":300,"height":100,"caption":"All cars news"},"image":{"@id":"https:\/\/all-car-news.com\/de\/#\/schema\/logo\/image\/"}}]}},"_links":{"self":[{"href":"https:\/\/all-car-news.com\/de\/wp-json\/wp\/v2\/pages\/117154","targetHints":{"allow":["GET"]}}],"collection":[{"href":"https:\/\/all-car-news.com\/de\/wp-json\/wp\/v2\/pages"}],"about":[{"href":"https:\/\/all-car-news.com\/de\/wp-json\/wp\/v2\/types\/page"}],"author":[{"embeddable":true,"href":"https:\/\/all-car-news.com\/de\/wp-json\/wp\/v2\/users\/4"}],"replies":[{"embeddable":true,"href":"https:\/\/all-car-news.com\/de\/wp-json\/wp\/v2\/comments?post=117154"}],"version-history":[{"count":0,"href":"https:\/\/all-car-news.com\/de\/wp-json\/wp\/v2\/pages\/117154\/revisions"}],"up":[{"embeddable":true,"href":"https:\/\/all-car-news.com\/de\/wp-json\/wp\/v2\/pages\/116520"}],"wp:featuredmedia":[{"embeddable":true,"href":"https:\/\/all-car-news.com\/de\/wp-json\/wp\/v2\/media\/117147"}],"wp:attachment":[{"href":"https:\/\/all-car-news.com\/de\/wp-json\/wp\/v2\/media?parent=117154"}],"curies":[{"name":"wp","href":"https:\/\/api.w.org\/{rel}","templated":true}]}}