{"id":117139,"date":"2022-03-02T13:53:16","date_gmt":"2022-03-02T13:53:16","guid":{"rendered":"https:\/\/all-car-news.com\/autofinder\/bmw\/bmw-x1\/"},"modified":"2022-03-08T08:42:51","modified_gmt":"2022-03-08T08:42:51","slug":"bmw-x1","status":"publish","type":"page","link":"https:\/\/all-car-news.com\/de\/autofinder\/bmw\/bmw-x1\/","title":{"rendered":"BMW X1"},"content":{"rendered":"\n<p>2009 erweiterte BMW die Modellpalette mit dem X1, einem Kompakt-SUV, der das Einstiegsmodell der Marke bei den SUV-Modellen darstellte. Trotz der Nummer in der Typenbezeichnung basierte das Auto nicht auf dem 1er, sondern teilte seine Basis mit dem 3er. <br\/><\/p>\n\n<p>2009 erweiterte BMW die Modellpalette mit dem X1, einem Kompakt-SUV, der das Einstiegsmodell der Marke bei den SUV-Modellen darstellte. Trotz der Nummer in der Typenbezeichnung basierte das Auto nicht auf dem 1er, sondern teilte seine Basis mit dem 3er.<br\/><br\/><\/p>\n\n<h2 class=\"wp-block-heading\"><strong>Frontantrieb<\/strong><br\/><\/h2>\n\n<p>2015 war es Zeit f\u00fcr eine Nachfolge und die zweite Generation kam auf den Markt. Diesmal teilte sich das Auto seine Plattform mit dem sp\u00e4teren Mini Countryman und dem BMW X2. Damit ist der X1 nun grunds\u00e4tzlich frontgetrieben, Allradantrieb ist aber nat\u00fcrlich auch vorhanden. Neue Versionen sind eine erweiterte und eine hybride Version, aber beide bleiben dem chinesischen Markt vorbehalten.<br\/><br\/><\/p>\n\n<h2 class=\"wp-block-heading\"><strong>Holl\u00e4ndisches Auto<\/strong><br\/><\/h2>\n\n<p>Seit letztem Jahr wird der X1 auch in den Niederlanden bei Nedcar in Born produziert. Um zu feiern, dass der X1 \u201eniederl\u00e4ndisch\u201c geworden ist, hat BMW Niederlande eine Orange Edition f\u00fcr das Auto eingef\u00fchrt. Neben der ohnehin zur Orange Edition geh\u00f6renden Extra-Dekoration kann dieses Modell auch mit einer (dunkel-)orangen Lackierung bestellt werden.<\/p>\n\n<h2 class=\"wp-block-heading\">Technisch<\/h2>\n\n<figure class=\"wp-block-table is-style-stripes\"><table class=\"has-fixed-layout\"><tbody><tr><td>Motortyp<\/td><td>Benzin, 3-Zylinder-Reihe<\/td><\/tr><tr><td>Verschiebung<\/td><td>1.499cm<\/td><\/tr><tr><td>max. Verm\u00f6genswerte<\/td><td>103 kW (140 PS)<\/td><\/tr><tr><td>Biene<\/td><td>4.600 U\/min<\/td><\/tr><tr><td>max. Paar<\/td><td>220Nm<\/td><\/tr><tr><td>Biene<\/td><td>1.480 U\/min<\/td><\/tr><tr><td>Fahrt<\/td><td>Vorderreifen<\/td><\/tr><tr><td>Bremsen von\/a<\/td><td>gegeben Dame<\/td><\/tr><tr><td>Wendekreis<\/td><td>11,4 m<\/td><\/tr><tr><td>Leistungsbereich<\/td><td>85 bis 170 kW<\/td><\/tr><\/tbody><\/table><\/figure>\n\n<h2 class=\"wp-block-heading\">Ma\u00dfe\/Gewichte<\/h2>\n\n<figure class=\"wp-block-table is-style-stripes\"><table class=\"has-fixed-layout\"><tbody><tr><td>Reifengr\u00f6\u00dfe<\/td><td>225\/55 R17<\/td><\/tr><tr><td>L x B x H<\/td><td>4.447 x 1.821 x 1.598 mm<\/td><\/tr><tr><td>Radstand<\/td><td>2.670 mm<\/td><\/tr><tr><td>Masse leer<\/td><td>1.375 kg<\/td><\/tr><tr><td>max. gem. Gew.<\/td><td>1.700 kg<\/td><\/tr><tr><td>Forts. Tasche. Zimmer.<\/td><td>505 l<\/td><\/tr><tr><td>Tankinhalt<\/td><td>51l<\/td><\/tr><\/tbody><\/table><\/figure>\n\n<h2 class=\"wp-block-heading\">Verbrauch<\/h2>\n\n<figure class=\"wp-block-table is-style-stripes\"><table class=\"has-fixed-layout\"><tbody><tr><td>Anschluss kombiniert<\/td><td>5,5l\/100km<\/td><\/tr><tr><td>CO\u2082-Emissionen<\/td><td>125g\/km<\/td><\/tr><tr><td>Energielabel<\/td><td>C<\/td><\/tr><\/tbody><\/table><\/figure>\n\n<h2 class=\"wp-block-heading\">Leistung<\/h2>\n\n<figure class=\"wp-block-table is-style-stripes\"><table class=\"has-fixed-layout\"><tbody><tr><td>gem. 0-100 km\/h<\/td><td>9,7 Sek<\/td><\/tr><tr><td>H\u00f6chstgeschwindigkeit<\/td><td>205 km\/h<\/td><\/tr><\/tbody><\/table><\/figure>\n","protected":false},"excerpt":{"rendered":"<p>2009 erweiterte BMW die Modellpalette mit dem X1, einem Kompakt-SUV, der das Einstiegsmodell der Marke bei den SUV-Modellen darstellte. Trotz [&hellip;]<\/p>\n","protected":false},"author":4,"featured_media":117132,"parent":116520,"menu_order":0,"comment_status":"closed","ping_status":"closed","template":"","meta":{"footnotes":""},"class_list":["post-117139","page","type-page","status-publish","has-post-thumbnail","hentry"],"acf":[],"yoast_head":"<!-- This site is optimized with the Yoast SEO plugin v21.2 - https:\/\/yoast.com\/wordpress\/plugins\/seo\/ -->\n<title>BMW X1 - All cars news<\/title>\n<meta name=\"robots\" content=\"index, follow, max-snippet:-1, max-image-preview:large, max-video-preview:-1\" \/>\n<link rel=\"canonical\" href=\"https:\/\/all-car-news.com\/de\/autofinder\/bmw\/bmw-x1\/\" \/>\n<meta property=\"og:locale\" content=\"de_DE\" \/>\n<meta property=\"og:type\" content=\"article\" \/>\n<meta property=\"og:title\" content=\"BMW X1 - All cars news\" \/>\n<meta property=\"og:description\" content=\"2009 erweiterte BMW die Modellpalette mit dem X1, einem Kompakt-SUV, der das Einstiegsmodell der Marke bei den SUV-Modellen darstellte. Trotz [&hellip;]\" \/>\n<meta property=\"og:url\" content=\"https:\/\/all-car-news.com\/de\/autofinder\/bmw\/bmw-x1\/\" \/>\n<meta property=\"og:site_name\" content=\"All cars news\" \/>\n<meta property=\"article:modified_time\" content=\"2022-03-08T08:42:51+00:00\" \/>\n<meta property=\"og:image\" content=\"https:\/\/all-car-news.com\/wp-content\/uploads\/2022\/03\/F1615F94-CB49-4433-B504-F3C38BEE1B39.jpeg\" \/>\n\t<meta property=\"og:image:width\" content=\"480\" \/>\n\t<meta property=\"og:image:height\" content=\"360\" \/>\n\t<meta property=\"og:image:type\" content=\"image\/jpeg\" \/>\n<meta name=\"twitter:card\" content=\"summary_large_image\" \/>\n<meta name=\"twitter:label1\" content=\"Gesch\u00e4tzte Lesezeit\" \/>\n\t<meta name=\"twitter:data1\" content=\"1\u00a0Minute\" \/>\n<script type=\"application\/ld+json\" class=\"yoast-schema-graph\">{\"@context\":\"https:\/\/schema.org\",\"@graph\":[{\"@type\":\"WebPage\",\"@id\":\"https:\/\/all-car-news.com\/de\/autofinder\/bmw\/bmw-x1\/\",\"url\":\"https:\/\/all-car-news.com\/de\/autofinder\/bmw\/bmw-x1\/\",\"name\":\"BMW X1 - All cars news\",\"isPartOf\":{\"@id\":\"https:\/\/all-car-news.com\/de\/#website\"},\"datePublished\":\"2022-03-02T13:53:16+00:00\",\"dateModified\":\"2022-03-08T08:42:51+00:00\",\"breadcrumb\":{\"@id\":\"https:\/\/all-car-news.com\/de\/autofinder\/bmw\/bmw-x1\/#breadcrumb\"},\"inLanguage\":\"de\",\"potentialAction\":[{\"@type\":\"ReadAction\",\"target\":[\"https:\/\/all-car-news.com\/de\/autofinder\/bmw\/bmw-x1\/\"]}]},{\"@type\":\"BreadcrumbList\",\"@id\":\"https:\/\/all-car-news.com\/de\/autofinder\/bmw\/bmw-x1\/#breadcrumb\",\"itemListElement\":[{\"@type\":\"ListItem\",\"position\":1,\"name\":\"Home\",\"item\":\"https:\/\/all-car-news.com\/de\/\"},{\"@type\":\"ListItem\",\"position\":2,\"name\":\"Autofinder\",\"item\":\"https:\/\/all-car-news.com\/de\/autofinder\/\"},{\"@type\":\"ListItem\",\"position\":3,\"name\":\"BMW\",\"item\":\"https:\/\/all-car-news.com\/de\/autofinder\/bmw\/\"},{\"@type\":\"ListItem\",\"position\":4,\"name\":\"BMW X1\"}]},{\"@type\":\"WebSite\",\"@id\":\"https:\/\/all-car-news.com\/de\/#website\",\"url\":\"https:\/\/all-car-news.com\/de\/\",\"name\":\"All cars news\",\"description\":\"\",\"publisher\":{\"@id\":\"https:\/\/all-car-news.com\/de\/#organization\"},\"potentialAction\":[{\"@type\":\"SearchAction\",\"target\":{\"@type\":\"EntryPoint\",\"urlTemplate\":\"https:\/\/all-car-news.com\/de\/?s={search_term_string}\"},\"query-input\":\"required name=search_term_string\"}],\"inLanguage\":\"de\"},{\"@type\":\"Organization\",\"@id\":\"https:\/\/all-car-news.com\/de\/#organization\",\"name\":\"All cars news\",\"url\":\"https:\/\/all-car-news.com\/de\/\",\"logo\":{\"@type\":\"ImageObject\",\"inLanguage\":\"de\",\"@id\":\"https:\/\/all-car-news.com\/de\/#\/schema\/logo\/image\/\",\"url\":\"https:\/\/all-car-news.com\/wp-content\/uploads\/2022\/02\/CMYK-AllCarNews_LANDSCAPE_300px-1.png\",\"contentUrl\":\"https:\/\/all-car-news.com\/wp-content\/uploads\/2022\/02\/CMYK-AllCarNews_LANDSCAPE_300px-1.png\",\"width\":300,\"height\":100,\"caption\":\"All cars news\"},\"image\":{\"@id\":\"https:\/\/all-car-news.com\/de\/#\/schema\/logo\/image\/\"}}]}<\/script>\n<!-- \/ Yoast SEO plugin. -->","yoast_head_json":{"title":"BMW X1 - All cars news","robots":{"index":"index","follow":"follow","max-snippet":"max-snippet:-1","max-image-preview":"max-image-preview:large","max-video-preview":"max-video-preview:-1"},"canonical":"https:\/\/all-car-news.com\/de\/autofinder\/bmw\/bmw-x1\/","og_locale":"de_DE","og_type":"article","og_title":"BMW X1 - All cars news","og_description":"2009 erweiterte BMW die Modellpalette mit dem X1, einem Kompakt-SUV, der das Einstiegsmodell der Marke bei den SUV-Modellen darstellte. Trotz [&hellip;]","og_url":"https:\/\/all-car-news.com\/de\/autofinder\/bmw\/bmw-x1\/","og_site_name":"All cars news","article_modified_time":"2022-03-08T08:42:51+00:00","og_image":[{"width":480,"height":360,"url":"https:\/\/all-car-news.com\/wp-content\/uploads\/2022\/03\/F1615F94-CB49-4433-B504-F3C38BEE1B39.jpeg","type":"image\/jpeg"}],"twitter_card":"summary_large_image","twitter_misc":{"Gesch\u00e4tzte Lesezeit":"1\u00a0Minute"},"schema":{"@context":"https:\/\/schema.org","@graph":[{"@type":"WebPage","@id":"https:\/\/all-car-news.com\/de\/autofinder\/bmw\/bmw-x1\/","url":"https:\/\/all-car-news.com\/de\/autofinder\/bmw\/bmw-x1\/","name":"BMW X1 - All cars news","isPartOf":{"@id":"https:\/\/all-car-news.com\/de\/#website"},"datePublished":"2022-03-02T13:53:16+00:00","dateModified":"2022-03-08T08:42:51+00:00","breadcrumb":{"@id":"https:\/\/all-car-news.com\/de\/autofinder\/bmw\/bmw-x1\/#breadcrumb"},"inLanguage":"de","potentialAction":[{"@type":"ReadAction","target":["https:\/\/all-car-news.com\/de\/autofinder\/bmw\/bmw-x1\/"]}]},{"@type":"BreadcrumbList","@id":"https:\/\/all-car-news.com\/de\/autofinder\/bmw\/bmw-x1\/#breadcrumb","itemListElement":[{"@type":"ListItem","position":1,"name":"Home","item":"https:\/\/all-car-news.com\/de\/"},{"@type":"ListItem","position":2,"name":"Autofinder","item":"https:\/\/all-car-news.com\/de\/autofinder\/"},{"@type":"ListItem","position":3,"name":"BMW","item":"https:\/\/all-car-news.com\/de\/autofinder\/bmw\/"},{"@type":"ListItem","position":4,"name":"BMW X1"}]},{"@type":"WebSite","@id":"https:\/\/all-car-news.com\/de\/#website","url":"https:\/\/all-car-news.com\/de\/","name":"All cars news","description":"","publisher":{"@id":"https:\/\/all-car-news.com\/de\/#organization"},"potentialAction":[{"@type":"SearchAction","target":{"@type":"EntryPoint","urlTemplate":"https:\/\/all-car-news.com\/de\/?s={search_term_string}"},"query-input":"required name=search_term_string"}],"inLanguage":"de"},{"@type":"Organization","@id":"https:\/\/all-car-news.com\/de\/#organization","name":"All cars news","url":"https:\/\/all-car-news.com\/de\/","logo":{"@type":"ImageObject","inLanguage":"de","@id":"https:\/\/all-car-news.com\/de\/#\/schema\/logo\/image\/","url":"https:\/\/all-car-news.com\/wp-content\/uploads\/2022\/02\/CMYK-AllCarNews_LANDSCAPE_300px-1.png","contentUrl":"https:\/\/all-car-news.com\/wp-content\/uploads\/2022\/02\/CMYK-AllCarNews_LANDSCAPE_300px-1.png","width":300,"height":100,"caption":"All cars news"},"image":{"@id":"https:\/\/all-car-news.com\/de\/#\/schema\/logo\/image\/"}}]}},"_links":{"self":[{"href":"https:\/\/all-car-news.com\/de\/wp-json\/wp\/v2\/pages\/117139","targetHints":{"allow":["GET"]}}],"collection":[{"href":"https:\/\/all-car-news.com\/de\/wp-json\/wp\/v2\/pages"}],"about":[{"href":"https:\/\/all-car-news.com\/de\/wp-json\/wp\/v2\/types\/page"}],"author":[{"embeddable":true,"href":"https:\/\/all-car-news.com\/de\/wp-json\/wp\/v2\/users\/4"}],"replies":[{"embeddable":true,"href":"https:\/\/all-car-news.com\/de\/wp-json\/wp\/v2\/comments?post=117139"}],"version-history":[{"count":0,"href":"https:\/\/all-car-news.com\/de\/wp-json\/wp\/v2\/pages\/117139\/revisions"}],"up":[{"embeddable":true,"href":"https:\/\/all-car-news.com\/de\/wp-json\/wp\/v2\/pages\/116520"}],"wp:featuredmedia":[{"embeddable":true,"href":"https:\/\/all-car-news.com\/de\/wp-json\/wp\/v2\/media\/117132"}],"wp:attachment":[{"href":"https:\/\/all-car-news.com\/de\/wp-json\/wp\/v2\/media?parent=117139"}],"curies":[{"name":"wp","href":"https:\/\/api.w.org\/{rel}","templated":true}]}}