{"id":117124,"date":"2022-03-02T13:47:36","date_gmt":"2022-03-02T13:47:36","guid":{"rendered":"https:\/\/all-car-news.com\/autofinder\/bmw\/bmw-8er-gran-coupe\/"},"modified":"2022-03-08T08:46:59","modified_gmt":"2022-03-08T08:46:59","slug":"bmw-8er-gran-coupe","status":"publish","type":"page","link":"https:\/\/all-car-news.com\/de\/autofinder\/bmw\/bmw-8er-gran-coupe\/","title":{"rendered":"BMW 8er Gran Coup\u00e9"},"content":{"rendered":"\n<p>Als 1989 die BMW 6er Reihe auslief, erschien im Jahr darauf die BMW 8er Reihe, die unter den Typenbezeichnungen 840 und 850 bekannter wurde. Der 8er war jedoch kein direkter Nachfolger des 6er, da er mit einem h\u00f6heren Preis h\u00f6her im Markt positioniert war und auch eine bessere Leistung bot. Dieses Modell dauerte bis 1999 und erhielt keinen Nachfolger.<\/p>\n\n<p>Als 1989 die BMW 6er Reihe auslief, erschien im Jahr darauf die BMW 8er Reihe, die unter den Typenbezeichnungen 840 und 850 bekannter wurde. Der 8er war jedoch kein direkter Nachfolger des 6er, da er mit einem h\u00f6heren Preis h\u00f6her im Markt positioniert war und auch eine bessere Leistung bot. Dieses Modell dauerte bis 1999 und erhielt keinen Nachfolger.<\/p>\n\n<p><\/p>\n\n<h2 class=\"wp-block-heading\"><strong>Aufs Neue<\/strong><br\/><\/h2>\n\n<p>2018 wiederholt sich die Geschichte. Die 6er-Reihe ging aus der Produktion und wird durch die wieder eingef\u00fchrte 8er-Reihe ersetzt. Diesmal handelt es sich jedoch um einen direkten Nachfolger, denn es kommt darauf an, dass BMW den 6er noch luxuri\u00f6ser macht und in der Modellpalette h\u00f6her platziert. Das Auto ist jetzt tats\u00e4chlich die Coup\u00e9-Version des 7er, weshalb das Auto jetzt auf den Namen 8er h\u00f6rt.<\/p>\n\n<p><\/p>\n\n<h2 class=\"wp-block-heading\"><strong>Reich ausgestattet<\/strong><br\/><\/h2>\n\n<p>Der 8er wurde 2017 auf Basis des BMW Concept 8 Series vorgestellt, ein Concept Car, das auch gleich die neue Designsprache der Marke pr\u00e4sentierte. Wir sehen dies bereits bei mehreren BMW-Modellen. Wie die 7er-Serie ist auch die 8er-Serie vollgepackt mit der neuesten Technologie, einschlie\u00dflich der Integration f\u00fcr Skype und Microsoft Office. Wieder einmal ist die 8er-Reihe in den Versionen 840 und 850 erh\u00e4ltlich, die Geschichte wiederholt sich noch einmal.<\/p>\n\n<p><\/p>\n\n<h2 class=\"wp-block-heading\"><strong>Familienerweiterung<\/strong><br\/><\/h2>\n\n<p>Neben Coup\u00e9 und Cabrio wurde das Angebot der 8er Reihe, wie schon beim Vorg\u00e4nger 6er, um eine Gran Coup\u00e9 Variante erweitert. Eine vollwertige M8-Version ist sicherlich noch in Planung.<\/p>\n\n<h2 class=\"wp-block-heading\">Technisch<\/h2>\n\n<figure class=\"wp-block-table is-style-stripes\"><table class=\"has-fixed-layout\"><tbody><tr><td>Motortyp<\/td><td>Benzin, 6-Zylinder-Reihe<\/td><\/tr><tr><td>Verschiebung<\/td><td>2.998 cm\u00b3<\/td><\/tr><tr><td>max. Verm\u00f6genswerte<\/td><td>250 kW (340 PS)<\/td><\/tr><tr><td>Biene<\/td><td>5.000 U\/min<\/td><\/tr><tr><td>max. Paar<\/td><td>500Nm<\/td><\/tr><tr><td>Biene<\/td><td>1.600 U\/min<\/td><\/tr><tr><td>Fahrt<\/td><td>Hinterr\u00e4der (Option 4WD)<\/td><\/tr><tr><td>Bremsen von\/a<\/td><td>gegeben Dame<\/td><\/tr><tr><td>Wendekreis<\/td><td>12,6 m<\/td><\/tr><tr><td>Leistungsbereich<\/td><td>235 bis 460 kW<\/td><\/tr><\/tbody><\/table><\/figure>\n\n<h2 class=\"wp-block-heading\">Allgemein<\/h2>\n\n<figure class=\"wp-block-table is-style-stripes\"><table class=\"has-fixed-layout\"><tbody><tr><td>\u00dcbertragung<\/td><td>8AT<\/td><\/tr><tr><td>K\u00f6rpertyp<\/td><td>4-tlg. Abteil<\/td><\/tr><tr><td>Euro NCAP<\/td><td>nicht getestet<\/td><\/tr><tr><td>Markteinf\u00fchrung<\/td><td>Juli 2019<\/td><\/tr><tr><td>Neustes Facelift<\/td><td>N \/ A<\/td><\/tr><tr><td>Garantie<\/td><td>3 Jahre<\/td><\/tr><tr><td>Vom Preis<\/td><td>115.152 \u20ac<\/td><\/tr><tr><td>Besonderheiten<\/td><td>Wie der Vorg\u00e4nger 6er ist auch der 8er als viert\u00fcriges Gran Coup\u00e9 erh\u00e4ltlich.<\/td><\/tr><\/tbody><\/table><\/figure>\n\n<h2 class=\"wp-block-heading\">Ma\u00dfe\/Gewichte<\/h2>\n\n<figure class=\"wp-block-table is-style-stripes\"><table class=\"has-fixed-layout\"><tbody><tr><td>Reifengr\u00f6\u00dfe<\/td><td>245\/35 R20 \/ 275\/30 R20<\/td><\/tr><tr><td>L x B x H<\/td><td>5.082 x 1.932 x 1.407 mm<\/td><\/tr><tr><td>Radstand<\/td><td>3.023 mm<\/td><\/tr><tr><td>Masse leer<\/td><td>1.790 kg<\/td><\/tr><tr><td>max. gem. Gew.<\/td><td>n\/a kg<\/td><\/tr><tr><td>Forts. Tasche. Zimmer.<\/td><td>440 l<\/td><\/tr><tr><td>Tankinhalt<\/td><td>68 l<\/td><\/tr><\/tbody><\/table><\/figure>\n\n<h2 class=\"wp-block-heading\">Verbrauch<\/h2>\n\n<figure class=\"wp-block-table is-style-stripes\"><table class=\"has-fixed-layout\"><tbody><tr><td>Anschluss kombiniert<\/td><td>8,2l\/100km<\/td><\/tr><tr><td>CO\u2082-Emissionen<\/td><td>186g\/km<\/td><\/tr><tr><td>Energielabel<\/td><td>C<\/td><\/tr><\/tbody><\/table><\/figure>\n\n<h2 class=\"wp-block-heading\">Leistung<\/h2>\n\n<figure class=\"wp-block-table is-style-stripes\"><table class=\"has-fixed-layout\"><tbody><tr><td>gem. 0-100 km\/h<\/td><td>5,4 Sek<\/td><\/tr><tr><td>H\u00f6chstgeschwindigkeit<\/td><td>250 km\/h<\/td><\/tr><\/tbody><\/table><\/figure>\n","protected":false},"excerpt":{"rendered":"<p>Als 1989 die BMW 6er Reihe auslief, erschien im Jahr darauf die BMW 8er Reihe, die unter den Typenbezeichnungen 840 [&hellip;]<\/p>\n","protected":false},"author":4,"featured_media":117117,"parent":116520,"menu_order":0,"comment_status":"closed","ping_status":"closed","template":"","meta":{"footnotes":""},"class_list":["post-117124","page","type-page","status-publish","has-post-thumbnail","hentry"],"acf":[],"yoast_head":"<!-- This site is optimized with the Yoast SEO plugin v21.2 - https:\/\/yoast.com\/wordpress\/plugins\/seo\/ -->\n<title>BMW 8er Gran Coup\u00e9 - All cars news<\/title>\n<meta name=\"robots\" content=\"index, follow, max-snippet:-1, max-image-preview:large, max-video-preview:-1\" \/>\n<link rel=\"canonical\" href=\"https:\/\/all-car-news.com\/de\/autofinder\/bmw\/bmw-8er-gran-coupe\/\" \/>\n<meta property=\"og:locale\" content=\"de_DE\" \/>\n<meta property=\"og:type\" content=\"article\" \/>\n<meta property=\"og:title\" content=\"BMW 8er Gran Coup\u00e9 - All cars news\" \/>\n<meta property=\"og:description\" content=\"Als 1989 die BMW 6er Reihe auslief, erschien im Jahr darauf die BMW 8er Reihe, die unter den Typenbezeichnungen 840 [&hellip;]\" \/>\n<meta property=\"og:url\" content=\"https:\/\/all-car-news.com\/de\/autofinder\/bmw\/bmw-8er-gran-coupe\/\" \/>\n<meta property=\"og:site_name\" content=\"All cars news\" \/>\n<meta property=\"article:modified_time\" content=\"2022-03-08T08:46:59+00:00\" \/>\n<meta property=\"og:image\" content=\"https:\/\/all-car-news.com\/wp-content\/uploads\/2022\/03\/8CB56F65-D22B-417F-837F-5115CA7C0DB7.jpeg\" \/>\n\t<meta property=\"og:image:width\" content=\"480\" \/>\n\t<meta property=\"og:image:height\" content=\"360\" \/>\n\t<meta property=\"og:image:type\" content=\"image\/jpeg\" \/>\n<meta name=\"twitter:card\" content=\"summary_large_image\" \/>\n<meta name=\"twitter:label1\" content=\"Gesch\u00e4tzte Lesezeit\" \/>\n\t<meta name=\"twitter:data1\" content=\"2\u00a0Minuten\" \/>\n<script type=\"application\/ld+json\" class=\"yoast-schema-graph\">{\"@context\":\"https:\/\/schema.org\",\"@graph\":[{\"@type\":\"WebPage\",\"@id\":\"https:\/\/all-car-news.com\/de\/autofinder\/bmw\/bmw-8er-gran-coupe\/\",\"url\":\"https:\/\/all-car-news.com\/de\/autofinder\/bmw\/bmw-8er-gran-coupe\/\",\"name\":\"BMW 8er Gran Coup\u00e9 - All cars news\",\"isPartOf\":{\"@id\":\"https:\/\/all-car-news.com\/de\/#website\"},\"datePublished\":\"2022-03-02T13:47:36+00:00\",\"dateModified\":\"2022-03-08T08:46:59+00:00\",\"breadcrumb\":{\"@id\":\"https:\/\/all-car-news.com\/de\/autofinder\/bmw\/bmw-8er-gran-coupe\/#breadcrumb\"},\"inLanguage\":\"de\",\"potentialAction\":[{\"@type\":\"ReadAction\",\"target\":[\"https:\/\/all-car-news.com\/de\/autofinder\/bmw\/bmw-8er-gran-coupe\/\"]}]},{\"@type\":\"BreadcrumbList\",\"@id\":\"https:\/\/all-car-news.com\/de\/autofinder\/bmw\/bmw-8er-gran-coupe\/#breadcrumb\",\"itemListElement\":[{\"@type\":\"ListItem\",\"position\":1,\"name\":\"Home\",\"item\":\"https:\/\/all-car-news.com\/de\/\"},{\"@type\":\"ListItem\",\"position\":2,\"name\":\"Autofinder\",\"item\":\"https:\/\/all-car-news.com\/de\/autofinder\/\"},{\"@type\":\"ListItem\",\"position\":3,\"name\":\"BMW\",\"item\":\"https:\/\/all-car-news.com\/de\/autofinder\/bmw\/\"},{\"@type\":\"ListItem\",\"position\":4,\"name\":\"BMW 8er Gran Coup\u00e9\"}]},{\"@type\":\"WebSite\",\"@id\":\"https:\/\/all-car-news.com\/de\/#website\",\"url\":\"https:\/\/all-car-news.com\/de\/\",\"name\":\"All cars news\",\"description\":\"\",\"publisher\":{\"@id\":\"https:\/\/all-car-news.com\/de\/#organization\"},\"potentialAction\":[{\"@type\":\"SearchAction\",\"target\":{\"@type\":\"EntryPoint\",\"urlTemplate\":\"https:\/\/all-car-news.com\/de\/?s={search_term_string}\"},\"query-input\":\"required name=search_term_string\"}],\"inLanguage\":\"de\"},{\"@type\":\"Organization\",\"@id\":\"https:\/\/all-car-news.com\/de\/#organization\",\"name\":\"All cars news\",\"url\":\"https:\/\/all-car-news.com\/de\/\",\"logo\":{\"@type\":\"ImageObject\",\"inLanguage\":\"de\",\"@id\":\"https:\/\/all-car-news.com\/de\/#\/schema\/logo\/image\/\",\"url\":\"https:\/\/all-car-news.com\/wp-content\/uploads\/2022\/02\/CMYK-AllCarNews_LANDSCAPE_300px-1.png\",\"contentUrl\":\"https:\/\/all-car-news.com\/wp-content\/uploads\/2022\/02\/CMYK-AllCarNews_LANDSCAPE_300px-1.png\",\"width\":300,\"height\":100,\"caption\":\"All cars news\"},\"image\":{\"@id\":\"https:\/\/all-car-news.com\/de\/#\/schema\/logo\/image\/\"}}]}<\/script>\n<!-- \/ Yoast SEO plugin. -->","yoast_head_json":{"title":"BMW 8er Gran Coup\u00e9 - All cars news","robots":{"index":"index","follow":"follow","max-snippet":"max-snippet:-1","max-image-preview":"max-image-preview:large","max-video-preview":"max-video-preview:-1"},"canonical":"https:\/\/all-car-news.com\/de\/autofinder\/bmw\/bmw-8er-gran-coupe\/","og_locale":"de_DE","og_type":"article","og_title":"BMW 8er Gran Coup\u00e9 - All cars news","og_description":"Als 1989 die BMW 6er Reihe auslief, erschien im Jahr darauf die BMW 8er Reihe, die unter den Typenbezeichnungen 840 [&hellip;]","og_url":"https:\/\/all-car-news.com\/de\/autofinder\/bmw\/bmw-8er-gran-coupe\/","og_site_name":"All cars news","article_modified_time":"2022-03-08T08:46:59+00:00","og_image":[{"width":480,"height":360,"url":"https:\/\/all-car-news.com\/wp-content\/uploads\/2022\/03\/8CB56F65-D22B-417F-837F-5115CA7C0DB7.jpeg","type":"image\/jpeg"}],"twitter_card":"summary_large_image","twitter_misc":{"Gesch\u00e4tzte Lesezeit":"2\u00a0Minuten"},"schema":{"@context":"https:\/\/schema.org","@graph":[{"@type":"WebPage","@id":"https:\/\/all-car-news.com\/de\/autofinder\/bmw\/bmw-8er-gran-coupe\/","url":"https:\/\/all-car-news.com\/de\/autofinder\/bmw\/bmw-8er-gran-coupe\/","name":"BMW 8er Gran Coup\u00e9 - All cars news","isPartOf":{"@id":"https:\/\/all-car-news.com\/de\/#website"},"datePublished":"2022-03-02T13:47:36+00:00","dateModified":"2022-03-08T08:46:59+00:00","breadcrumb":{"@id":"https:\/\/all-car-news.com\/de\/autofinder\/bmw\/bmw-8er-gran-coupe\/#breadcrumb"},"inLanguage":"de","potentialAction":[{"@type":"ReadAction","target":["https:\/\/all-car-news.com\/de\/autofinder\/bmw\/bmw-8er-gran-coupe\/"]}]},{"@type":"BreadcrumbList","@id":"https:\/\/all-car-news.com\/de\/autofinder\/bmw\/bmw-8er-gran-coupe\/#breadcrumb","itemListElement":[{"@type":"ListItem","position":1,"name":"Home","item":"https:\/\/all-car-news.com\/de\/"},{"@type":"ListItem","position":2,"name":"Autofinder","item":"https:\/\/all-car-news.com\/de\/autofinder\/"},{"@type":"ListItem","position":3,"name":"BMW","item":"https:\/\/all-car-news.com\/de\/autofinder\/bmw\/"},{"@type":"ListItem","position":4,"name":"BMW 8er Gran Coup\u00e9"}]},{"@type":"WebSite","@id":"https:\/\/all-car-news.com\/de\/#website","url":"https:\/\/all-car-news.com\/de\/","name":"All cars news","description":"","publisher":{"@id":"https:\/\/all-car-news.com\/de\/#organization"},"potentialAction":[{"@type":"SearchAction","target":{"@type":"EntryPoint","urlTemplate":"https:\/\/all-car-news.com\/de\/?s={search_term_string}"},"query-input":"required name=search_term_string"}],"inLanguage":"de"},{"@type":"Organization","@id":"https:\/\/all-car-news.com\/de\/#organization","name":"All cars news","url":"https:\/\/all-car-news.com\/de\/","logo":{"@type":"ImageObject","inLanguage":"de","@id":"https:\/\/all-car-news.com\/de\/#\/schema\/logo\/image\/","url":"https:\/\/all-car-news.com\/wp-content\/uploads\/2022\/02\/CMYK-AllCarNews_LANDSCAPE_300px-1.png","contentUrl":"https:\/\/all-car-news.com\/wp-content\/uploads\/2022\/02\/CMYK-AllCarNews_LANDSCAPE_300px-1.png","width":300,"height":100,"caption":"All cars news"},"image":{"@id":"https:\/\/all-car-news.com\/de\/#\/schema\/logo\/image\/"}}]}},"_links":{"self":[{"href":"https:\/\/all-car-news.com\/de\/wp-json\/wp\/v2\/pages\/117124","targetHints":{"allow":["GET"]}}],"collection":[{"href":"https:\/\/all-car-news.com\/de\/wp-json\/wp\/v2\/pages"}],"about":[{"href":"https:\/\/all-car-news.com\/de\/wp-json\/wp\/v2\/types\/page"}],"author":[{"embeddable":true,"href":"https:\/\/all-car-news.com\/de\/wp-json\/wp\/v2\/users\/4"}],"replies":[{"embeddable":true,"href":"https:\/\/all-car-news.com\/de\/wp-json\/wp\/v2\/comments?post=117124"}],"version-history":[{"count":0,"href":"https:\/\/all-car-news.com\/de\/wp-json\/wp\/v2\/pages\/117124\/revisions"}],"up":[{"embeddable":true,"href":"https:\/\/all-car-news.com\/de\/wp-json\/wp\/v2\/pages\/116520"}],"wp:featuredmedia":[{"embeddable":true,"href":"https:\/\/all-car-news.com\/de\/wp-json\/wp\/v2\/media\/117117"}],"wp:attachment":[{"href":"https:\/\/all-car-news.com\/de\/wp-json\/wp\/v2\/media?parent=117124"}],"curies":[{"name":"wp","href":"https:\/\/api.w.org\/{rel}","templated":true}]}}