{"id":116986,"date":"2022-03-02T11:27:05","date_gmt":"2022-03-02T11:27:05","guid":{"rendered":"https:\/\/all-car-news.com\/autofinder\/bmw\/bmw-6er-cabrio\/"},"modified":"2022-03-08T08:56:03","modified_gmt":"2022-03-08T08:56:03","slug":"bmw-6er-cabrio","status":"publish","type":"page","link":"https:\/\/all-car-news.com\/de\/autofinder\/bmw\/bmw-6er-cabrio\/","title":{"rendered":"BMW 6er Cabrio"},"content":{"rendered":"\n<p>Die erste Generation der BMW 6er Reihe erblickte 1976 das Licht der Welt. Das Auto war der Nachfolger des E9 Coup\u00e9 und wie sein Vorg\u00e4nger nur als Coup\u00e9 erh\u00e4ltlich. Der 6er war technisch mit dem Flaggschiff 7er verwandt und war mehr oder weniger die Coup\u00e9-Version dieses Autos. Neben sportlichen Fahrleistungen bot der 6er auch jede Menge Luxus. Die Produktion der 6er-Reihe wurde 1989 eingestellt, als das Auto von der etwas gr\u00f6\u00dferen und teureren 8er-Reihe abgel\u00f6st wurde. <br\/><\/p>\n\n<p>Die erste Generation der BMW 6er Reihe erblickte 1976 das Licht der Welt. Das Auto war der Nachfolger des E9 Coup\u00e9 und wie sein Vorg\u00e4nger nur als Coup\u00e9 erh\u00e4ltlich. Der 6er war technisch mit dem Flaggschiff 7er verwandt und war mehr oder weniger die Coup\u00e9-Version dieses Autos. Neben sportlichen Fahrleistungen bot der 6er auch jede Menge Luxus. Die Produktion der 6er-Reihe wurde 1989 eingestellt, als das Auto von der etwas gr\u00f6\u00dferen und teureren 8er-Reihe abgel\u00f6st wurde.<br\/><br\/><\/p>\n\n<h2 class=\"wp-block-heading\"><strong>Wiedereinf\u00fchrung<\/strong><br\/><\/h2>\n\n<p>Nachdem der 8er bis 1999 Bestand hatte, bot BMW eine Zeit lang kein gro\u00dfes Coup\u00e9 mehr an. Bis 2003, als ein 6er wieder eingef\u00fchrt wurde. Tats\u00e4chlich machte das Modell da weiter, wo die erste Generation aufgeh\u00f6rt hatte: sportlichen Luxus. Allerdings basierte das Auto nun auf der Technik der 5er Reihe. Erstmals war der 6er auch als Cabrio erh\u00e4ltlich. 2011 folgte eine Wachabl\u00f6sung mit der dritten Generation der 6er Reihe, die ab 2012 auch als viert\u00fcriges Gran Coup\u00e9 erh\u00e4ltlich war.<br\/><br\/><\/p>\n\n<h2 class=\"wp-block-heading\"><strong>ger\u00fchrt<\/strong><br\/><\/h2>\n\n<p>2018 wiederholte sich die Geschichte. Auf die 6er-Reihe folgte die etwas gr\u00f6\u00dfere und luxuri\u00f6sere 8er-Reihe, obwohl die 8er-Reihe diesmal eine direktere Weiterentwicklung der 6er-Reihe ist. Mit anderen Worten: Die 6er-Reihe hei\u00dft jetzt 8er, da sich das Modell jetzt noch st\u00e4rker als Coup\u00e9-Alternative zur 7er-Reihe positioniert. Dennoch steht ein 6er in den Showrooms, denn der Nachfolger des 5er Gran Turismo ging ab 2017 als 6er Gran Turismo durchs Leben. Auch dieses Modell r\u00fcckte in der Modellpalette eine Stufe nach oben.<\/p>\n\n<h2 class=\"wp-block-heading\">Technisch<\/h2>\n\n<figure class=\"wp-block-table is-style-stripes\"><table class=\"has-fixed-layout\"><tbody><tr><td>Motortyp<\/td><td>Diesel, 6-Zylinder in Reihe<\/td><\/tr><tr><td>Verschiebung<\/td><td>2.993 cm\u00b3<\/td><\/tr><tr><td>max. Verm\u00f6genswerte<\/td><td>230 kW (313 PS)<\/td><\/tr><tr><td>Biene<\/td><td>4.400 U\/min<\/td><\/tr><tr><td>max. Paar<\/td><td>630Nm<\/td><\/tr><tr><td>Biene<\/td><td>1.500 U\/min<\/td><\/tr><tr><td>Fahrt<\/td><td>Hinterr\u00e4der<\/td><\/tr><tr><td>Bremsen von\/a<\/td><td>gegeben Dame<\/td><\/tr><tr><td>Wendekreis<\/td><td>11,7 m<\/td><\/tr><tr><td>Leistungsbereich<\/td><td>230 bis 412 kW<\/td><\/tr><\/tbody><\/table><\/figure>\n\n<h2 class=\"wp-block-heading\">Allgemein<\/h2>\n\n<figure class=\"wp-block-table is-style-stripes\"><table class=\"has-fixed-layout\"><tbody><tr><td>\u00dcbertragung<\/td><td>8AT<\/td><\/tr><tr><td>K\u00f6rpertyp<\/td><td>2-tlg. Cabrio<\/td><\/tr><tr><td>Euro NCAP<\/td><td>nicht getestet<\/td><\/tr><tr><td>Markteinf\u00fchrung<\/td><td>Mai 2011<\/td><\/tr><tr><td>Neustes Facelift<\/td><td>M\u00e4rz 2015<\/td><\/tr><tr><td>Garantie<\/td><td>zwei Jahre<\/td><\/tr><tr><td>Vom Preis<\/td><td>118.600 \u20ac<\/td><\/tr><tr><td>Besonderheiten<\/td><td>Der 640d ist der einzige Diesel f\u00fcr das 6er Cabrio, mit Allrad- oder Hinterradantrieb.<\/td><\/tr><\/tbody><\/table><\/figure>\n\n<h2 class=\"wp-block-heading\">Ma\u00dfe\/Gewichte<\/h2>\n\n<figure class=\"wp-block-table is-style-stripes\"><table class=\"has-fixed-layout\"><tbody><tr><td>Reifengr\u00f6\u00dfe<\/td><td>225\/55 R17<\/td><\/tr><tr><td>L x B x H<\/td><td>4.894 x 1.898 x 1.365 mm<\/td><\/tr><tr><td>Radstand<\/td><td>2.851 mm<\/td><\/tr><tr><td>Masse leer<\/td><td>2.005 kg<\/td><\/tr><tr><td>max. gem. Gew.<\/td><td>n\/a kg<\/td><\/tr><tr><td>Forts. Tasche. Zimmer.<\/td><td>300 l<\/td><\/tr><tr><td>Tankinhalt<\/td><td>70 l<\/td><\/tr><\/tbody><\/table><figcaption>Aber <\/figcaption><\/figure>\n\n<h2 class=\"wp-block-heading\">Verbrauch<\/h2>\n\n<figure class=\"wp-block-table is-style-stripes\"><table><tbody><tr><td>Anschluss kombiniert<\/td><td>5,6l\/100km<\/td><\/tr><tr><td>CO\u2082-Emissionen<\/td><td>194g\/km<\/td><\/tr><tr><td>Energielabel<\/td><td>E<\/td><\/tr><\/tbody><\/table><\/figure>\n\n<h2 class=\"wp-block-heading\">Leistung<\/h2>\n\n<figure class=\"wp-block-table is-style-stripes\"><table class=\"has-fixed-layout\"><tbody><tr><td>gem. 0-100 km\/h<\/td><td>5,3 Sek<\/td><\/tr><tr><td>H\u00f6chstgeschwindigkeit<\/td><td>250 km\/h<\/td><\/tr><\/tbody><\/table><\/figure>\n","protected":false},"excerpt":{"rendered":"<p>Die erste Generation der BMW 6er Reihe erblickte 1976 das Licht der Welt. Das Auto war der Nachfolger des E9 [&hellip;]<\/p>\n","protected":false},"author":4,"featured_media":116981,"parent":116520,"menu_order":0,"comment_status":"closed","ping_status":"closed","template":"","meta":{"footnotes":""},"class_list":["post-116986","page","type-page","status-publish","has-post-thumbnail","hentry"],"acf":[],"yoast_head":"<!-- This site is optimized with the Yoast SEO plugin v21.2 - https:\/\/yoast.com\/wordpress\/plugins\/seo\/ -->\n<title>BMW 6er Cabrio - All cars news<\/title>\n<meta name=\"robots\" content=\"index, follow, max-snippet:-1, max-image-preview:large, max-video-preview:-1\" \/>\n<link rel=\"canonical\" href=\"https:\/\/all-car-news.com\/de\/autofinder\/bmw\/bmw-6er-cabrio\/\" \/>\n<meta property=\"og:locale\" content=\"de_DE\" \/>\n<meta property=\"og:type\" content=\"article\" \/>\n<meta property=\"og:title\" content=\"BMW 6er Cabrio - All cars news\" \/>\n<meta property=\"og:description\" content=\"Die erste Generation der BMW 6er Reihe erblickte 1976 das Licht der Welt. Das Auto war der Nachfolger des E9 [&hellip;]\" \/>\n<meta property=\"og:url\" content=\"https:\/\/all-car-news.com\/de\/autofinder\/bmw\/bmw-6er-cabrio\/\" \/>\n<meta property=\"og:site_name\" content=\"All cars news\" \/>\n<meta property=\"article:modified_time\" content=\"2022-03-08T08:56:03+00:00\" \/>\n<meta property=\"og:image\" content=\"https:\/\/all-car-news.com\/wp-content\/uploads\/2022\/03\/E8CCC95E-F338-453D-AA67-351F382A215C.jpeg\" \/>\n\t<meta property=\"og:image:width\" content=\"480\" \/>\n\t<meta property=\"og:image:height\" content=\"360\" \/>\n\t<meta property=\"og:image:type\" content=\"image\/jpeg\" \/>\n<meta name=\"twitter:card\" content=\"summary_large_image\" \/>\n<meta name=\"twitter:label1\" content=\"Gesch\u00e4tzte Lesezeit\" \/>\n\t<meta name=\"twitter:data1\" content=\"2\u00a0Minuten\" \/>\n<script type=\"application\/ld+json\" class=\"yoast-schema-graph\">{\"@context\":\"https:\/\/schema.org\",\"@graph\":[{\"@type\":\"WebPage\",\"@id\":\"https:\/\/all-car-news.com\/de\/autofinder\/bmw\/bmw-6er-cabrio\/\",\"url\":\"https:\/\/all-car-news.com\/de\/autofinder\/bmw\/bmw-6er-cabrio\/\",\"name\":\"BMW 6er Cabrio - All cars news\",\"isPartOf\":{\"@id\":\"https:\/\/all-car-news.com\/de\/#website\"},\"datePublished\":\"2022-03-02T11:27:05+00:00\",\"dateModified\":\"2022-03-08T08:56:03+00:00\",\"breadcrumb\":{\"@id\":\"https:\/\/all-car-news.com\/de\/autofinder\/bmw\/bmw-6er-cabrio\/#breadcrumb\"},\"inLanguage\":\"de\",\"potentialAction\":[{\"@type\":\"ReadAction\",\"target\":[\"https:\/\/all-car-news.com\/de\/autofinder\/bmw\/bmw-6er-cabrio\/\"]}]},{\"@type\":\"BreadcrumbList\",\"@id\":\"https:\/\/all-car-news.com\/de\/autofinder\/bmw\/bmw-6er-cabrio\/#breadcrumb\",\"itemListElement\":[{\"@type\":\"ListItem\",\"position\":1,\"name\":\"Home\",\"item\":\"https:\/\/all-car-news.com\/de\/\"},{\"@type\":\"ListItem\",\"position\":2,\"name\":\"Autofinder\",\"item\":\"https:\/\/all-car-news.com\/de\/autofinder\/\"},{\"@type\":\"ListItem\",\"position\":3,\"name\":\"BMW\",\"item\":\"https:\/\/all-car-news.com\/de\/autofinder\/bmw\/\"},{\"@type\":\"ListItem\",\"position\":4,\"name\":\"BMW 6er Cabrio\"}]},{\"@type\":\"WebSite\",\"@id\":\"https:\/\/all-car-news.com\/de\/#website\",\"url\":\"https:\/\/all-car-news.com\/de\/\",\"name\":\"All cars news\",\"description\":\"\",\"publisher\":{\"@id\":\"https:\/\/all-car-news.com\/de\/#organization\"},\"potentialAction\":[{\"@type\":\"SearchAction\",\"target\":{\"@type\":\"EntryPoint\",\"urlTemplate\":\"https:\/\/all-car-news.com\/de\/?s={search_term_string}\"},\"query-input\":\"required name=search_term_string\"}],\"inLanguage\":\"de\"},{\"@type\":\"Organization\",\"@id\":\"https:\/\/all-car-news.com\/de\/#organization\",\"name\":\"All cars news\",\"url\":\"https:\/\/all-car-news.com\/de\/\",\"logo\":{\"@type\":\"ImageObject\",\"inLanguage\":\"de\",\"@id\":\"https:\/\/all-car-news.com\/de\/#\/schema\/logo\/image\/\",\"url\":\"https:\/\/all-car-news.com\/wp-content\/uploads\/2022\/02\/CMYK-AllCarNews_LANDSCAPE_300px-1.png\",\"contentUrl\":\"https:\/\/all-car-news.com\/wp-content\/uploads\/2022\/02\/CMYK-AllCarNews_LANDSCAPE_300px-1.png\",\"width\":300,\"height\":100,\"caption\":\"All cars news\"},\"image\":{\"@id\":\"https:\/\/all-car-news.com\/de\/#\/schema\/logo\/image\/\"}}]}<\/script>\n<!-- \/ Yoast SEO plugin. -->","yoast_head_json":{"title":"BMW 6er Cabrio - All cars news","robots":{"index":"index","follow":"follow","max-snippet":"max-snippet:-1","max-image-preview":"max-image-preview:large","max-video-preview":"max-video-preview:-1"},"canonical":"https:\/\/all-car-news.com\/de\/autofinder\/bmw\/bmw-6er-cabrio\/","og_locale":"de_DE","og_type":"article","og_title":"BMW 6er Cabrio - All cars news","og_description":"Die erste Generation der BMW 6er Reihe erblickte 1976 das Licht der Welt. Das Auto war der Nachfolger des E9 [&hellip;]","og_url":"https:\/\/all-car-news.com\/de\/autofinder\/bmw\/bmw-6er-cabrio\/","og_site_name":"All cars news","article_modified_time":"2022-03-08T08:56:03+00:00","og_image":[{"width":480,"height":360,"url":"https:\/\/all-car-news.com\/wp-content\/uploads\/2022\/03\/E8CCC95E-F338-453D-AA67-351F382A215C.jpeg","type":"image\/jpeg"}],"twitter_card":"summary_large_image","twitter_misc":{"Gesch\u00e4tzte Lesezeit":"2\u00a0Minuten"},"schema":{"@context":"https:\/\/schema.org","@graph":[{"@type":"WebPage","@id":"https:\/\/all-car-news.com\/de\/autofinder\/bmw\/bmw-6er-cabrio\/","url":"https:\/\/all-car-news.com\/de\/autofinder\/bmw\/bmw-6er-cabrio\/","name":"BMW 6er Cabrio - All cars news","isPartOf":{"@id":"https:\/\/all-car-news.com\/de\/#website"},"datePublished":"2022-03-02T11:27:05+00:00","dateModified":"2022-03-08T08:56:03+00:00","breadcrumb":{"@id":"https:\/\/all-car-news.com\/de\/autofinder\/bmw\/bmw-6er-cabrio\/#breadcrumb"},"inLanguage":"de","potentialAction":[{"@type":"ReadAction","target":["https:\/\/all-car-news.com\/de\/autofinder\/bmw\/bmw-6er-cabrio\/"]}]},{"@type":"BreadcrumbList","@id":"https:\/\/all-car-news.com\/de\/autofinder\/bmw\/bmw-6er-cabrio\/#breadcrumb","itemListElement":[{"@type":"ListItem","position":1,"name":"Home","item":"https:\/\/all-car-news.com\/de\/"},{"@type":"ListItem","position":2,"name":"Autofinder","item":"https:\/\/all-car-news.com\/de\/autofinder\/"},{"@type":"ListItem","position":3,"name":"BMW","item":"https:\/\/all-car-news.com\/de\/autofinder\/bmw\/"},{"@type":"ListItem","position":4,"name":"BMW 6er Cabrio"}]},{"@type":"WebSite","@id":"https:\/\/all-car-news.com\/de\/#website","url":"https:\/\/all-car-news.com\/de\/","name":"All cars news","description":"","publisher":{"@id":"https:\/\/all-car-news.com\/de\/#organization"},"potentialAction":[{"@type":"SearchAction","target":{"@type":"EntryPoint","urlTemplate":"https:\/\/all-car-news.com\/de\/?s={search_term_string}"},"query-input":"required name=search_term_string"}],"inLanguage":"de"},{"@type":"Organization","@id":"https:\/\/all-car-news.com\/de\/#organization","name":"All cars news","url":"https:\/\/all-car-news.com\/de\/","logo":{"@type":"ImageObject","inLanguage":"de","@id":"https:\/\/all-car-news.com\/de\/#\/schema\/logo\/image\/","url":"https:\/\/all-car-news.com\/wp-content\/uploads\/2022\/02\/CMYK-AllCarNews_LANDSCAPE_300px-1.png","contentUrl":"https:\/\/all-car-news.com\/wp-content\/uploads\/2022\/02\/CMYK-AllCarNews_LANDSCAPE_300px-1.png","width":300,"height":100,"caption":"All cars news"},"image":{"@id":"https:\/\/all-car-news.com\/de\/#\/schema\/logo\/image\/"}}]}},"_links":{"self":[{"href":"https:\/\/all-car-news.com\/de\/wp-json\/wp\/v2\/pages\/116986","targetHints":{"allow":["GET"]}}],"collection":[{"href":"https:\/\/all-car-news.com\/de\/wp-json\/wp\/v2\/pages"}],"about":[{"href":"https:\/\/all-car-news.com\/de\/wp-json\/wp\/v2\/types\/page"}],"author":[{"embeddable":true,"href":"https:\/\/all-car-news.com\/de\/wp-json\/wp\/v2\/users\/4"}],"replies":[{"embeddable":true,"href":"https:\/\/all-car-news.com\/de\/wp-json\/wp\/v2\/comments?post=116986"}],"version-history":[{"count":0,"href":"https:\/\/all-car-news.com\/de\/wp-json\/wp\/v2\/pages\/116986\/revisions"}],"up":[{"embeddable":true,"href":"https:\/\/all-car-news.com\/de\/wp-json\/wp\/v2\/pages\/116520"}],"wp:featuredmedia":[{"embeddable":true,"href":"https:\/\/all-car-news.com\/de\/wp-json\/wp\/v2\/media\/116981"}],"wp:attachment":[{"href":"https:\/\/all-car-news.com\/de\/wp-json\/wp\/v2\/media?parent=116986"}],"curies":[{"name":"wp","href":"https:\/\/api.w.org\/{rel}","templated":true}]}}