{"id":116892,"date":"2022-03-01T11:39:10","date_gmt":"2022-03-01T11:39:10","guid":{"rendered":"https:\/\/all-car-news.com\/bmw-3er-gt\/"},"modified":"2022-03-08T09:06:43","modified_gmt":"2022-03-08T09:06:43","slug":"bmw-3er-gt-2","status":"publish","type":"page","link":"https:\/\/all-car-news.com\/de\/autofinder\/bmw\/bmw-3er-gt-2\/","title":{"rendered":"BMW 3er GT"},"content":{"rendered":"\n<p>Der BMW 3er ist eine Erfolgsformel, die 1975 entstand, oder sogar 1966, wenn man die 02er-Reihe mit einbezieht. Das Auto hat sich schnell von einem zweit\u00fcrigen Coup\u00e9 zu einer Limousine (oder GT oder Kombi, dem Touring) entwickelt, in der sich sowohl ein Gesch\u00e4ftsmann als auch ein sportlicher Fahrer wiederfinden k\u00f6nnen. Seit der sechsten Generation sind in der BMW 4er Reihe die Versionen Coup\u00e9 und Cabrio abgespalten.<\/p>\n\n<p>Der BMW 3er ist eine Erfolgsformel, die 1975 entstand, oder sogar 1966, wenn man die 02er-Reihe mit einbezieht. Das Auto hat sich schnell von einem zweit\u00fcrigen Coup\u00e9 zu einer Limousine (oder GT oder Kombi, dem Touring) entwickelt, in der sich sowohl ein Gesch\u00e4ftsmann als auch ein sportlicher Fahrer wiederfinden k\u00f6nnen. Seit der sechsten Generation sind in der BMW 4er Reihe die Versionen Coup\u00e9 und Cabrio abgespalten.<br\/><br\/><br\/><br\/><\/p>\n\n<h2 class=\"wp-block-heading\"><strong>Viele Varianten<\/strong><\/h2>\n\n<p><\/p>\n\n<p><br\/>Der aktuelle 3er wurde Ende 2018 vorgestellt und wird wie sein Vorg\u00e4nger wieder in vielen Varianten zum Verkauf stehen. Von Versionen, die speziell auf den Business-Fahrer ausgerichtet sind, bis zum sportlichen M3.<br\/><br\/><\/p>\n\n<h2 class=\"wp-block-heading\"><strong>Wettbewerb<\/strong><br\/><\/h2>\n\n<p>Der BMW 3er ist im hart umk\u00e4mpften D-Segment, wo er gegen Autos wie den Audi A4 und die Mercedes-Benz C-Klasse antreten muss. Bei den Verkaufszahlen hat es der 3er geschafft, den Anschluss zu halten und es wird sich zeigen, ob die neue siebte 3er-Generation ebenfalls erfolgreich sein wird.<\/p>\n\n<h2 class=\"wp-block-heading\">Technisch<\/h2>\n\n<figure class=\"wp-block-table\"><table><tbody><tr><td>Motortyp<\/td><td>Benzin, 4-Zylinder-Reihe<\/td><\/tr><tr><td>Verschiebung<\/td><td>1.998 cm\u00b3<\/td><\/tr><tr><td>max. Verm\u00f6genswerte<\/td><td>135 kW (184 PS)<\/td><\/tr><tr><td>Biene<\/td><td>5.000 U\/min<\/td><\/tr><tr><td>max. Paar<\/td><td>270Nm<\/td><\/tr><tr><td>Biene<\/td><td>1.350 U\/min<\/td><\/tr><tr><td>Fahrt<\/td><td>Hinterr\u00e4der<\/td><\/tr><tr><td>Bremsen von\/a<\/td><td>gegeben Datentr\u00e4ger\/Scheiben<\/td><\/tr><tr><td>Wendekreis<\/td><td>11,8 m<\/td><\/tr><tr><td>Leistungsbereich<\/td><td>110 bis 240 kW<\/td><\/tr><\/tbody><\/table><\/figure>\n\n<h2 class=\"wp-block-heading\">Allgemein<\/h2>\n\n<figure class=\"wp-block-table\"><table><tbody><tr><td>\u00dcbertragung<\/td><td>8AT<\/td><\/tr><tr><td>K\u00f6rpertyp<\/td><td>5-tlg. R\u00fcckzug<\/td><\/tr><tr><td>Euro NCAP<\/td><td>5 Sterne<\/td><\/tr><tr><td>Markteinf\u00fchrung<\/td><td>Juli 2013<\/td><\/tr><tr><td>Neustes Facelift<\/td><td>Juli 2016<\/td><\/tr><tr><td>Garantie<\/td><td>3 Jahre<\/td><\/tr><tr><td>Vom Preis<\/td><td>50.557 \u20ac<\/td><\/tr><tr><td>Besonderheiten<\/td><td>Der 3er Gran Turismo ist 19 cm l\u00e4nger als die 3er Limousine.<\/td><\/tr><\/tbody><\/table><\/figure>\n\n<h2 class=\"wp-block-heading\">Ma\u00dfe\/Gewichte<\/h2>\n\n<figure class=\"wp-block-table\"><table><tbody><tr><td>Reifengr\u00f6\u00dfe<\/td><td>225\/55 R17<\/td><\/tr><tr><td>L x B x H<\/td><td>4.824 x 1.828 x 1.508 mm<\/td><\/tr><tr><td>Radstand<\/td><td>2.920 mm<\/td><\/tr><tr><td>Masse leer<\/td><td>1.655 kg<\/td><\/tr><tr><td>max. gem. Gew.<\/td><td>1.400 Kilogramm<\/td><\/tr><tr><td>Forts. Tasche. Zimmer.<\/td><td>520 l<\/td><\/tr><tr><td>Tankinhalt<\/td><td>60 l<\/td><\/tr><\/tbody><\/table><\/figure>\n\n<h2 class=\"wp-block-heading\">Verbrauch<\/h2>\n\n<figure class=\"wp-block-table\"><table><tbody><tr><td>Anschluss kombiniert<\/td><td>6,1l\/100km<\/td><\/tr><tr><td>CO\u2082-Emissionen<\/td><td>139g\/km<\/td><\/tr><tr><td>Energielabel<\/td><td>C<\/td><\/tr><\/tbody><\/table><\/figure>\n\n<h2 class=\"wp-block-heading\">Leistung<\/h2>\n\n<figure class=\"wp-block-table\"><table><tbody><tr><td>gem. 0-100 km\/h<\/td><td>8,0 Sek<\/td><\/tr><tr><td>H\u00f6chstgeschwindigkeit<\/td><td>230 km\/h<\/td><\/tr><\/tbody><\/table><\/figure>\n","protected":false},"excerpt":{"rendered":"<p>Der BMW 3er ist eine Erfolgsformel, die 1975 entstand, oder sogar 1966, wenn man die 02er-Reihe mit einbezieht. Das Auto [&hellip;]<\/p>\n","protected":false},"author":4,"featured_media":116900,"parent":116520,"menu_order":0,"comment_status":"closed","ping_status":"closed","template":"","meta":{"footnotes":""},"class_list":["post-116892","page","type-page","status-publish","has-post-thumbnail","hentry"],"acf":[],"yoast_head":"<!-- This site is optimized with the Yoast SEO plugin v21.2 - https:\/\/yoast.com\/wordpress\/plugins\/seo\/ -->\n<title>BMW 3er GT - All cars news<\/title>\n<meta name=\"robots\" content=\"index, follow, max-snippet:-1, max-image-preview:large, max-video-preview:-1\" \/>\n<link rel=\"canonical\" href=\"https:\/\/all-car-news.com\/de\/autofinder\/bmw\/bmw-3er-gt-2\/\" \/>\n<meta property=\"og:locale\" content=\"de_DE\" \/>\n<meta property=\"og:type\" content=\"article\" \/>\n<meta property=\"og:title\" content=\"BMW 3er GT - All cars news\" \/>\n<meta property=\"og:description\" content=\"Der BMW 3er ist eine Erfolgsformel, die 1975 entstand, oder sogar 1966, wenn man die 02er-Reihe mit einbezieht. Das Auto [&hellip;]\" \/>\n<meta property=\"og:url\" content=\"https:\/\/all-car-news.com\/de\/autofinder\/bmw\/bmw-3er-gt-2\/\" \/>\n<meta property=\"og:site_name\" content=\"All cars news\" \/>\n<meta property=\"article:modified_time\" content=\"2022-03-08T09:06:43+00:00\" \/>\n<meta property=\"og:image\" content=\"https:\/\/all-car-news.com\/wp-content\/uploads\/2022\/03\/26FE0838-6597-4CC5-88DC-C2477E7A79A2.jpeg\" \/>\n\t<meta property=\"og:image:width\" content=\"480\" \/>\n\t<meta property=\"og:image:height\" content=\"360\" \/>\n\t<meta property=\"og:image:type\" content=\"image\/jpeg\" \/>\n<meta name=\"twitter:card\" content=\"summary_large_image\" \/>\n<meta name=\"twitter:label1\" content=\"Gesch\u00e4tzte Lesezeit\" \/>\n\t<meta name=\"twitter:data1\" content=\"2\u00a0Minuten\" \/>\n<script type=\"application\/ld+json\" class=\"yoast-schema-graph\">{\"@context\":\"https:\/\/schema.org\",\"@graph\":[{\"@type\":\"WebPage\",\"@id\":\"https:\/\/all-car-news.com\/de\/autofinder\/bmw\/bmw-3er-gt-2\/\",\"url\":\"https:\/\/all-car-news.com\/de\/autofinder\/bmw\/bmw-3er-gt-2\/\",\"name\":\"BMW 3er GT - All cars news\",\"isPartOf\":{\"@id\":\"https:\/\/all-car-news.com\/de\/#website\"},\"datePublished\":\"2022-03-01T11:39:10+00:00\",\"dateModified\":\"2022-03-08T09:06:43+00:00\",\"breadcrumb\":{\"@id\":\"https:\/\/all-car-news.com\/de\/autofinder\/bmw\/bmw-3er-gt-2\/#breadcrumb\"},\"inLanguage\":\"de\",\"potentialAction\":[{\"@type\":\"ReadAction\",\"target\":[\"https:\/\/all-car-news.com\/de\/autofinder\/bmw\/bmw-3er-gt-2\/\"]}]},{\"@type\":\"BreadcrumbList\",\"@id\":\"https:\/\/all-car-news.com\/de\/autofinder\/bmw\/bmw-3er-gt-2\/#breadcrumb\",\"itemListElement\":[{\"@type\":\"ListItem\",\"position\":1,\"name\":\"Home\",\"item\":\"https:\/\/all-car-news.com\/de\/\"},{\"@type\":\"ListItem\",\"position\":2,\"name\":\"Autofinder\",\"item\":\"https:\/\/all-car-news.com\/de\/autofinder\/\"},{\"@type\":\"ListItem\",\"position\":3,\"name\":\"BMW\",\"item\":\"https:\/\/all-car-news.com\/de\/autofinder\/bmw\/\"},{\"@type\":\"ListItem\",\"position\":4,\"name\":\"BMW 3er GT\"}]},{\"@type\":\"WebSite\",\"@id\":\"https:\/\/all-car-news.com\/de\/#website\",\"url\":\"https:\/\/all-car-news.com\/de\/\",\"name\":\"All cars news\",\"description\":\"\",\"publisher\":{\"@id\":\"https:\/\/all-car-news.com\/de\/#organization\"},\"potentialAction\":[{\"@type\":\"SearchAction\",\"target\":{\"@type\":\"EntryPoint\",\"urlTemplate\":\"https:\/\/all-car-news.com\/de\/?s={search_term_string}\"},\"query-input\":\"required name=search_term_string\"}],\"inLanguage\":\"de\"},{\"@type\":\"Organization\",\"@id\":\"https:\/\/all-car-news.com\/de\/#organization\",\"name\":\"All cars news\",\"url\":\"https:\/\/all-car-news.com\/de\/\",\"logo\":{\"@type\":\"ImageObject\",\"inLanguage\":\"de\",\"@id\":\"https:\/\/all-car-news.com\/de\/#\/schema\/logo\/image\/\",\"url\":\"https:\/\/all-car-news.com\/wp-content\/uploads\/2022\/02\/CMYK-AllCarNews_LANDSCAPE_300px-1.png\",\"contentUrl\":\"https:\/\/all-car-news.com\/wp-content\/uploads\/2022\/02\/CMYK-AllCarNews_LANDSCAPE_300px-1.png\",\"width\":300,\"height\":100,\"caption\":\"All cars news\"},\"image\":{\"@id\":\"https:\/\/all-car-news.com\/de\/#\/schema\/logo\/image\/\"}}]}<\/script>\n<!-- \/ Yoast SEO plugin. -->","yoast_head_json":{"title":"BMW 3er GT - All cars news","robots":{"index":"index","follow":"follow","max-snippet":"max-snippet:-1","max-image-preview":"max-image-preview:large","max-video-preview":"max-video-preview:-1"},"canonical":"https:\/\/all-car-news.com\/de\/autofinder\/bmw\/bmw-3er-gt-2\/","og_locale":"de_DE","og_type":"article","og_title":"BMW 3er GT - All cars news","og_description":"Der BMW 3er ist eine Erfolgsformel, die 1975 entstand, oder sogar 1966, wenn man die 02er-Reihe mit einbezieht. Das Auto [&hellip;]","og_url":"https:\/\/all-car-news.com\/de\/autofinder\/bmw\/bmw-3er-gt-2\/","og_site_name":"All cars news","article_modified_time":"2022-03-08T09:06:43+00:00","og_image":[{"width":480,"height":360,"url":"https:\/\/all-car-news.com\/wp-content\/uploads\/2022\/03\/26FE0838-6597-4CC5-88DC-C2477E7A79A2.jpeg","type":"image\/jpeg"}],"twitter_card":"summary_large_image","twitter_misc":{"Gesch\u00e4tzte Lesezeit":"2\u00a0Minuten"},"schema":{"@context":"https:\/\/schema.org","@graph":[{"@type":"WebPage","@id":"https:\/\/all-car-news.com\/de\/autofinder\/bmw\/bmw-3er-gt-2\/","url":"https:\/\/all-car-news.com\/de\/autofinder\/bmw\/bmw-3er-gt-2\/","name":"BMW 3er GT - All cars news","isPartOf":{"@id":"https:\/\/all-car-news.com\/de\/#website"},"datePublished":"2022-03-01T11:39:10+00:00","dateModified":"2022-03-08T09:06:43+00:00","breadcrumb":{"@id":"https:\/\/all-car-news.com\/de\/autofinder\/bmw\/bmw-3er-gt-2\/#breadcrumb"},"inLanguage":"de","potentialAction":[{"@type":"ReadAction","target":["https:\/\/all-car-news.com\/de\/autofinder\/bmw\/bmw-3er-gt-2\/"]}]},{"@type":"BreadcrumbList","@id":"https:\/\/all-car-news.com\/de\/autofinder\/bmw\/bmw-3er-gt-2\/#breadcrumb","itemListElement":[{"@type":"ListItem","position":1,"name":"Home","item":"https:\/\/all-car-news.com\/de\/"},{"@type":"ListItem","position":2,"name":"Autofinder","item":"https:\/\/all-car-news.com\/de\/autofinder\/"},{"@type":"ListItem","position":3,"name":"BMW","item":"https:\/\/all-car-news.com\/de\/autofinder\/bmw\/"},{"@type":"ListItem","position":4,"name":"BMW 3er GT"}]},{"@type":"WebSite","@id":"https:\/\/all-car-news.com\/de\/#website","url":"https:\/\/all-car-news.com\/de\/","name":"All cars news","description":"","publisher":{"@id":"https:\/\/all-car-news.com\/de\/#organization"},"potentialAction":[{"@type":"SearchAction","target":{"@type":"EntryPoint","urlTemplate":"https:\/\/all-car-news.com\/de\/?s={search_term_string}"},"query-input":"required name=search_term_string"}],"inLanguage":"de"},{"@type":"Organization","@id":"https:\/\/all-car-news.com\/de\/#organization","name":"All cars news","url":"https:\/\/all-car-news.com\/de\/","logo":{"@type":"ImageObject","inLanguage":"de","@id":"https:\/\/all-car-news.com\/de\/#\/schema\/logo\/image\/","url":"https:\/\/all-car-news.com\/wp-content\/uploads\/2022\/02\/CMYK-AllCarNews_LANDSCAPE_300px-1.png","contentUrl":"https:\/\/all-car-news.com\/wp-content\/uploads\/2022\/02\/CMYK-AllCarNews_LANDSCAPE_300px-1.png","width":300,"height":100,"caption":"All cars news"},"image":{"@id":"https:\/\/all-car-news.com\/de\/#\/schema\/logo\/image\/"}}]}},"_links":{"self":[{"href":"https:\/\/all-car-news.com\/de\/wp-json\/wp\/v2\/pages\/116892","targetHints":{"allow":["GET"]}}],"collection":[{"href":"https:\/\/all-car-news.com\/de\/wp-json\/wp\/v2\/pages"}],"about":[{"href":"https:\/\/all-car-news.com\/de\/wp-json\/wp\/v2\/types\/page"}],"author":[{"embeddable":true,"href":"https:\/\/all-car-news.com\/de\/wp-json\/wp\/v2\/users\/4"}],"replies":[{"embeddable":true,"href":"https:\/\/all-car-news.com\/de\/wp-json\/wp\/v2\/comments?post=116892"}],"version-history":[{"count":0,"href":"https:\/\/all-car-news.com\/de\/wp-json\/wp\/v2\/pages\/116892\/revisions"}],"up":[{"embeddable":true,"href":"https:\/\/all-car-news.com\/de\/wp-json\/wp\/v2\/pages\/116520"}],"wp:featuredmedia":[{"embeddable":true,"href":"https:\/\/all-car-news.com\/de\/wp-json\/wp\/v2\/media\/116900"}],"wp:attachment":[{"href":"https:\/\/all-car-news.com\/de\/wp-json\/wp\/v2\/media?parent=116892"}],"curies":[{"name":"wp","href":"https:\/\/api.w.org\/{rel}","templated":true}]}}