{"id":116768,"date":"2022-02-23T09:03:28","date_gmt":"2022-02-23T09:03:28","guid":{"rendered":"https:\/\/all-car-news.com\/autofinder\/bmw\/bmw-2er-coupe\/"},"modified":"2022-02-23T09:03:31","modified_gmt":"2022-02-23T09:03:31","slug":"bmw-2er-coupe","status":"publish","type":"page","link":"https:\/\/all-car-news.com\/de\/autofinder\/bmw\/bmw-2er-coupe\/","title":{"rendered":"BMW 2er Coup\u00e9"},"content":{"rendered":"\n<p>Als Ergebnis einer neuen Modellpolitik, bei der Coup\u00e9- und Cabrio-Versionen gegen\u00fcber dem zugrunde liegenden Modell eine Klasse h\u00f6her eingestuft werden, wurden 2013 das BMW 1er Coup\u00e9 und Cabrio als 2er aus dem neuen Modell fortgef\u00fchrt.<\/p>\n\n<p>Als Ergebnis einer neuen Modellpolitik, bei der Coup\u00e9- und Cabrio-Versionen gegen\u00fcber dem zugrunde liegenden Modell eine Klasse h\u00f6her eingestuft werden, wurden 2013 das BMW 1er Coup\u00e9 und Cabrio als 2er aus dem neuen Modell fortgef\u00fchrt.<br\/><br\/><\/p>\n\n<h2 class=\"wp-block-heading\" id=\"van-driecilinder-tot-m2\"><strong>Vom Dreizylinder bis zum M2<\/strong><\/h2>\n\n<p><\/p>\n\n<p><br\/>Die Motorenpalette begann mit einem 136 PS starken 1,5-Liter-Dreizylindermotor, der nur f\u00fcr Benziner erh\u00e4ltlich war. Danach erweitert sich die Motorenpalette um Vier- und Sechszylindermotoren f\u00fcr Benziner und Diesel. St\u00e4rkster Motor ist derzeit der 374 PS starke Reihensechszylinder des M240i xDrive. Als M-Modell ist nur das Coup\u00e9 erh\u00e4ltlich.<br\/><br\/><\/p>\n\n<h2 class=\"wp-block-heading\" id=\"m2-competition\"><strong>M2-Wettbewerb<\/strong><br\/><\/h2>\n\n<p><\/p>\n\n<p>Der M2 wurde 2018 durch die Version M2 Competition ersetzt, sozusagen eine aktualisierte Version des M2. Die Leistung des Reihensechsers stieg auf 411 PS. Der 0-100-Sprint wird jetzt ein Zehntel schneller absolviert, je nach Getriebe in 4,4 bis 4,2 Sekunden. Die zweite Generation der 2er-Reihe kam 2021 auf den Markt. Den gibt es noch nicht als Cabriolet, eine reinrassige M-Version wird sicherlich zu einem sp\u00e4teren Zeitpunkt folgen. <strong>Gran Coup\u00e9<\/strong><br\/>2019 wurde die Modellpalette der 2er Reihe noch weiter ausgebaut. Neben dem regul\u00e4ren Coup\u00e9 erschien auch das Gran Coup\u00e9. Wie bei der h\u00f6heren Baureihe handelt es sich um ein viert\u00fcriges Coup\u00e9. Oder eine Limousine mit coup\u00e9hafter Dachlinie, wie auch immer man es nennen will. Das 2er Gran Coup\u00e9 ist \u00fcbrigens eng verwandt mit dem neuen 1er Flie\u00dfheck, wo das regul\u00e4re 2er Coup\u00e9 und Cabrio (vorerst) noch auf dem bisherigen 1er basieren und ebenfalls ein ganz individuelles Erscheinungsbild haben.mehr Bmw 2er Coup\u00e9 der Serie.<\/p>\n\n<h2 class=\"wp-block-heading\" id=\"technisch\">Technisch<\/h2>\n\n<figure class=\"wp-block-table is-style-stripes\"><table class=\"has-fixed-layout\"><tbody><tr><td>Motortyp<\/td><td>Benzin, 4-Zylinder-Reihe<\/td><\/tr><tr><td>Verschiebung<\/td><td>1.998 cm\u00b3<\/td><\/tr><tr><td>max. Verm\u00f6genswerte<\/td><td>135 kW (184 PS)<\/td><\/tr><tr><td>Biene<\/td><td>5.000 U\/min<\/td><\/tr><tr><td>max. Paar<\/td><td>300Nm<\/td><\/tr><tr><td>Biene<\/td><td>1.350 U\/min<\/td><\/tr><tr><td>Fahrt<\/td><td>Hinterr\u00e4der<\/td><\/tr><tr><td>Bremsen von\/a<\/td><td>gegeben Dame<\/td><\/tr><tr><td>Wendekreis<\/td><td>11,1 m<\/td><\/tr><tr><td>Leistungsbereich<\/td><td>135 bis 275 kW<\/td><\/tr><\/tbody><\/table><\/figure>\n\n<h2 class=\"wp-block-heading\" id=\"algemeen\">Allgemein<\/h2>\n\n<figure class=\"wp-block-table is-style-stripes\"><table class=\"has-fixed-layout\"><tbody><tr><td>\u00dcbertragung<\/td><td>8AT<\/td><\/tr><tr><td>K\u00f6rpertyp<\/td><td>2-tlg. Abteil<\/td><\/tr><tr><td>Euro NCAP<\/td><td>nicht getestet<\/td><\/tr><tr><td>Markteinf\u00fchrung<\/td><td>August 2021<\/td><\/tr><tr><td>Neustes Facelift<\/td><td>N \/ A<\/td><\/tr><tr><td>Garantie<\/td><td>3 Jahre<\/td><\/tr><tr><td>Vom Preis<\/td><td>47.645 \u20ac<\/td><\/tr><\/tbody><\/table><\/figure>\n\n<h2 class=\"wp-block-heading\" id=\"afmetingen-gewichten\">Ma\u00dfe\/Gewichte<\/h2>\n\n<figure class=\"wp-block-table is-style-stripes\"><table class=\"has-fixed-layout\"><tbody><tr><td>Reifengr\u00f6\u00dfe<\/td><td>225\/50 R17<\/td><\/tr><tr><td>L x B x H<\/td><td>4.537 x 1.838 x 1.390 mm<\/td><\/tr><tr><td>Radstand<\/td><td>2.741 mm<\/td><\/tr><tr><td>Masse leer<\/td><td>1.465 kg<\/td><\/tr><tr><td>max. gem. Gew.<\/td><td>1.600 kg<\/td><\/tr><tr><td>Forts. Tasche. Zimmer.<\/td><td>390 l<\/td><\/tr><tr><td>Tankinhalt<\/td><td>52 l<\/td><\/tr><\/tbody><\/table><\/figure>\n\n<h2 class=\"wp-block-heading\" id=\"verbruik\">Verbrauch<\/h2>\n\n<figure class=\"wp-block-table is-style-stripes\"><table class=\"has-fixed-layout\"><tbody><tr><td>Anschluss kombiniert<\/td><td>6,3l\/100km<\/td><\/tr><tr><td>CO\u2082-Emissionen<\/td><td>143g\/km<\/td><\/tr><tr><td>Energielabel<\/td><td>B<\/td><\/tr><\/tbody><\/table><\/figure>\n\n<h2 class=\"wp-block-heading\" id=\"prestaties\">Leistung<\/h2>\n\n<figure class=\"wp-block-table is-style-stripes\"><table class=\"has-fixed-layout\"><tbody><tr><td>gem. 0-100 km\/h<\/td><td>7,5 Sek<\/td><\/tr><tr><td>H\u00f6chstgeschwindigkeit<\/td><td>236 km\/h<\/td><\/tr><\/tbody><\/table><\/figure>\n","protected":false},"excerpt":{"rendered":"<p>Als Ergebnis einer neuen Modellpolitik, bei der Coup\u00e9- und Cabrio-Versionen gegen\u00fcber dem zugrunde liegenden Modell eine Klasse h\u00f6her eingestuft werden, [&hellip;]<\/p>\n","protected":false},"author":4,"featured_media":116718,"parent":116520,"menu_order":0,"comment_status":"closed","ping_status":"closed","template":"","meta":{"footnotes":""},"class_list":["post-116768","page","type-page","status-publish","has-post-thumbnail","hentry"],"acf":[],"yoast_head":"<!-- This site is optimized with the Yoast SEO plugin v21.2 - https:\/\/yoast.com\/wordpress\/plugins\/seo\/ -->\n<title>BMW 2er Coup\u00e9 - All cars news<\/title>\n<meta name=\"robots\" content=\"index, follow, max-snippet:-1, max-image-preview:large, max-video-preview:-1\" \/>\n<link rel=\"canonical\" href=\"https:\/\/all-car-news.com\/de\/autofinder\/bmw\/bmw-2er-coupe\/\" \/>\n<meta property=\"og:locale\" content=\"de_DE\" \/>\n<meta property=\"og:type\" content=\"article\" \/>\n<meta property=\"og:title\" content=\"BMW 2er Coup\u00e9 - All cars news\" \/>\n<meta property=\"og:description\" content=\"Als Ergebnis einer neuen Modellpolitik, bei der Coup\u00e9- und Cabrio-Versionen gegen\u00fcber dem zugrunde liegenden Modell eine Klasse h\u00f6her eingestuft werden, [&hellip;]\" \/>\n<meta property=\"og:url\" content=\"https:\/\/all-car-news.com\/de\/autofinder\/bmw\/bmw-2er-coupe\/\" \/>\n<meta property=\"og:site_name\" content=\"All cars news\" \/>\n<meta property=\"article:modified_time\" content=\"2022-02-23T09:03:31+00:00\" \/>\n<meta property=\"og:image\" content=\"https:\/\/all-car-news.com\/wp-content\/uploads\/2022\/02\/BMW-2-Serie-Coupe-1.jpg\" \/>\n\t<meta property=\"og:image:width\" content=\"1600\" \/>\n\t<meta property=\"og:image:height\" content=\"1162\" \/>\n\t<meta property=\"og:image:type\" content=\"image\/jpeg\" \/>\n<meta name=\"twitter:card\" content=\"summary_large_image\" \/>\n<meta name=\"twitter:label1\" content=\"Gesch\u00e4tzte Lesezeit\" \/>\n\t<meta name=\"twitter:data1\" content=\"2\u00a0Minuten\" \/>\n<script type=\"application\/ld+json\" class=\"yoast-schema-graph\">{\"@context\":\"https:\/\/schema.org\",\"@graph\":[{\"@type\":\"WebPage\",\"@id\":\"https:\/\/all-car-news.com\/de\/autofinder\/bmw\/bmw-2er-coupe\/\",\"url\":\"https:\/\/all-car-news.com\/de\/autofinder\/bmw\/bmw-2er-coupe\/\",\"name\":\"BMW 2er Coup\u00e9 - All cars news\",\"isPartOf\":{\"@id\":\"https:\/\/all-car-news.com\/de\/#website\"},\"datePublished\":\"2022-02-23T09:03:28+00:00\",\"dateModified\":\"2022-02-23T09:03:31+00:00\",\"breadcrumb\":{\"@id\":\"https:\/\/all-car-news.com\/de\/autofinder\/bmw\/bmw-2er-coupe\/#breadcrumb\"},\"inLanguage\":\"de\",\"potentialAction\":[{\"@type\":\"ReadAction\",\"target\":[\"https:\/\/all-car-news.com\/de\/autofinder\/bmw\/bmw-2er-coupe\/\"]}]},{\"@type\":\"BreadcrumbList\",\"@id\":\"https:\/\/all-car-news.com\/de\/autofinder\/bmw\/bmw-2er-coupe\/#breadcrumb\",\"itemListElement\":[{\"@type\":\"ListItem\",\"position\":1,\"name\":\"Home\",\"item\":\"https:\/\/all-car-news.com\/de\/\"},{\"@type\":\"ListItem\",\"position\":2,\"name\":\"Autofinder\",\"item\":\"https:\/\/all-car-news.com\/de\/autofinder\/\"},{\"@type\":\"ListItem\",\"position\":3,\"name\":\"BMW\",\"item\":\"https:\/\/all-car-news.com\/de\/autofinder\/bmw\/\"},{\"@type\":\"ListItem\",\"position\":4,\"name\":\"BMW 2er Coup\u00e9\"}]},{\"@type\":\"WebSite\",\"@id\":\"https:\/\/all-car-news.com\/de\/#website\",\"url\":\"https:\/\/all-car-news.com\/de\/\",\"name\":\"All cars news\",\"description\":\"\",\"publisher\":{\"@id\":\"https:\/\/all-car-news.com\/de\/#organization\"},\"potentialAction\":[{\"@type\":\"SearchAction\",\"target\":{\"@type\":\"EntryPoint\",\"urlTemplate\":\"https:\/\/all-car-news.com\/de\/?s={search_term_string}\"},\"query-input\":\"required name=search_term_string\"}],\"inLanguage\":\"de\"},{\"@type\":\"Organization\",\"@id\":\"https:\/\/all-car-news.com\/de\/#organization\",\"name\":\"All cars news\",\"url\":\"https:\/\/all-car-news.com\/de\/\",\"logo\":{\"@type\":\"ImageObject\",\"inLanguage\":\"de\",\"@id\":\"https:\/\/all-car-news.com\/de\/#\/schema\/logo\/image\/\",\"url\":\"https:\/\/all-car-news.com\/wp-content\/uploads\/2022\/02\/CMYK-AllCarNews_LANDSCAPE_300px-1.png\",\"contentUrl\":\"https:\/\/all-car-news.com\/wp-content\/uploads\/2022\/02\/CMYK-AllCarNews_LANDSCAPE_300px-1.png\",\"width\":300,\"height\":100,\"caption\":\"All cars news\"},\"image\":{\"@id\":\"https:\/\/all-car-news.com\/de\/#\/schema\/logo\/image\/\"}}]}<\/script>\n<!-- \/ Yoast SEO plugin. -->","yoast_head_json":{"title":"BMW 2er Coup\u00e9 - All cars news","robots":{"index":"index","follow":"follow","max-snippet":"max-snippet:-1","max-image-preview":"max-image-preview:large","max-video-preview":"max-video-preview:-1"},"canonical":"https:\/\/all-car-news.com\/de\/autofinder\/bmw\/bmw-2er-coupe\/","og_locale":"de_DE","og_type":"article","og_title":"BMW 2er Coup\u00e9 - All cars news","og_description":"Als Ergebnis einer neuen Modellpolitik, bei der Coup\u00e9- und Cabrio-Versionen gegen\u00fcber dem zugrunde liegenden Modell eine Klasse h\u00f6her eingestuft werden, [&hellip;]","og_url":"https:\/\/all-car-news.com\/de\/autofinder\/bmw\/bmw-2er-coupe\/","og_site_name":"All cars news","article_modified_time":"2022-02-23T09:03:31+00:00","og_image":[{"width":1600,"height":1162,"url":"https:\/\/all-car-news.com\/wp-content\/uploads\/2022\/02\/BMW-2-Serie-Coupe-1.jpg","type":"image\/jpeg"}],"twitter_card":"summary_large_image","twitter_misc":{"Gesch\u00e4tzte Lesezeit":"2\u00a0Minuten"},"schema":{"@context":"https:\/\/schema.org","@graph":[{"@type":"WebPage","@id":"https:\/\/all-car-news.com\/de\/autofinder\/bmw\/bmw-2er-coupe\/","url":"https:\/\/all-car-news.com\/de\/autofinder\/bmw\/bmw-2er-coupe\/","name":"BMW 2er Coup\u00e9 - All cars news","isPartOf":{"@id":"https:\/\/all-car-news.com\/de\/#website"},"datePublished":"2022-02-23T09:03:28+00:00","dateModified":"2022-02-23T09:03:31+00:00","breadcrumb":{"@id":"https:\/\/all-car-news.com\/de\/autofinder\/bmw\/bmw-2er-coupe\/#breadcrumb"},"inLanguage":"de","potentialAction":[{"@type":"ReadAction","target":["https:\/\/all-car-news.com\/de\/autofinder\/bmw\/bmw-2er-coupe\/"]}]},{"@type":"BreadcrumbList","@id":"https:\/\/all-car-news.com\/de\/autofinder\/bmw\/bmw-2er-coupe\/#breadcrumb","itemListElement":[{"@type":"ListItem","position":1,"name":"Home","item":"https:\/\/all-car-news.com\/de\/"},{"@type":"ListItem","position":2,"name":"Autofinder","item":"https:\/\/all-car-news.com\/de\/autofinder\/"},{"@type":"ListItem","position":3,"name":"BMW","item":"https:\/\/all-car-news.com\/de\/autofinder\/bmw\/"},{"@type":"ListItem","position":4,"name":"BMW 2er Coup\u00e9"}]},{"@type":"WebSite","@id":"https:\/\/all-car-news.com\/de\/#website","url":"https:\/\/all-car-news.com\/de\/","name":"All cars news","description":"","publisher":{"@id":"https:\/\/all-car-news.com\/de\/#organization"},"potentialAction":[{"@type":"SearchAction","target":{"@type":"EntryPoint","urlTemplate":"https:\/\/all-car-news.com\/de\/?s={search_term_string}"},"query-input":"required name=search_term_string"}],"inLanguage":"de"},{"@type":"Organization","@id":"https:\/\/all-car-news.com\/de\/#organization","name":"All cars news","url":"https:\/\/all-car-news.com\/de\/","logo":{"@type":"ImageObject","inLanguage":"de","@id":"https:\/\/all-car-news.com\/de\/#\/schema\/logo\/image\/","url":"https:\/\/all-car-news.com\/wp-content\/uploads\/2022\/02\/CMYK-AllCarNews_LANDSCAPE_300px-1.png","contentUrl":"https:\/\/all-car-news.com\/wp-content\/uploads\/2022\/02\/CMYK-AllCarNews_LANDSCAPE_300px-1.png","width":300,"height":100,"caption":"All cars news"},"image":{"@id":"https:\/\/all-car-news.com\/de\/#\/schema\/logo\/image\/"}}]}},"_links":{"self":[{"href":"https:\/\/all-car-news.com\/de\/wp-json\/wp\/v2\/pages\/116768","targetHints":{"allow":["GET"]}}],"collection":[{"href":"https:\/\/all-car-news.com\/de\/wp-json\/wp\/v2\/pages"}],"about":[{"href":"https:\/\/all-car-news.com\/de\/wp-json\/wp\/v2\/types\/page"}],"author":[{"embeddable":true,"href":"https:\/\/all-car-news.com\/de\/wp-json\/wp\/v2\/users\/4"}],"replies":[{"embeddable":true,"href":"https:\/\/all-car-news.com\/de\/wp-json\/wp\/v2\/comments?post=116768"}],"version-history":[{"count":0,"href":"https:\/\/all-car-news.com\/de\/wp-json\/wp\/v2\/pages\/116768\/revisions"}],"up":[{"embeddable":true,"href":"https:\/\/all-car-news.com\/de\/wp-json\/wp\/v2\/pages\/116520"}],"wp:featuredmedia":[{"embeddable":true,"href":"https:\/\/all-car-news.com\/de\/wp-json\/wp\/v2\/media\/116718"}],"wp:attachment":[{"href":"https:\/\/all-car-news.com\/de\/wp-json\/wp\/v2\/media?parent=116768"}],"curies":[{"name":"wp","href":"https:\/\/api.w.org\/{rel}","templated":true}]}}