{"id":116578,"date":"2022-02-22T10:23:46","date_gmt":"2022-02-22T10:23:46","guid":{"rendered":"https:\/\/all-car-news.com\/bmw-2er-reihe\/"},"modified":"2022-03-08T09:12:26","modified_gmt":"2022-03-08T09:12:26","slug":"bmw-2er-reihe","status":"publish","type":"page","link":"https:\/\/all-car-news.com\/de\/autofinder\/bmw\/bmw-2er-reihe\/","title":{"rendered":"BMW 2er Reihe"},"content":{"rendered":"\n<p id=\"de-komst-van-bmw-2-serie-active-tourer-zorgde-in-2014-voor-een-kleine-cultuurschok-een-rijdersmerk-als-bmw-komt-met-een-mpv-en-het-model-was-ook-nog-eens-voorwiel-aangedreven-dat-is-voor-het-eerst-in-de-geschiedenis-van-het-merk-inmiddels-zijn-we-echter-alweer-jaren-verder-en-heeft-de-auto-zich-bewezen-als-een-fijn-rijdende-gezinswagen-die-zijn-plek-naast-de-concurrentie-heeft-weten-in-te-nemen-vijf-of-zevenzitter\"><strong>Die Ankunft des BMW 2er Active Tourer im Jahr 2014 l\u00f6ste einen kleinen Kulturschock aus. Eine Fahrermarke wie BMW kommt mit einem MPV und das Modell war auch mit Frontantrieb \u2026 Das ist das erste Mal in der Geschichte der Marke. Aber wir sind jetzt Jahre weiter und das Auto hat sich als gut fahrendes Familienauto bew\u00e4hrt, das es geschafft hat, seinen Platz neben der Konkurrenz einzunehmen.<\/strong><\/p>\n\n<h2 class=\"wp-block-heading\" id=\"de-komst-van-bmw-2-serie-active-tourer-zorgde-in-2014-voor-een-kleine-cultuurschok-een-rijdersmerk-als-bmw-komt-met-een-mpv-en-het-model-was-ook-nog-eens-voorwiel-aangedreven-dat-is-voor-het-eerst-in-de-geschiedenis-van-het-merk-inmiddels-zijn-we-echter-alweer-jaren-verder-en-heeft-de-auto-zich-bewezen-als-een-fijn-rijdende-gezinswagen-die-zijn-plek-naast-de-concurrentie-heeft-weten-in-te-nemen-vijf-of-zevenzitter\"><br\/>BMW F\u00fcnfsitzer oder Siebensitzer<\/h2>\n\n<p id=\"de-komst-van-bmw-2-serie-active-tourer-zorgde-in-2014-voor-een-kleine-cultuurschok-een-rijdersmerk-als-bmw-komt-met-een-mpv-en-het-model-was-ook-nog-eens-voorwiel-aangedreven-dat-is-voor-het-eerst-in-de-geschiedenis-van-het-merk-inmiddels-zijn-we-echter-alweer-jaren-verder-en-heeft-de-auto-zich-bewezen-als-een-fijn-rijdende-gezinswagen-die-zijn-plek-naast-de-concurrentie-heeft-weten-in-te-nemen-vijf-of-zevenzitter\"><br\/><strong>Der f\u00fcnfsitzige Active Tourer wurde 2015 durch den Gran Tourer verst\u00e4rkt. Eine leicht verl\u00e4ngerte Version, die somit Platz f\u00fcr sieben Passagiere bietet. Beim Active und Gran Tourer sind die Motoren quer eingebaut, w\u00e4hrend sie bei fast allen anderen BMW Modellen l\u00e4ngs eingebaut sind.<\/strong><\/p>\n\n<p><\/p>\n\n<h2 class=\"wp-block-heading\" id=\"de-komst-van-bmw-2-serie-active-tourer-zorgde-in-2014-voor-een-kleine-cultuurschok-een-rijdersmerk-als-bmw-komt-met-een-mpv-en-het-model-was-ook-nog-eens-voorwiel-aangedreven-dat-is-voor-het-eerst-in-de-geschiedenis-van-het-merk-inmiddels-zijn-we-echter-alweer-jaren-verder-en-heeft-de-auto-zich-bewezen-als-een-fijn-rijdende-gezinswagen-die-zijn-plek-naast-de-concurrentie-heeft-weten-in-te-nemen-vijf-of-zevenzitterde-vijfzits-active-tourer-kreeg-in-2015-versterking-van-de-gran-tourer-een-iets-verlengde-versie-die-daardoor-plaats-biedt-aan-zeven-inzittenden-bij-de-active-en-gran-tourer-zijn-de-motoren-dwarsgeplaatst-waar-deze-bij-bijna-alle-andere-bmw-modellen-in-de-lengterichting-zijn-gemonteerd-tweede-generatieondanks-de-in-het-algemeen-teruglopende-vraag-naar-mpv-s-kwam-bmw-eind-2021-begin-2022-gewoon-met-een-tweede-generatie-2-serie-active-tourer-een-nieuwe-zevenzits-grand-tourer-is-op-moment-van-schrijven-nog-niet-onthuld-en-de-komst-daarvan-is-ook-wat-onzeker-zeker-voor-een-zevenzitter-heeft-de-klant-tegenwoordig-namelijk-liever-een-suv-model-meer-bmw-2-serie-active-tourer\">zweite Generation<br\/><\/h2>\n\n<p id=\"de-komst-van-bmw-2-serie-active-tourer-zorgde-in-2014-voor-een-kleine-cultuurschok-een-rijdersmerk-als-bmw-komt-met-een-mpv-en-het-model-was-ook-nog-eens-voorwiel-aangedreven-dat-is-voor-het-eerst-in-de-geschiedenis-van-het-merk-inmiddels-zijn-we-echter-alweer-jaren-verder-en-heeft-de-auto-zich-bewezen-als-een-fijn-rijdende-gezinswagen-die-zijn-plek-naast-de-concurrentie-heeft-weten-in-te-nemen-vijf-of-zevenzitterde-vijfzits-active-tourer-kreeg-in-2015-versterking-van-de-gran-tourer-een-iets-verlengde-versie-die-daardoor-plaats-biedt-aan-zeven-inzittenden-bij-de-active-en-gran-tourer-zijn-de-motoren-dwarsgeplaatst-waar-deze-bij-bijna-alle-andere-bmw-modellen-in-de-lengterichting-zijn-gemonteerd-tweede-generatieondanks-de-in-het-algemeen-teruglopende-vraag-naar-mpv-s-kwam-bmw-eind-2021-begin-2022-gewoon-met-een-tweede-generatie-2-serie-active-tourer-een-nieuwe-zevenzits-grand-tourer-is-op-moment-van-schrijven-nog-niet-onthuld-en-de-komst-daarvan-is-ook-wat-onzeker-zeker-voor-een-zevenzitter-heeft-de-klant-tegenwoordig-namelijk-liever-een-suv-model-meer-bmw-2-serie-active-tourer\"><strong>Trotz der allgemein r\u00fcckl\u00e4ufigen Nachfrage nach MPVs hat BMW Ende 2021\/Anfang 2022 einfach einen 2er Active Tourer der zweiten Generation vorgestellt. Ein neuer siebensitziger Grand Tourer wurde zum Zeitpunkt des Schreibens noch nicht enth\u00fcllt, und seine Ankunft ist auch etwas ungewiss. Gerade bei einem Siebensitzer bevorzugt der Kunde heutzutage ein SUV-Modell. Mehr Bmw 2er Active Tourer <a href=\"https:\/\/autorai.nl\/autozoeker\/bmw\/2-serie-active-tourer\/#modellen\">.<\/a><\/strong><\/p>\n\n<p><\/p>\n\n<h2 class=\"wp-block-heading\" id=\"technisch\">Technisch<\/h2>\n\n<figure class=\"wp-block-table is-style-stripes\"><table class=\"has-fixed-layout\"><tbody><tr><td>Motortyp<\/td><td>Benzin, 3-Zylinder-Reihe<\/td><\/tr><tr><td>Verschiebung<\/td><td>1.499cm<\/td><\/tr><tr><td>max. Verm\u00f6genswerte<\/td><td>100 kW (136 PS)<\/td><\/tr><tr><td>Biene<\/td><td>4.400 U\/min<\/td><\/tr><tr><td>max. Paar<\/td><td>230Nm<\/td><\/tr><tr><td>Biene<\/td><td>1.500 U\/min<\/td><\/tr><tr><td>Fahrt<\/td><td>Vorderreifen<\/td><\/tr><tr><td>Bremsen von\/a<\/td><td>gegeben Datentr\u00e4ger\/Scheiben<\/td><\/tr><tr><td>Wendekreis<\/td><td>11,4 m<\/td><\/tr><tr><td>Leistungsbereich<\/td><td>100 bis 150 kW<\/td><\/tr><\/tbody><\/table><\/figure>\n\n<h2 class=\"wp-block-heading\" id=\"algemeen\">Allgemein<\/h2>\n\n<figure class=\"wp-block-table is-style-stripes\"><table class=\"has-fixed-layout\"><tbody><tr><td>\u00dcbertragung<\/td><td>7AT<\/td><\/tr><tr><td>K\u00f6rpertyp<\/td><td>5-tlg. MPV<\/td><\/tr><tr><td>Euro NCAP<\/td><td>nicht getestet<\/td><\/tr><tr><td>Markteinf\u00fchrung<\/td><td>Januar 2022<\/td><\/tr><tr><td>Neustes Facelift<\/td><td>N \/ A<\/td><\/tr><tr><td>Garantie<\/td><td>3 Jahre<\/td><\/tr><tr><td>Vom Preis<\/td><td>41.558 \u20ac<\/td><\/tr><\/tbody><\/table><\/figure>\n\n<h2 class=\"wp-block-heading\" id=\"afmetingen-gewichten\">Ma\u00dfe\/Gewichte<\/h2>\n\n<figure class=\"wp-block-table is-style-stripes\"><table class=\"has-fixed-layout\"><tbody><tr><td>Reifengr\u00f6\u00dfe<\/td><td>205\/65 R16<\/td><\/tr><tr><td>L x B x H<\/td><td>4.386 x 1.824 x 1.576 mm<\/td><\/tr><tr><td>Radstand<\/td><td>2.670 mm<\/td><\/tr><tr><td>Masse leer<\/td><td>1.445 kg<\/td><\/tr><tr><td>max. gem. Gew.<\/td><td>1.300 kg<\/td><\/tr><tr><td>Forts. Tasche. Zimmer.<\/td><td>470 l<\/td><\/tr><tr><td>Tankinhalt<\/td><td>45 l<\/td><\/tr><\/tbody><\/table><\/figure>\n\n<h2 class=\"wp-block-heading\" id=\"verbruik\">Verbrauch<\/h2>\n\n<figure class=\"wp-block-table is-style-stripes\"><table class=\"has-fixed-layout\"><tbody><tr><td>Anschluss kombiniert<\/td><td>6,2l\/100km<\/td><\/tr><tr><td>CO\u2082-Emissionen<\/td><td>141g\/km<\/td><\/tr><tr><td>Energielabel<\/td><td>C<\/td><\/tr><\/tbody><\/table><\/figure>\n\n<h2 class=\"wp-block-heading\" id=\"prestaties\">Leistung<\/h2>\n\n<figure class=\"wp-block-table is-style-stripes\"><table class=\"has-fixed-layout\"><tbody><tr><td>gem. 0-100 km\/h<\/td><td>9,0 Sek<\/td><\/tr><tr><td>H\u00f6chstgeschwindigkeit<\/td><td>214 km\/h<\/td><\/tr><\/tbody><\/table><\/figure>\n","protected":false},"excerpt":{"rendered":"<p>Die Ankunft des BMW 2er Active Tourer im Jahr 2014 l\u00f6ste einen kleinen Kulturschock aus. Eine Fahrermarke wie BMW kommt [&hellip;]<\/p>\n","protected":false},"author":4,"featured_media":116663,"parent":116520,"menu_order":0,"comment_status":"closed","ping_status":"closed","template":"","meta":{"footnotes":""},"class_list":["post-116578","page","type-page","status-publish","has-post-thumbnail","hentry"],"acf":[],"yoast_head":"<!-- This site is optimized with the Yoast SEO plugin v21.2 - https:\/\/yoast.com\/wordpress\/plugins\/seo\/ -->\n<title>BMW 2er Reihe - All cars news<\/title>\n<meta name=\"robots\" content=\"index, follow, max-snippet:-1, max-image-preview:large, max-video-preview:-1\" \/>\n<link rel=\"canonical\" href=\"https:\/\/all-car-news.com\/de\/autofinder\/bmw\/bmw-2er-reihe\/\" \/>\n<meta property=\"og:locale\" content=\"de_DE\" \/>\n<meta property=\"og:type\" content=\"article\" \/>\n<meta property=\"og:title\" content=\"BMW 2er Reihe - All cars news\" \/>\n<meta property=\"og:description\" content=\"Die Ankunft des BMW 2er Active Tourer im Jahr 2014 l\u00f6ste einen kleinen Kulturschock aus. Eine Fahrermarke wie BMW kommt [&hellip;]\" \/>\n<meta property=\"og:url\" content=\"https:\/\/all-car-news.com\/de\/autofinder\/bmw\/bmw-2er-reihe\/\" \/>\n<meta property=\"og:site_name\" content=\"All cars news\" \/>\n<meta property=\"article:modified_time\" content=\"2022-03-08T09:12:26+00:00\" \/>\n<meta property=\"og:image\" content=\"https:\/\/all-car-news.com\/wp-content\/uploads\/2022\/02\/BMW-2-Series-Convertible-1-2-1.jpg\" \/>\n\t<meta property=\"og:image:width\" content=\"1280\" \/>\n\t<meta property=\"og:image:height\" content=\"926\" \/>\n\t<meta property=\"og:image:type\" content=\"image\/jpeg\" \/>\n<meta name=\"twitter:card\" content=\"summary_large_image\" \/>\n<meta name=\"twitter:label1\" content=\"Gesch\u00e4tzte Lesezeit\" \/>\n\t<meta name=\"twitter:data1\" content=\"1\u00a0Minute\" \/>\n<script type=\"application\/ld+json\" class=\"yoast-schema-graph\">{\"@context\":\"https:\/\/schema.org\",\"@graph\":[{\"@type\":\"WebPage\",\"@id\":\"https:\/\/all-car-news.com\/de\/autofinder\/bmw\/bmw-2er-reihe\/\",\"url\":\"https:\/\/all-car-news.com\/de\/autofinder\/bmw\/bmw-2er-reihe\/\",\"name\":\"BMW 2er Reihe - All cars news\",\"isPartOf\":{\"@id\":\"https:\/\/all-car-news.com\/de\/#website\"},\"datePublished\":\"2022-02-22T10:23:46+00:00\",\"dateModified\":\"2022-03-08T09:12:26+00:00\",\"breadcrumb\":{\"@id\":\"https:\/\/all-car-news.com\/de\/autofinder\/bmw\/bmw-2er-reihe\/#breadcrumb\"},\"inLanguage\":\"de\",\"potentialAction\":[{\"@type\":\"ReadAction\",\"target\":[\"https:\/\/all-car-news.com\/de\/autofinder\/bmw\/bmw-2er-reihe\/\"]}]},{\"@type\":\"BreadcrumbList\",\"@id\":\"https:\/\/all-car-news.com\/de\/autofinder\/bmw\/bmw-2er-reihe\/#breadcrumb\",\"itemListElement\":[{\"@type\":\"ListItem\",\"position\":1,\"name\":\"Home\",\"item\":\"https:\/\/all-car-news.com\/de\/\"},{\"@type\":\"ListItem\",\"position\":2,\"name\":\"Autofinder\",\"item\":\"https:\/\/all-car-news.com\/de\/autofinder\/\"},{\"@type\":\"ListItem\",\"position\":3,\"name\":\"BMW\",\"item\":\"https:\/\/all-car-news.com\/de\/autofinder\/bmw\/\"},{\"@type\":\"ListItem\",\"position\":4,\"name\":\"BMW 2er Reihe\"}]},{\"@type\":\"WebSite\",\"@id\":\"https:\/\/all-car-news.com\/de\/#website\",\"url\":\"https:\/\/all-car-news.com\/de\/\",\"name\":\"All cars news\",\"description\":\"\",\"publisher\":{\"@id\":\"https:\/\/all-car-news.com\/de\/#organization\"},\"potentialAction\":[{\"@type\":\"SearchAction\",\"target\":{\"@type\":\"EntryPoint\",\"urlTemplate\":\"https:\/\/all-car-news.com\/de\/?s={search_term_string}\"},\"query-input\":\"required name=search_term_string\"}],\"inLanguage\":\"de\"},{\"@type\":\"Organization\",\"@id\":\"https:\/\/all-car-news.com\/de\/#organization\",\"name\":\"All cars news\",\"url\":\"https:\/\/all-car-news.com\/de\/\",\"logo\":{\"@type\":\"ImageObject\",\"inLanguage\":\"de\",\"@id\":\"https:\/\/all-car-news.com\/de\/#\/schema\/logo\/image\/\",\"url\":\"https:\/\/all-car-news.com\/wp-content\/uploads\/2022\/02\/CMYK-AllCarNews_LANDSCAPE_300px-1.png\",\"contentUrl\":\"https:\/\/all-car-news.com\/wp-content\/uploads\/2022\/02\/CMYK-AllCarNews_LANDSCAPE_300px-1.png\",\"width\":300,\"height\":100,\"caption\":\"All cars news\"},\"image\":{\"@id\":\"https:\/\/all-car-news.com\/de\/#\/schema\/logo\/image\/\"}}]}<\/script>\n<!-- \/ Yoast SEO plugin. -->","yoast_head_json":{"title":"BMW 2er Reihe - All cars news","robots":{"index":"index","follow":"follow","max-snippet":"max-snippet:-1","max-image-preview":"max-image-preview:large","max-video-preview":"max-video-preview:-1"},"canonical":"https:\/\/all-car-news.com\/de\/autofinder\/bmw\/bmw-2er-reihe\/","og_locale":"de_DE","og_type":"article","og_title":"BMW 2er Reihe - All cars news","og_description":"Die Ankunft des BMW 2er Active Tourer im Jahr 2014 l\u00f6ste einen kleinen Kulturschock aus. Eine Fahrermarke wie BMW kommt [&hellip;]","og_url":"https:\/\/all-car-news.com\/de\/autofinder\/bmw\/bmw-2er-reihe\/","og_site_name":"All cars news","article_modified_time":"2022-03-08T09:12:26+00:00","og_image":[{"width":1280,"height":926,"url":"https:\/\/all-car-news.com\/wp-content\/uploads\/2022\/02\/BMW-2-Series-Convertible-1-2-1.jpg","type":"image\/jpeg"}],"twitter_card":"summary_large_image","twitter_misc":{"Gesch\u00e4tzte Lesezeit":"1\u00a0Minute"},"schema":{"@context":"https:\/\/schema.org","@graph":[{"@type":"WebPage","@id":"https:\/\/all-car-news.com\/de\/autofinder\/bmw\/bmw-2er-reihe\/","url":"https:\/\/all-car-news.com\/de\/autofinder\/bmw\/bmw-2er-reihe\/","name":"BMW 2er Reihe - All cars news","isPartOf":{"@id":"https:\/\/all-car-news.com\/de\/#website"},"datePublished":"2022-02-22T10:23:46+00:00","dateModified":"2022-03-08T09:12:26+00:00","breadcrumb":{"@id":"https:\/\/all-car-news.com\/de\/autofinder\/bmw\/bmw-2er-reihe\/#breadcrumb"},"inLanguage":"de","potentialAction":[{"@type":"ReadAction","target":["https:\/\/all-car-news.com\/de\/autofinder\/bmw\/bmw-2er-reihe\/"]}]},{"@type":"BreadcrumbList","@id":"https:\/\/all-car-news.com\/de\/autofinder\/bmw\/bmw-2er-reihe\/#breadcrumb","itemListElement":[{"@type":"ListItem","position":1,"name":"Home","item":"https:\/\/all-car-news.com\/de\/"},{"@type":"ListItem","position":2,"name":"Autofinder","item":"https:\/\/all-car-news.com\/de\/autofinder\/"},{"@type":"ListItem","position":3,"name":"BMW","item":"https:\/\/all-car-news.com\/de\/autofinder\/bmw\/"},{"@type":"ListItem","position":4,"name":"BMW 2er Reihe"}]},{"@type":"WebSite","@id":"https:\/\/all-car-news.com\/de\/#website","url":"https:\/\/all-car-news.com\/de\/","name":"All cars news","description":"","publisher":{"@id":"https:\/\/all-car-news.com\/de\/#organization"},"potentialAction":[{"@type":"SearchAction","target":{"@type":"EntryPoint","urlTemplate":"https:\/\/all-car-news.com\/de\/?s={search_term_string}"},"query-input":"required name=search_term_string"}],"inLanguage":"de"},{"@type":"Organization","@id":"https:\/\/all-car-news.com\/de\/#organization","name":"All cars news","url":"https:\/\/all-car-news.com\/de\/","logo":{"@type":"ImageObject","inLanguage":"de","@id":"https:\/\/all-car-news.com\/de\/#\/schema\/logo\/image\/","url":"https:\/\/all-car-news.com\/wp-content\/uploads\/2022\/02\/CMYK-AllCarNews_LANDSCAPE_300px-1.png","contentUrl":"https:\/\/all-car-news.com\/wp-content\/uploads\/2022\/02\/CMYK-AllCarNews_LANDSCAPE_300px-1.png","width":300,"height":100,"caption":"All cars news"},"image":{"@id":"https:\/\/all-car-news.com\/de\/#\/schema\/logo\/image\/"}}]}},"_links":{"self":[{"href":"https:\/\/all-car-news.com\/de\/wp-json\/wp\/v2\/pages\/116578","targetHints":{"allow":["GET"]}}],"collection":[{"href":"https:\/\/all-car-news.com\/de\/wp-json\/wp\/v2\/pages"}],"about":[{"href":"https:\/\/all-car-news.com\/de\/wp-json\/wp\/v2\/types\/page"}],"author":[{"embeddable":true,"href":"https:\/\/all-car-news.com\/de\/wp-json\/wp\/v2\/users\/4"}],"replies":[{"embeddable":true,"href":"https:\/\/all-car-news.com\/de\/wp-json\/wp\/v2\/comments?post=116578"}],"version-history":[{"count":0,"href":"https:\/\/all-car-news.com\/de\/wp-json\/wp\/v2\/pages\/116578\/revisions"}],"up":[{"embeddable":true,"href":"https:\/\/all-car-news.com\/de\/wp-json\/wp\/v2\/pages\/116520"}],"wp:featuredmedia":[{"embeddable":true,"href":"https:\/\/all-car-news.com\/de\/wp-json\/wp\/v2\/media\/116663"}],"wp:attachment":[{"href":"https:\/\/all-car-news.com\/de\/wp-json\/wp\/v2\/media?parent=116578"}],"curies":[{"name":"wp","href":"https:\/\/api.w.org\/{rel}","templated":true}]}}